{"id":2253,"date":"2024-05-14T17:22:37","date_gmt":"2024-05-14T15:22:37","guid":{"rendered":"https:\/\/trackboxx.com\/?page_id=2253"},"modified":"2024-07-22T15:10:13","modified_gmt":"2024-07-22T13:10:13","slug":"terms-and-conditions","status":"publish","type":"page","link":"https:\/\/trackboxx.com\/en\/nutzungsbedingungen\/","title":{"rendered":"Terms of use"},"content":{"rendered":"<div data-elementor-type=\"wp-page\" data-elementor-id=\"2253\" class=\"elementor elementor-2253\" data-elementor-post-type=\"page\">\n\t\t\t\t<div class=\"elementor-element elementor-element-3db64167 e-flex e-con-boxed e-con e-parent\" data-id=\"3db64167\" data-element_type=\"container\" data-e-type=\"container\">\n\t\t\t\t\t<div class=\"e-con-inner\">\n\t\t\t\t<div class=\"elementor-element elementor-element-42ed90d elementor-widget elementor-widget-text-editor\" data-id=\"42ed90d\" data-element_type=\"widget\" data-e-type=\"widget\" data-widget_type=\"text-editor.default\">\n\t\t\t\t\t\t\t\t\t<p><strong>&gt;&gt;&gt;This translation is for information purposes only. The legally binding version is the German version.&lt;&lt;&lt;<br><br>I. Basic provisions<\/strong><\/p><p class=\"translation-block\">For legal transactions and legal acts with Trackboxx, Christian Pust, Dorfstr. 12, 22956 Gr\u00f6nwohld (hereinafter referred to as \"Host\") the following General Terms and Conditions of Business apply. Any terms and conditions of the hirer deviating from these terms and conditions shall not apply. Counter-confirmations of the hirer with reference to his own terms and conditions are expressly contradicted. Deviations from these terms and conditions require written confirmation by the host.\nThe offer for renting is directed exclusively to businesses. No contracts are agreed upon with consumers.<\/p><p><strong>Our service is exclusively aimed at entrepreneurs. We do not conduct business with consumers.<\/strong><\/p><p><strong><br \/>II. Conclusion of contract, customer account<\/strong><\/p><p>Contract language is German or English. The complete text of the contract will not be saved by the host. Before sending the order via the online shopping cart system, the contract data can be printed or electronically saved using the print function of the browser. After receipt of the order by the host, the order data, these General Terms and Conditions will be sent to the customer again by e-mail.<\/p><p>With offer of inquiry, which are conveyed e.g. to the landlord, the customer receives all contract data in the context of a binding offer by email, which the customer can print out or electronically save.<\/p><p>The rental offer of the host on the Internet does not represent a binding offer to enter into a rental agreement. Rather, it is to be understood as an invitation to submit a rental offer.<\/p><p>You can submit your rental offer in the following ways: via the online store system of the host.<\/p><p>By sending the order you submit a binding rental offer to the host. If you then receive an automatic e-mail about the receipt of your order, this is not an acceptance of the offer and does not lead to the completion of the contract.<\/p><p>The conclusion of the contract is then effected by a personal confirmation from the host. This can also be in an implied acceptance, such as the activation of the rental software.<\/p><p class=\"translation-block\">If you do not receive a personal confirmation within 7 working days, you are no longer bound to your offer. Any services already rendered will be refunded immediately in this case.\nFurther information on data protection can be found here:\u00a0<a href=\"https:\/\/trackboxx.com\/en\/privacy-policy\/\" target=\"_blank\" rel=\"noopener\">Privacy Policy.<\/a>.<\/p><p>In order to use the software, it is also required to create a customer account.<\/p><p><strong><br \/>III. Prices, termination<\/strong><\/p><p>The prices listed in the offers are net prices.<\/p><p>The contract terms automatically renew for the chosen duration (monthly or annually) and can be canceled at any time before the end of the contract term.<\/p><p>If the customer exceeds the pageviews agreed in his package as follows:<\/p><ol><li>More than 50% in one month, or<\/li><li>in 2 consecutive months between 1 and 50%, or<\/li><li>in 3 out of 5 months between 1 and 50%<\/li><\/ol><p>then the host will offer him an upgrade to a correspondingly appropriately larger package. If the hirer refuses the upgrade, the host shall have a special right of termination with 14 days' notice.<\/p><p>The host also has a regular right of termination with a notice period of 3 months.<\/p><p>The possibility of termination without notice for good cause remains unaffected by the above regulations.<\/p><p>The \"free\" tariff is generally limited to one account per address. The operator is obliged to deactivate additional accounts here.<\/p><p>Furthermore, the \"free\" tariff applies exclusively to \"non-commercial\" use.<\/p><p><strong>IV. Terms of payment<\/strong><\/p><p class=\"translation-block\">All payment terms can be viewed in advance by clicking:\u00a0<a href=\"https:\/\/app.trackboxx.com\/account\/registration\" target=\"_blank\" rel=\"noopener\">Prices<\/a>\u00a0here.<\/p><p>Invoices are due for payment immediately.<\/p><p><strong>V. Availability<\/strong><\/p><p>The host guarantees an availability of the rented software of 98% on annual average.<\/p><p>The availability of 98% does not include \"Free\" tariffs.<\/p><p><strong>VI. Liability<\/strong><\/p><p class=\"translation-block\">The host is only liable in the case of gross negligence and intent. Not to be classified as gross negligence are damages caused by computer breakdowns and transmission disturbances with e-mail dispatch or by computer viruses. The hirer shall take precautions against this by using suitable anti-virus software.\nLiability in the case of slight negligence shall apply exclusively in the event of breach of primary obligations. In this case, the host\u00b4s obligation to pay damages shall be limited to 5,000.00 Euro unless a higher amount is agreed separately and in writing.<\/p><p><strong>VIII. Place of fulfillment and jurisdiction<\/strong><\/p><p class=\"translation-block\">UN Sales Law is not applicable, and only German law is binding.\nPlace of fulfillment for all services and place of jurisdiction is the registered office of the host.<\/p><p class=\"translation-block\">These terms and conditions have been created by Christopher Becker .<\/p>\t\t\t\t\t\t\t\t<\/div>\n\t\t\t\t<div class=\"elementor-element elementor-element-b5e9aef elementor-position-inline-start elementor-widget__width-initial elementor-view-default elementor-mobile-position-block-start elementor-widget elementor-widget-icon-box\" data-id=\"b5e9aef\" data-element_type=\"widget\" data-e-type=\"widget\" data-widget_type=\"icon-box.default\">\n\t\t\t\t\t\t\t<div class=\"elementor-icon-box-wrapper\">\n\n\t\t\t\t\t\t<div class=\"elementor-icon-box-icon\">\n\t\t\t\t<span  class=\"elementor-icon\">\n\t\t\t\t<svg aria-hidden=\"true\" class=\"e-font-icon-svg e-fas-info-circle\" viewbox=\"0 0 512 512\" xmlns=\"http:\/\/www.w3.org\/2000\/svg\"><path d=\"M256 8C119.043 8 8 119.083 8 256c0 136.997 111.043 248 248 248s248-111.003 248-248C504 119.083 392.957 8 256 8zm0 110c23.196 0 42 18.804 42 42s-18.804 42-42 42-42-18.804-42-42 18.804-42 42-42zm56 254c0 6.627-5.373 12-12 12h-88c-6.627 0-12-5.373-12-12v-24c0-6.627 5.373-12 12-12h12v-64h-12c-6.627 0-12-5.373-12-12v-24c0-6.627 5.373-12 12-12h64c6.627 0 12 5.373 12 12v100h12c6.627 0 12 5.373 12 12v24z\"><\/path><\/svg>\t\t\t\t<\/span>\n\t\t\t<\/div>\n\t\t\t\n\t\t\t\t\t\t<div class=\"elementor-icon-box-content\">\n\n\t\t\t\t\n\t\t\t\t\t\t\t\t\t<p class=\"elementor-icon-box-description translation-block\">You can find more information in our <a href=\"\/en\/help-centre\/en\/\" target=\"_self\">Helpcenter.<\/a><\/p>\n\t\t\t\t\n\t\t\t<\/div>\n\t\t\t\n\t\t<\/div>\n\t\t\t\t\t\t<\/div>\n\t\t\t\t\t<\/div>\n\t\t\t\t<\/div>\n\t\t\t\t<\/div>","protected":false},"excerpt":{"rendered":"<p>I. Grundlegende Bestimmungen F\u00fcr Rechtsgesch\u00e4fte und rechtsgesch\u00e4ftliche Handlungen mit Trackboxx, Christian Pust, Dorfstr. 12, 22956 Gr\u00f6nwohld (im Folgenden \u201eVermieter\u201c genannt) gelten die nachfolgenden Allgemeinen Gesch\u00e4ftsbedingungen. Von diesen Bedingungen abweichende Gesch\u00e4ftsbedingungen des Mieters finden keine Anwendung. Gegenbest\u00e4tigungen des Mieters unter Hinweis auf seine eigenen Gesch\u00e4ftsbedingungen wird ausdr\u00fccklich widersprochen. Abweichungen hiervon bed\u00fcrfen der schriftlichen Best\u00e4tigung durch den [&hellip;]<\/p>\n","protected":false},"author":1,"featured_media":0,"parent":0,"menu_order":0,"comment_status":"closed","ping_status":"closed","template":"","meta":{"_acf_changed":false,"footnotes":""},"class_list":["post-2253","page","type-page","status-publish","hentry"],"acf":[],"_links":{"self":[{"href":"https:\/\/trackboxx.com\/en\/wp-json\/wp\/v2\/pages\/2253","targetHints":{"allow":["GET"]}}],"collection":[{"href":"https:\/\/trackboxx.com\/en\/wp-json\/wp\/v2\/pages"}],"about":[{"href":"https:\/\/trackboxx.com\/en\/wp-json\/wp\/v2\/types\/page"}],"author":[{"embeddable":true,"href":"https:\/\/trackboxx.com\/en\/wp-json\/wp\/v2\/users\/1"}],"replies":[{"embeddable":true,"href":"https:\/\/trackboxx.com\/en\/wp-json\/wp\/v2\/comments?post=2253"}],"version-history":[{"count":0,"href":"https:\/\/trackboxx.com\/en\/wp-json\/wp\/v2\/pages\/2253\/revisions"}],"wp:attachment":[{"href":"https:\/\/trackboxx.com\/en\/wp-json\/wp\/v2\/media?parent=2253"}],"curies":[{"name":"wp","href":"https:\/\/api.w.org\/{rel}","templated":true}]}}