{"id":2253,"date":"2024-05-14T17:22:37","date_gmt":"2024-05-14T15:22:37","guid":{"rendered":"https:\/\/trackboxx.com\/?page_id=2253"},"modified":"2024-07-22T15:10:13","modified_gmt":"2024-07-22T13:10:13","slug":"condiciones-de-uso","status":"publish","type":"page","link":"https:\/\/trackboxx.com\/es\/nutzungsbedingungen\/","title":{"rendered":"Condiciones de uso"},"content":{"rendered":"<div data-elementor-type=\"wp-page\" data-elementor-id=\"2253\" class=\"elementor elementor-2253\" data-elementor-post-type=\"page\">\n\t\t\t\t<div class=\"elementor-element elementor-element-3db64167 e-flex e-con-boxed e-con e-parent\" data-id=\"3db64167\" data-element_type=\"container\" data-e-type=\"container\">\n\t\t\t\t\t<div class=\"e-con-inner\">\n\t\t\t\t<div class=\"elementor-element elementor-element-42ed90d elementor-widget elementor-widget-text-editor\" data-id=\"42ed90d\" data-element_type=\"widget\" data-e-type=\"widget\" data-widget_type=\"text-editor.default\">\n\t\t\t\t\t\t\t\t\t<p><strong>I. Disposiciones b\u00e1sicas<\/strong><\/p><p class=\"translation-block\">Los siguientes T\u00e9rminos y Condiciones Generales se aplican a las transacciones legales y actos jur\u00eddicos con Trackboxx, Christian Pust, Dorfstr. 12, 22956 Gr\u00f6nwohld (en lo sucesivo, el \"Arrendador\"). No se aplicar\u00e1n las condiciones del arrendatario que difieran de las presentes condiciones. Se rechazan expresamente las reconfirmaciones del Arrendatario con referencia a sus propias condiciones. Las desviaciones de las mismas requieren la confirmaci\u00f3n por escrito del arrendador.<br>La oferta de alquiler est\u00e1 dirigida exclusivamente a empresarios. No se celebran contratos con consumidores.<\/p><p><strong>Nuestro servicio est\u00e1 dirigido exclusivamente a empresarios. No hacemos negocios con consumidores.<\/strong><\/p><p><strong><br \/>II Celebraci\u00f3n del contrato, cuenta del cliente<\/strong><\/p><p>El idioma del contrato es el alem\u00e1n. El arrendador no almacena el texto completo del contrato. Antes de enviar el pedido a trav\u00e9s del sistema de cesta de la compra online, los datos contractuales pueden imprimirse mediante la funci\u00f3n de impresi\u00f3n del navegador o guardarse electr\u00f3nicamente. Tras la recepci\u00f3n del pedido por parte de la arrendadora, los datos del pedido y las presentes Condiciones Generales se enviar\u00e1n de nuevo al cliente por correo electr\u00f3nico.<\/p><p>En el caso de las solicitudes de presupuesto que se env\u00edan al arrendador, por ejemplo, el cliente recibe por correo electr\u00f3nico todos los datos contractuales como parte de una oferta vinculante, que puede imprimir o guardar electr\u00f3nicamente\".<\/p><p>La oferta de alquiler del arrendador en Internet no constituye una oferta vinculante para celebrar un contrato de alquiler. Debe entenderse m\u00e1s bien como una invitaci\u00f3n a presentar una oferta de alquiler.<\/p><p>Puede presentar su oferta de alquiler de las siguientes maneras: a trav\u00e9s del sistema de tienda en l\u00ednea del propietario.<\/p><p>Al enviar el pedido, usted presenta una oferta de alquiler vinculante a la empresa de alquiler. Si a continuaci\u00f3n recibe un correo electr\u00f3nico autom\u00e1tico confirmando la recepci\u00f3n de su pedido, esto no constituye la aceptaci\u00f3n de la oferta y no da lugar a la celebraci\u00f3n de un contrato.<\/p><p>El contrato se perfecciona con una confirmaci\u00f3n personal del arrendador. Tambi\u00e9n puede adoptar la forma de una declaraci\u00f3n impl\u00edcita, como la activaci\u00f3n del programa inform\u00e1tico de alquiler.<\/p><p class=\"translation-block\">Si no recibe una confirmaci\u00f3n personal en un plazo de 7 d\u00edas laborables, dejar\u00e1 de estar vinculado por su oferta. En este caso, se le reembolsar\u00e1n inmediatamente los servicios ya prestados.<br>Puede encontrar m\u00e1s informaci\u00f3n sobre la protecci\u00f3n de datos aqu\u00ed: <a href=\"https:\/\/trackboxx.com\/es\/datenschutzerklaerung\/\" target=\"_blank\" rel=\"noopener\">Pol\u00edtica de privacidad<\/a>.<\/p><p>Tambi\u00e9n es obligatorio crear una cuenta de cliente para poder utilizar el programa.<\/p><p><strong><br \/>III Precios, anulaci\u00f3n<\/strong><\/p><p>Los precios indicados en las ofertas son precios netos.<\/p><p>Las condiciones del contrato se prorrogan autom\u00e1ticamente por el plazo seleccionado (mensual o anual) y pueden cancelarse en cualquier momento al finalizar el contrato.<\/p><p>Si el cliente supera las p\u00e1ginas vistas acordadas en su paquete de la siguiente manera:<\/p><ol><li>M\u00e1s de 50% en un mes, o<\/li><li>en 2 meses consecutivos entre 1 y 50%, o<\/li><li>en 3 de cada 5 meses entre 1 y 50%<\/li><\/ol><p>entonces el propietario le ofrecer\u00e1 una mejora a un paquete m\u00e1s amplio. Si el inquilino rechaza la mejora, el propietario tiene un derecho especial de cancelaci\u00f3n con un preaviso de 14 d\u00edas.<\/p><p>El arrendador tambi\u00e9n tiene un derecho de cancelaci\u00f3n regular con un plazo de preaviso de 3 meses.<\/p><p>Las disposiciones anteriores no afectan a la posibilidad de cancelaci\u00f3n sin previo aviso por motivos justificados.<\/p><p>La tarifa \"gratuita\" suele limitarse a una cuenta por direcci\u00f3n. En este caso, el operador est\u00e1 obligado a desactivar las cuentas adicionales.<\/p><p>Adem\u00e1s, la tarifa \"gratuita\" se aplica exclusivamente al uso \"no comercial\".<\/p><p><strong>IV. Condiciones de pago<\/strong><\/p><p class=\"translation-block\">Todas las condiciones de pago pueden consultarse previamente aqu\u00ed: <a href=\"https:\/\/trackboxx.com\/es\/preise\/\" target=\"_blank\" rel=\"noopener\">Precios<\/a>.<\/p><p>Las facturas deben pagarse inmediatamente.<\/p><p><strong>V. Disponibilidad<\/strong><\/p><p>El arrendador garantiza una disponibilidad media anual del software alquilado de 98%.<\/p><p>La disponibilidad del 98% no incluye las tarifas \"Gratuitas\".<\/p><p><strong>VI Responsabilidad<\/strong><\/p><p class=\"translation-block\">El arrendador s\u00f3lo ser\u00e1 responsable en caso de negligencia grave y dolo. Los da\u00f1os causados por fallos inform\u00e1ticos y de transmisi\u00f3n al enviar correos electr\u00f3nicos o por virus inform\u00e1ticos no se clasificar\u00e1n como negligencia grave. El arrendador tomar\u00e1 precauciones contra ello utilizando un software antivirus adecuado.<br>La responsabilidad por negligencia leve s\u00f3lo se aplicar\u00e1 en caso de incumplimiento de obligaciones primarias. En este caso, la obligaci\u00f3n de indemnizaci\u00f3n del arrendador se limita a 5.000,00 euros, salvo que se acuerde por separado y por escrito un importe superior.<\/p><p><strong>VIII Lugar de cumplimiento y jurisdicci\u00f3n<\/strong><\/p><p class=\"translation-block\">Se aplicar\u00e1 la legislaci\u00f3n alemana con exclusi\u00f3n de la Convenci\u00f3n de las Naciones Unidas sobre los Contratos de Compraventa Internacional de Mercader\u00edas.<br>El lugar de cumplimiento para todos los servicios y el lugar de jurisdicci\u00f3n es el domicilio social del arrendador.<\/p><p class=\"translation-block\">Estas condiciones generales han sido creadas por <a href=\"https:\/\/trackboxx.com\/es\/condiciones-de-uso\/http%3a\/\/www.christophbecker.org\/\" target=\"_blank\" rel=\"noopener\">el abogado Christoph Becker<\/a>.<\/p>\t\t\t\t\t\t\t\t<\/div>\n\t\t\t\t<div class=\"elementor-element elementor-element-b5e9aef elementor-position-inline-start elementor-widget__width-initial elementor-view-default elementor-mobile-position-block-start elementor-widget elementor-widget-icon-box\" data-id=\"b5e9aef\" data-element_type=\"widget\" data-e-type=\"widget\" data-widget_type=\"icon-box.default\">\n\t\t\t\t\t\t\t<div class=\"elementor-icon-box-wrapper\">\n\n\t\t\t\t\t\t<div class=\"elementor-icon-box-icon\">\n\t\t\t\t<span  class=\"elementor-icon\">\n\t\t\t\t<svg aria-hidden=\"true\" class=\"e-font-icon-svg e-fas-info-circle\" viewbox=\"0 0 512 512\" xmlns=\"http:\/\/www.w3.org\/2000\/svg\"><path d=\"M256 8C119.043 8 8 119.083 8 256c0 136.997 111.043 248 248 248s248-111.003 248-248C504 119.083 392.957 8 256 8zm0 110c23.196 0 42 18.804 42 42s-18.804 42-42 42-42-18.804-42-42 18.804-42 42-42zm56 254c0 6.627-5.373 12-12 12h-88c-6.627 0-12-5.373-12-12v-24c0-6.627 5.373-12 12-12h12v-64h-12c-6.627 0-12-5.373-12-12v-24c0-6.627 5.373-12 12-12h64c6.627 0 12 5.373 12 12v100h12c6.627 0 12 5.373 12 12v24z\"><\/path><\/svg>\t\t\t\t<\/span>\n\t\t\t<\/div>\n\t\t\t\n\t\t\t\t\t\t<div class=\"elementor-icon-box-content\">\n\n\t\t\t\t\n\t\t\t\t\t\t\t\t\t<p class=\"elementor-icon-box-description translation-block\">Encontrar\u00e1 m\u00e1s informaci\u00f3n en nuestro <a href=\"\/es\/centro-de-ayuda\/\" target=\"_self\">centro de ayuda.<\/a>.<\/p>\n\t\t\t\t\n\t\t\t<\/div>\n\t\t\t\n\t\t<\/div>\n\t\t\t\t\t\t<\/div>\n\t\t\t\t\t<\/div>\n\t\t\t\t<\/div>\n\t\t\t\t<\/div>","protected":false},"excerpt":{"rendered":"<p>I. Grundlegende Bestimmungen F\u00fcr Rechtsgesch\u00e4fte und rechtsgesch\u00e4ftliche Handlungen mit Trackboxx, Christian Pust, Dorfstr. 12, 22956 Gr\u00f6nwohld (im Folgenden \u201eVermieter\u201c genannt) gelten die nachfolgenden Allgemeinen Gesch\u00e4ftsbedingungen. Von diesen Bedingungen abweichende Gesch\u00e4ftsbedingungen des Mieters finden keine Anwendung. Gegenbest\u00e4tigungen des Mieters unter Hinweis auf seine eigenen Gesch\u00e4ftsbedingungen wird ausdr\u00fccklich widersprochen. Abweichungen hiervon bed\u00fcrfen der schriftlichen Best\u00e4tigung durch den [&hellip;]<\/p>\n","protected":false},"author":1,"featured_media":0,"parent":0,"menu_order":0,"comment_status":"closed","ping_status":"closed","template":"","meta":{"_acf_changed":false,"footnotes":""},"class_list":["post-2253","page","type-page","status-publish","hentry"],"acf":[],"_links":{"self":[{"href":"https:\/\/trackboxx.com\/es\/wp-json\/wp\/v2\/pages\/2253","targetHints":{"allow":["GET"]}}],"collection":[{"href":"https:\/\/trackboxx.com\/es\/wp-json\/wp\/v2\/pages"}],"about":[{"href":"https:\/\/trackboxx.com\/es\/wp-json\/wp\/v2\/types\/page"}],"author":[{"embeddable":true,"href":"https:\/\/trackboxx.com\/es\/wp-json\/wp\/v2\/users\/1"}],"replies":[{"embeddable":true,"href":"https:\/\/trackboxx.com\/es\/wp-json\/wp\/v2\/comments?post=2253"}],"version-history":[{"count":0,"href":"https:\/\/trackboxx.com\/es\/wp-json\/wp\/v2\/pages\/2253\/revisions"}],"wp:attachment":[{"href":"https:\/\/trackboxx.com\/es\/wp-json\/wp\/v2\/media?parent=2253"}],"curies":[{"name":"wp","href":"https:\/\/api.w.org\/{rel}","templated":true}]}}