{"id":3,"date":"2023-12-23T20:29:44","date_gmt":"2023-12-23T19:29:44","guid":{"rendered":"https:\/\/trackboxx.com\/?page_id=3"},"modified":"2025-06-19T13:29:52","modified_gmt":"2025-06-19T11:29:52","slug":"proteccion-de-datos","status":"publish","type":"page","link":"https:\/\/trackboxx.com\/es\/datenschutz\/","title":{"rendered":"Pol\u00edtica de privacidad"},"content":{"rendered":"<div data-elementor-type=\"wp-page\" data-elementor-id=\"3\" class=\"elementor elementor-3\" data-elementor-post-type=\"page\">\n\t\t\t\t<div class=\"elementor-element elementor-element-65d88da6 e-flex e-con-boxed e-con e-parent\" data-id=\"65d88da6\" data-element_type=\"container\" data-e-type=\"container\">\n\t\t\t\t\t<div class=\"e-con-inner\">\n\t\t\t\t<div class=\"elementor-element elementor-element-271eb181 elementor-widget elementor-widget-text-editor\" data-id=\"271eb181\" data-element_type=\"widget\" data-e-type=\"widget\" data-widget_type=\"text-editor.default\">\n\t\t\t\t\t\t\t\t\t<h3>La protecci\u00f3n de sus datos es importante para nosotros.<\/h3><p>Gracias por su inter\u00e9s.<\/p><p>La protecci\u00f3n de sus datos personales es muy importante para nosotros.  Si visita nuestro sitio web, desea obtener m\u00e1s informaci\u00f3n o decide comprar nuestros productos, nuestro objetivo es tratar sus datos personales de forma transparente, responsable y confidencial. Hemos tomado medidas t\u00e9cnicas y organizativas para garantizar un tratamiento seguro.<\/p><p>Sin embargo, como medida de precauci\u00f3n, nos gustar\u00eda se\u00f1alar que cualquier transmisi\u00f3n de datos a trav\u00e9s de Internet (por ejemplo, cuando se comunica por correo electr\u00f3nico) puede tener lagunas de seguridad. No es posible una protecci\u00f3n completa de los datos contra el acceso de terceros.<\/p><h3>\u00bfQui\u00e9n es responsable del tratamiento?<\/h3><p>El responsable del tratamiento en el sentido del RGPD es<\/p><p>Trackboxx<br \/>Christian Pust<br \/>Dorfstr. 12<br \/>22956 Gr\u00f6nwohld<br \/>+49 (0) 4154 - 70 96 573<br \/><a href=\"mailto:info@trackboxx.com\">info@trackboxx.com<\/a><\/p><p>Aqu\u00ed estamos a su disposici\u00f3n para responder a todas sus preguntas sobre protecci\u00f3n de datos.<\/p><h3>Recogida de datos en nuestro sitio web<\/h3><p><strong>Archivos de registro del servidor<\/strong><\/p><p>Cuando visita nuestro sitio web, su navegador transmite autom\u00e1ticamente los denominados archivos de registro del servidor. Estos archivos de registro son recogidos y almacenados autom\u00e1ticamente por el proveedor del sitio web. Se trata de los siguientes datos:<\/p><ul><li>Direcci\u00f3n IP<\/li><li>Fecha y hora de la consulta<\/li><li>Diferencia horaria con el meridiano de Greenwich (GMT)<\/li><li>Contenido de la solicitud (p\u00e1gina espec\u00edfica)<\/li><li>Estado de acceso\/c\u00f3digo de estado http<\/li><li>Cantidad de datos transferidos en cada caso<\/li><li>Sitio web del que procede la solicitud<\/li><li>Navegador<\/li><li>Sistema operativo y su interfaz<\/li><li>Idioma y versi\u00f3n del navegador<\/li><\/ul><p>Estos datos no se fusionan con otras fuentes de datos.<\/p><p>La base para esta recopilaci\u00f3n de datos es el art. 6, apdo. 1, letra f, del GDPR. Como operador del sitio web, tenemos un inter\u00e9s leg\u00edtimo en la presentaci\u00f3n t\u00e9cnicamente libre de errores y la optimizaci\u00f3n de nuestro sitio web.<\/p><p>La informaci\u00f3n del archivo de registro se almacena durante un m\u00e1ximo de 7 d\u00edas por motivos de seguridad (por ejemplo, para investigar usos indebidos o fraudes) y despu\u00e9s se elimina.<\/p><p><strong>Cookies<\/strong><\/p><p>En nuestro sitio web utilizamos una cookie t\u00e9cnicamente necesaria que se instala cuando usted abre una cuenta con nosotros. Se trata de la denominada \"cookie de sesi\u00f3n\", que se elimina autom\u00e1ticamente en cuanto abandona nuestro sitio web.<\/p><p>En principio, los navegadores pueden configurarse para que usted pueda<\/p><ul><li>informados sobre la instalaci\u00f3n de cookies y s\u00f3lo permiten cookies en casos individuales,<\/li><li>excluir la aceptaci\u00f3n de cookies para determinados casos o en general, y<\/li><li>activar la eliminaci\u00f3n autom\u00e1tica de las cookies al cerrar el navegador.<\/li><\/ul><p>Si en general se desactivan las cookies, la funcionalidad de este sitio web puede verse restringida.<\/p><p><strong>\u00a0<\/strong><\/p><p><strong>Cifrado SSL o TLS<\/strong><\/p><p>Nuestro sitio web est\u00e1 cifrado con SSL\/TLS, de modo que los datos que nos transmita a trav\u00e9s de \u00e9l no puedan ser le\u00eddos por terceros. Puede reconocerlo por el hecho de que la l\u00ednea de direcci\u00f3n del navegador cambia de \"http:\/\/\" a \"https:\/\/\" y por el s\u00edmbolo del candado en la l\u00ednea del navegador.<\/p><p><strong>\u00a0<\/strong><\/p><p><strong>Formulario de contacto<\/strong><\/p><p>Si se pone en contacto con nosotros a trav\u00e9s del formulario de contacto, almacenaremos la informaci\u00f3n del formulario de consulta, incluidos los datos de contacto facilitados en el mismo, con el fin de procesar la consulta y en caso de preguntas de seguimiento. Por supuesto, no transmitiremos estos datos sin su consentimiento.<\/p><p>Los datos introducidos en el formulario de contacto se procesan sobre la base de nuestro inter\u00e9s leg\u00edtimo (Art. 6, p\u00e1rr. 1, lit. f, GDPR) o para el cumplimiento de medidas precontractuales (Art. 6, p\u00e1rr. 1, lit. b, GDPR).<\/p><p>Los datos permanecer\u00e1n con nosotros hasta que nos pida que los eliminemos, revoque su consentimiento para el almacenamiento o deje de aplicarse el prop\u00f3sito para el que se almacenaron (por ejemplo, despu\u00e9s de que se haya procesado la consulta). Las disposiciones legales obligatorias, en particular los plazos legales de conservaci\u00f3n, no se ver\u00e1n afectadas.<\/p><p><strong>Funci\u00f3n de comentario<\/strong><\/p><p>Si utiliza la funci\u00f3n de comentarios de nuestro sitio web, se guardar\u00e1n su direcci\u00f3n IP, la hora a la que cre\u00f3 el comentario y el nombre de usuario que seleccion\u00f3. La base para este tratamiento es nuestro inter\u00e9s leg\u00edtimo (art. 6, p\u00e1rr. 1, lit. f, GDPR). El almacenamiento sirve a nuestra seguridad, ya que podemos ser procesados por contenidos ilegales en nuestro sitio web, aunque hayan sido creados por los usuarios.<\/p><p>Los datos se borrar\u00e1n en cuanto hayamos le\u00eddo los comentarios. Esto suele ocurrir en unas pocas horas.<\/p><p><strong>Plugins y herramientas<\/strong><\/p><p>Por supuesto, en nuestro sitio web utilizamos nuestro servicio de an\u00e1lisis web trackboxx. Lo utilizamos para evaluar estad\u00edsticamente el acceso de los visitantes y analizar el uso de nuestro sitio web. Los datos se almacenan de forma an\u00f3nima en un servidor en Alemania para este fin y est\u00e1n sujetos a las disposiciones del GDPR.<\/p><p>No utilizamos cookies ni almacenamos datos personales. En su lugar, su direcci\u00f3n IP se utiliza para generar un c\u00f3digo que luego se asigna a un identificador de usuario an\u00f3nimo mientras permanezca en nuestro sitio web. Estos datos no pueden asignarse a una persona concreta y se codifican con un c\u00f3digo que cambia a diario. Por tanto, no es posible \"reconocerle\" cuando vuelva a visitar nuestro sitio web.<\/p><p>No hay rastreo entre sitios, vinculaci\u00f3n de datos con otras fuentes ni env\u00edo de informaci\u00f3n a terceros.<\/p><p>La base jur\u00eddica para el tratamiento es el art\u00edculo 6, apartado 1, letra f, del GDPR. Nuestro inter\u00e9s leg\u00edtimo reside en el dise\u00f1o basado en las necesidades y la optimizaci\u00f3n de nuestro sitio web.<\/p>\t\t\t\t\t\t\t\t<\/div>\n\t\t\t\t<div class=\"elementor-element elementor-element-f86e7b5 elementor-widget elementor-widget-text-editor\" data-id=\"f86e7b5\" data-element_type=\"widget\" data-e-type=\"widget\" data-widget_type=\"text-editor.default\">\n\t\t\t\t\t\t\t\t\t<h3>Utilizaci\u00f3n de un proveedor de servicios de pago para procesar las compras<\/h3><p>Una vez que te hayas decidido por un paquete trackboxx, el sistema te guiar\u00e1 a trav\u00e9s del proceso de pedido y pago.<\/p><p>Utilizamos el proveedor de servicios de pago Paddle para procesar los pagos de su pedido. La empresa operadora es Paddle.com Market Ltd, 70 Wilson St, Finsbury, Londres EC2A 2DB, Reino Unido.<\/p><p>Paddle act\u00faa como vendedor en nombre de Trackboxx y act\u00faa como controlador en el sentido del GDPR y act\u00faa como su socio contractual directo (comerciante de registro).<\/p><p>Toda la informaci\u00f3n relevante para el procesamiento del pago es almacenada directamente por Paddle.com con el fin de garantizar el correcto procesamiento del pago. Nosotros no tenemos acceso a estos datos.<\/p><p>La base jur\u00eddica es el art\u00edculo 6, apartado 1, letra b), del RGPD: El tratamiento de datos es necesario para el cumplimiento de un contrato o para la aplicaci\u00f3n de medidas precontractuales.<\/p><p>Se le redirigir\u00e1 al iFrame de Paddle.com durante el proceso de pedido para que introduzca sus datos de pago. Antes de esto, Paddle no recopila ning\u00fan dato.<\/p><p class=\"translation-block\">Puede encontrar informaci\u00f3n detallada sobre la protecci\u00f3n de datos en P\u00e1del en <a href=\"https:\/\/paddle.com\/privacy\/\" target=\"_blank\" rel=\"noopener\">https:\/\/paddle.com\/privacy\/<\/a> o en <a href=\"https:\/\/paddle.com\/privacy-buyers\/\" target=\"_blank\" rel=\"noopener\">https:\/\/paddle.com\/privacy-buyers\/<\/a>.<\/p><h3>Uso de CDN al utilizar Trackboxx en su propio sitio web<\/h3><p class=\"translation-block\">Utilizamos BunnyCDN para entregar el script de seguimiento Trackboxx. BunnyCDN no recopila, almacena ni distribuye ninguna informaci\u00f3n que pueda utilizarse de alg\u00fan modo para identificar a un usuario o contener su informaci\u00f3n personal. Para obtener m\u00e1s informaci\u00f3n sobre c\u00f3mo BunnyCDN maneja los datos, visite el sitio web de BunnyCDN en <a href=\"https:\/\/bunnycdn.com\/gdpr\" target=\"_blank\" rel=\"noopener\">https:\/\/bunnycdn.com\/gdpr<\/a> y <a href=\"https:\/\/bunnycdn.com\/privacy\" target=\"_blank\" rel=\"noopener\">https:\/\/bunnycdn.com\/privacy<\/a>.<\/p><h3>Por qu\u00e9 necesitamos sus datos y qu\u00e9 hacemos con ellos<\/h3><p>Si se pone en contacto con nosotros por correo electr\u00f3nico, tel\u00e9fono, correo postal o fax, la consulta, incluidos todos los datos personales (nombre, n\u00famero de tel\u00e9fono, direcci\u00f3n de correo electr\u00f3nico, etc.), se almacenar\u00e1 y procesar\u00e1 con el fin de tramitar su solicitud.<\/p><p>Los datos transmitidos se suprimir\u00e1n o se limitar\u00e1 su tratamiento tras la tramitaci\u00f3n de la consulta (art. 17 y 18 del RGPD), siempre que la supresi\u00f3n no entre en conflicto con ninguna obligaci\u00f3n legal de conservaci\u00f3n (por ejemplo, en caso de celebraci\u00f3n posterior de un contrato).<\/p><p>Revisamos peri\u00f3dicamente la necesidad de suprimir datos.<\/p><p><strong>Tramitaci\u00f3n de contratos<\/strong><\/p><p>Los datos (nombre, n\u00famero de tel\u00e9fono, direcci\u00f3n de correo electr\u00f3nico, etc.) que facilite para utilizar nuestros productos y servicios est\u00e1n sujetos a los periodos de conservaci\u00f3n legales y se eliminar\u00e1n una vez transcurridos.<\/p><p><strong>\u00a0<\/strong><\/p><p><strong>Finalidad del tratamiento<\/strong><\/p><ul><li>Tramitaci\u00f3n de consultas<\/li><li>Prestaci\u00f3n de servicios contractuales<\/li><li>Soporte de productos\/sistemas<\/li><li>Informaci\u00f3n sobre productos y servicios<\/li><\/ul><p><strong>Base jur\u00eddica<\/strong><\/p><p>Sus datos se procesan sobre la base del Reglamento General de Protecci\u00f3n de Datos (GDPR) y las regulaciones nacionales de la Ley Federal de Protecci\u00f3n de Datos. Las siguientes bases jur\u00eddicas del GDPR son relevantes para nosotros:<\/p><ul><li><strong>6, p\u00e1rrafo 1, letra b)<\/strong><\/li><\/ul><p>Para el cumplimiento de un contrato o para la aplicaci\u00f3n de medidas precontractuales.<\/p><ul><li><strong>6, p\u00e1rrafo 1, letra c)<\/strong><\/li><\/ul><p>Para cumplir una obligaci\u00f3n legal.<\/p><ul><li><strong>6, p\u00e1rrafo 1, letra f)<\/strong><\/li><\/ul><p>Para proteger nuestros intereses leg\u00edtimos. Tenemos un inter\u00e9s leg\u00edtimo en ofrecer nuestros bienes y servicios y prestar el mejor servicio posible.<\/p><p>Para otras posibles operaciones de tratamiento para las que no existe base jur\u00eddica (por ejemplo, una relaci\u00f3n contractual existente), generalmente obtenemos su consentimiento de conformidad con el Art. 6, p\u00e1rrafo 1, lit. a, GDPR.<\/p><h3>\u00bfQu\u00e9 derechos tiene en relaci\u00f3n con sus datos?<\/h3><p class=\"translation-block\">Tiene derecho a recibir <strong>informaci\u00f3n<\/strong> gratuita sobre el origen, destinatario y finalidad de sus datos personales almacenados.<\/p><p class=\"translation-block\">Tambi\u00e9n puede solicitar la <strong>correcci\u00f3n<\/strong>, el <strong>bloqueo<\/strong> o la <strong>eliminaci\u00f3n<\/strong> de sus datos y, en determinadas circunstancias, la <strong>restricci\u00f3n del tratamiento<\/strong> en cualquier momento. Este es el caso, por ejemplo, si usted impugna la exactitud de sus datos almacenados. Normalmente necesitamos tiempo para comprobarlo. Mientras dure la revisi\u00f3n, tiene derecho a solicitar la restricci\u00f3n del tratamiento de sus datos personales.<\/p><p class=\"translation-block\">Si lo solicita, le entregaremos a usted o a un tercero en un formato com\u00fan legible por m\u00e1quina los datos que procesamos autom\u00e1ticamente sobre la base de su consentimiento o en cumplimiento de un contrato. Si solicita la transferencia directa de los datos a otro responsable del tratamiento, solo se har\u00e1 en la medida en que sea t\u00e9cnicamente factible (derecho a la <strong>portabilidad de datos<\/strong>).<\/p><p><strong>Revocaci\u00f3n del consentimiento para el tratamiento de datos<\/strong><\/p><p>Si una operaci\u00f3n de tratamiento de datos se basa en su consentimiento, puede retirarlo en cualquier momento. Basta con que nos env\u00ede un correo electr\u00f3nico informal. La legalidad del tratamiento de datos efectuado hasta la revocaci\u00f3n no se ver\u00e1 afectada por \u00e9sta.<\/p><p><strong>Derecho a oponerse a la recogida de datos en casos especiales y a la mercadotecnia directa (Art. 21 GDPR)<\/strong><\/p><p><em>Si el tratamiento de datos se lleva a cabo sobre la base del art. 6, p\u00e1rr. 1, lit. f, GDPR, usted tiene derecho en cualquier momento, por razones derivadas de su\u00a0<strong>situaci\u00f3n especial<\/strong>\u00a0oponerse al tratamiento de sus datos personales. Esto tambi\u00e9n se aplica a la elaboraci\u00f3n de perfiles basados en estas disposiciones. En\u00a0<strong>Situaci\u00f3n especial<\/strong>\u00a0Podr\u00e1n tenerse en cuenta circunstancias tales como enfermedad, otros golpes del destino, confidencialidad especialmente alta y\/o intereses de protecci\u00f3n de personas con una clasificaci\u00f3n de protecci\u00f3n alta.<\/em><\/p><p><em>Si presenta una objeci\u00f3n, dejaremos de tratar sus datos personales. Salvo que podamos demostrar motivos leg\u00edtimos imperiosos para el tratamiento que prevalezcan sobre sus intereses, derechos y libertades, o que el tratamiento sirva para el reconocimiento, ejercicio o defensa de reclamaciones legales.<\/em><\/p><p class=\"translation-block\"><em>En particular, puede oponerse al tratamiento de datos con fines de <strong>marketing directo<\/strong>. Si se opone, sus datos personales dejar\u00e1n de utilizarse posteriormente para fines de <strong>marketing directo<\/strong>.<\/p><p><strong>Existencia de toma de decisiones automatizada<\/strong><\/p><p>Como empresa responsable, no utilizamos la toma de decisiones automatizada ni la elaboraci\u00f3n de perfiles.<\/p><p><strong>Derecho a presentar una reclamaci\u00f3n ante la autoridad de control competente<\/strong><\/p><p>En caso de infracci\u00f3n del RGPD, tiene derecho a presentar una reclamaci\u00f3n ante una autoridad de control. El derecho a presentar una reclamaci\u00f3n se entiende sin perjuicio de cualquier otro recurso administrativo o judicial. Puede encontrar una lista de los responsables de la protecci\u00f3n de datos y sus datos de contacto aqu\u00ed\u00a0<a href=\"https:\/\/www.bfdi.bund.de\/DE\/Infothek\/Anschriften_Links\/anschriften_links-node.html\" target=\"_blank\" rel=\"noopener\">aqu\u00ed.<\/a><\/p><p class=\"wp-block-code\"><strong>Pol\u00edtica de privacidad de Userlike<\/strong><\/p><p>Cuando se activa la funci\u00f3n de chat en nuestro sitio web, se procesan datos personales adicionales. Categor\u00edas de datos procesados: datos t\u00e9cnicos de conexi\u00f3n del acceso al servidor (direcci\u00f3n IP, fecha, hora, p\u00e1gina solicitada, informaci\u00f3n del navegador), informaci\u00f3n sobre su consulta y datos de contacto como nombre o direcci\u00f3n de correo electr\u00f3nico. Finalidad del tratamiento: An\u00e1lisis del comportamiento de los usuarios, asistencia a los visitantes del sitio web con preguntas t\u00e9cnicas o relacionadas con el contenido y optimizaci\u00f3n del contenido. Base jur\u00eddica del tratamiento: su consentimiento de conformidad con el art\u00edculo 6 (1) a del GDPR. Se produce una transferencia de datos: al procesador Userlike UG, Probsteigasse 44-46, 50670 Colonia, Alemania.<\/p><p><strong>Finalidad del tratamiento de datos<\/strong><\/p><p>Los datos recogidos se utilizan exclusivamente para responder a su consulta. El tratamiento de los datos se basa en su consentimiento, de conformidad con el art\u00edculo 6, apartado 1, letra a) del RGPD, y en nuestro inter\u00e9s leg\u00edtimo, de conformidad con el art\u00edculo 6, apartado 1, letra f) del RGPD.<\/p><p><strong>Duraci\u00f3n del almacenamiento de datos<\/strong><\/p><p>Los datos recopilados durante el uso del chatbot se almacenan durante un per\u00edodo m\u00e1ximo de seis meses y luego se eliminan autom\u00e1ticamente, siempre que no existan obligaciones legales de conservaci\u00f3n o los datos ya no sean necesarios para el prop\u00f3sito original.<\/p><p><strong>Medidas de seguridad<\/strong><\/p><p>Hemos adoptado medidas t\u00e9cnicas y organizativas para garantizar la seguridad de sus datos. Dado que no se han especificado medidas de seguridad concretas, recomendamos mencionar aqu\u00ed medidas espec\u00edficas para generar confianza entre los usuarios.<\/p><p><strong>Derechos de los interesados<\/strong><\/p><p>Usted tiene derecho a recibir informaci\u00f3n sobre los datos personales almacenados por nosotros en cualquier momento. Tambi\u00e9n tiene derecho a la rectificaci\u00f3n, supresi\u00f3n, limitaci\u00f3n del tratamiento y portabilidad de los datos. Puede ponerse en contacto con nosotros en cualquier momento para ejercer estos derechos:<\/p><p class=\"translation-block\"><strong>E-mail:<\/strong> <a rel=\"noreferrer\" target=\"_self\">info@trackboxx.com<\/a><\/p><p>Si tiene alguna pregunta sobre el tratamiento de sus datos personales, tambi\u00e9n puede ponerse en contacto con nosotros en la direcci\u00f3n de correo electr\u00f3nico arriba indicada.<\/p><h3>Programa de socios de Trackboxx<\/h3><p>Trackboxx utiliza los servicios de TradeTracker.com. Su trabajo consiste en ayudar a anunciantes y editores a saber qu\u00e9 anuncios mostrados por los editores han generado qu\u00e9 ventas, clientes potenciales u otras acciones para los anunciantes. Esto permite al anunciante pagar a un soporte s\u00f3lo cuando el anuncio mostrado por el soporte (u otra acci\u00f3n requerida) remite a una persona al anunciante y esa persona realiza una compra. TradeTracker utiliza datos, incluidas cookies, para lograr este objetivo. Estos datos se refieren a personas f\u00edsicas, pero no las identifican por su nombre. Son datos seudonimizados y se refieren a una \u00fanica remisi\u00f3n de una persona de un sitio web a otro y, a continuaci\u00f3n, a la confirmaci\u00f3n de que se ha efectuado una compra.<\/p><p>TradeTracker tambi\u00e9n mantiene una base de datos de referencias a los dispositivos de las personas para que podamos saber si un anuncio visto en un dispositivo, por ejemplo un tel\u00e9fono, ha dado lugar a que esa persona realice una compra en otro de sus dispositivos, por ejemplo un ordenador port\u00e1til. Esta base de datos no permite identificar a las personas por su nombre, lo que no es posible en TradeTracker.<\/p><p>TradeTracker no crea perfiles que muestren el historial de compras de las personas en Internet durante un periodo de tiempo. TradeTracker tampoco se dirige a las personas con anuncios de productos y servicios basados en sus intereses percibidos. Su funci\u00f3n se limita a medir la eficacia de la publicidad espec\u00edfica en l\u00ednea.<\/p><h3>Env\u00edo de boletines y mensajes del sistema a trav\u00e9s de Amazon SES<\/h3><p>Utilizamos \"Amazon Simple Email Service\" del proveedor de servicios t\u00e9cnicos Amazon Web Services, Inc., 410 Terry Avenue North, Seattle WA 98109, EE.UU. (\"Amazon SES\") para gestionar nuestro tr\u00e1fico de correo electr\u00f3nico y enviar nuestro bolet\u00edn.<\/p><p class=\"translation-block\">Amazon SES funciona como plataforma para organizar, enviar y recibir correos electr\u00f3nicos y permite la conexi\u00f3n con diversos proveedores de servicios de correo y clientes de correo. Al enviar boletines de noticias a trav\u00e9s de Amazon SES, los datos del bolet\u00edn de noticias (direcci\u00f3n de correo electr\u00f3nico, posiblemente datos del nombre a efectos de saludo) se transmiten en primer lugar a los servidores de Amazon Web Services y, a continuaci\u00f3n, se reenv\u00edan al cliente de correo real a efectos de env\u00edo. Las ubicaciones de los servidores de Amazon Web Services se encuentran dentro de la UE (Dubl\u00edn, Frankfurt, Par\u00eds, etc.). Sin embargo, en casos concretos, los datos tambi\u00e9n pueden transferirse a Amazon Web Services, Inc. en los EE.UU. <br>La base jur\u00eddica para el tratamiento de datos mediante Amazon SES es nuestro inter\u00e9s leg\u00edtimo en la mejor organizaci\u00f3n t\u00e9cnica posible y la gesti\u00f3n de nuestro tr\u00e1fico de correo electr\u00f3nico y la optimizaci\u00f3n de la provisi\u00f3n de contenido y entregabilidad de conformidad con el Art. 6 p\u00e1rrafo 1 lit. f GDPR.<\/p><p>Puede leer la pol\u00edtica de privacidad de Amazon Web Services, Inc.\u00a0<a href=\"https:\/\/d1.awsstatic.com\/legal\/privacypolicy\/AWS_Privacy_Notice_German_2020-08-15.pdf\" target=\"_blank\" rel=\"noopener\">aqu\u00ed<\/a>\u00a0vista.<\/p><h3>Revelaci\u00f3n de la API de Google para Trackboxx<\/h3><p class=\"translation-block\">El uso de la informaci\u00f3n obtenida por Trackboxx de las API de Google y su divulgaci\u00f3n a otras aplicaciones se realiza de conformidad con la <a href=\"https:\/\/developers.google.com\/terms\/api-services-user-data-policy#additional_requirements_for_specific_api_scopes\" target=\"_blank\" rel=\"noopener\">Pol\u00edtica de datos de usuario de los servicios API de Google<\/a>, incluidos los requisitos de uso restringido.<\/p><h3>Estamos a su disposici\u00f3n<\/h3><p class=\"translation-block\">Tiene alguna pregunta sobre los derechos de los interesados u otros temas relacionados con la protecci\u00f3n de datos? Estamos a su disposici\u00f3n en <a href=\"mailto:info@trackboxx.com\" target=\"_self\">info@trackboxx.com<\/a>.<\/p>\t\t\t\t\t\t\t\t<\/div>\n\t\t\t\t\t<\/div>\n\t\t\t\t<\/div>\n\t\t\t\t<\/div>","protected":false},"excerpt":{"rendered":"<p>Der Schutz deiner Daten ist uns wichtig! Vielen Dank f\u00fcr dein Interesse an uns! Der Schutz deiner pers\u00f6nlichen Daten ist uns sehr wichtig.\u00a0 Wenn du unsere Seite besuchst, dich nur informieren willst oder dich zum Kauf unserer Produkte entschlie\u00dft, ist unser Anspruch, mit deinen personenbezogenen Daten transparent, verantwortungsvoll und vertraulich umzugehen. Wir haben technische und [&hellip;]<\/p>\n","protected":false},"author":1,"featured_media":0,"parent":0,"menu_order":0,"comment_status":"closed","ping_status":"closed","template":"","meta":{"_acf_changed":false,"footnotes":""},"class_list":["post-3","page","type-page","status-publish","hentry"],"acf":[],"_links":{"self":[{"href":"https:\/\/trackboxx.com\/es\/wp-json\/wp\/v2\/pages\/3","targetHints":{"allow":["GET"]}}],"collection":[{"href":"https:\/\/trackboxx.com\/es\/wp-json\/wp\/v2\/pages"}],"about":[{"href":"https:\/\/trackboxx.com\/es\/wp-json\/wp\/v2\/types\/page"}],"author":[{"embeddable":true,"href":"https:\/\/trackboxx.com\/es\/wp-json\/wp\/v2\/users\/1"}],"replies":[{"embeddable":true,"href":"https:\/\/trackboxx.com\/es\/wp-json\/wp\/v2\/comments?post=3"}],"version-history":[{"count":0,"href":"https:\/\/trackboxx.com\/es\/wp-json\/wp\/v2\/pages\/3\/revisions"}],"wp:attachment":[{"href":"https:\/\/trackboxx.com\/es\/wp-json\/wp\/v2\/media?parent=3"}],"curies":[{"name":"wp","href":"https:\/\/api.w.org\/{rel}","templated":true}]}}