{"id":568,"date":"2024-03-29T20:33:29","date_gmt":"2024-03-29T19:33:29","guid":{"rendered":"https:\/\/trackboxx.com\/?page_id=568"},"modified":"2026-02-11T11:44:36","modified_gmt":"2026-02-11T10:44:36","slug":"imprimir","status":"publish","type":"page","link":"https:\/\/trackboxx.com\/es\/impressum\/","title":{"rendered":"Pie de imprenta"},"content":{"rendered":"<div data-elementor-type=\"wp-page\" data-elementor-id=\"568\" class=\"elementor elementor-568\" data-elementor-post-type=\"page\">\n\t\t\t\t<div class=\"elementor-element elementor-element-69d3f6fb e-flex e-con-boxed e-con e-parent\" data-id=\"69d3f6fb\" data-element_type=\"container\" data-e-type=\"container\">\n\t\t\t\t\t<div class=\"e-con-inner\">\n\t\t\t\t<div class=\"elementor-element elementor-element-5f467650 elementor-widget elementor-widget-text-editor\" data-id=\"5f467650\" data-element_type=\"widget\" data-e-type=\"widget\" data-widget_type=\"text-editor.default\">\n\t\t\t\t\t\t\t\t\t\n<p><strong>Trackboxx<\/strong><br \/>Christian Pust<\/p>\n\n<p><em>Sede social:<\/em><br \/>Humboldtstrasse 9<br \/>38820 Halberstadt<\/p>\n\n<p><em>Sucursal<\/em><br \/>Dorfstr. 12<br \/>22956 Gr\u00f6nwohld<\/p>\n\n<p>Tel\u00e9fono: +49 (0) 160 96 49 71 25<br \/>Fax: +49 (0) 322 298 362 30<br \/>E-Mail:\u00a0<a href=\"mailto:info@trackboxx.com\">info@trackboxx.com<\/a><\/p>\n\n<p>Representaci\u00f3n legal: Abogado Christoph Becker<br \/><a href=\"https:\/\/www.christophbecker.org\/\" target=\"_blank\" rel=\"noreferrer noopener\">https:\/\/www.christophbecker.org\/<\/a><\/p>\n\n<p><strong>Resoluci\u00f3n de litigios en materia de consumo \/ \u00a7 36 VSBG (Ley alemana de resoluci\u00f3n de litigios en materia de consumo)<\/strong><br \/>No estamos dispuestos ni obligados a participar en procedimientos de resoluci\u00f3n de litigios ante un organismo de conciliaci\u00f3n de consumidores.<\/p>\n\n<h3 class=\"wp-block-heading\"><strong>Informaci\u00f3n general<\/strong><\/h3>\n\n<p>Como proveedor y prestador de servicios de confianza, nos esforzamos por comportarnos de forma honesta, correcta y conforme a la ley en todo momento. Nuestro sitio web tambi\u00e9n se ha creado teniendo esto en cuenta. Todos los contenidos, explicaciones, enlaces y dem\u00e1s informaci\u00f3n se han recopilado seg\u00fan nuestro leal saber y entender.<\/p>\n\n<p><strong>Responsabilidad por los contenidos<\/strong><\/p>\n\n<p>Este sitio web y su contenido han sido creados por nosotros con el mayor cuidado posible. No obstante, no se garantiza la exactitud, integridad y actualidad de los contenidos.<\/p>\n\n<p>Seg\u00fan el art\u00edculo 7 I de la TMG, somos responsables de nuestros propios contenidos. Sin embargo, no estamos obligados a controlar la informaci\u00f3n de terceros transmitida o almacenada ni a investigar circunstancias que indiquen un comportamiento ilegal o actividades il\u00edcitas. Esto no se aplica a las obligaciones legales expl\u00edcitas de eliminar o bloquear informaci\u00f3n. Sin embargo, no es posible exigir responsabilidades antes de que tengamos conocimiento de una infracci\u00f3n concreta. Si tuvi\u00e9ramos conocimiento de una infracci\u00f3n de este tipo, eliminar\u00edamos inmediatamente el contenido en cuesti\u00f3n.<\/p>\n\n<p><strong>Responsabilidad de los enlaces<\/strong><\/p>\n\n<p>Nuestro sitio web contiene enlaces a sitios web externos de terceros. Naturalmente, no tenemos ninguna influencia sobre su contenido, por lo que no podemos aceptar ninguna responsabilidad por el contenido de estos sitios. El operador o proveedor respectivo de estos sitios es el \u00fanico responsable de su contenido. Al establecer los enlaces, comprobamos todas las p\u00e1ginas correspondientes con el m\u00e1ximo cuidado para detectar posibles infracciones. En el momento de la comprobaci\u00f3n no se encontraron infracciones ni contenidos ilegales. Una obligaci\u00f3n de controlar permanentemente el contenido de estas p\u00e1ginas enlazadas no ser\u00eda razonable sin pruebas concretas de una infracci\u00f3n y, por lo tanto, no puede aplicarse a nosotros. No obstante, si tuvi\u00e9ramos conocimiento de una infracci\u00f3n, eliminar\u00edamos el enlace inmediatamente.<\/p>\n\n<p><strong>Copyright<\/strong><\/p>\n\n<p>Los contenidos y obras creados por nosotros en estas p\u00e1ginas est\u00e1n sujetos a la legislaci\u00f3n alemana sobre derechos de autor. La reproducci\u00f3n, el procesamiento, la distribuci\u00f3n y cualquier tipo de utilizaci\u00f3n fuera de los l\u00edmites de la ley de derechos de autor requieren el consentimiento por escrito del autor o creador correspondiente. El uso de nuestro sitio web o de su contenido con fines comerciales s\u00f3lo es posible con nuestra autorizaci\u00f3n previa. Nos reservamos expresamente el derecho a prohibir determinados usos comerciales. Los contenidos de terceros en este sitio que no hayan sido creados por el operador se utilizan respetando los respectivos derechos de autor y se etiquetan como tales. Si a pesar de ello tuviera conocimiento de una infracci\u00f3n de los derechos de autor, le rogamos que nos lo comunique. Tan pronto como tengamos conocimiento de alguna infracci\u00f3n, tomaremos todas las medidas necesarias para abstenernos inmediata y permanentemente de hacerlo o para garantizar que no se produzcan tales infracciones.<\/p>\n\t\t\t\t\t\t\t\t<\/div>\n\t\t\t\t\t<\/div>\n\t\t\t\t<\/div>\n\t\t\t\t<\/div>","protected":false},"excerpt":{"rendered":"<p>TrackboxxChristian Pust Hauptsitz:Humboldtstra\u00dfe 938820 Halberstadt ZweigstelleDorfstr. 1222956 \u00a0Gr\u00f6nwohld Telefon: +49 (0) 160 96 49 71 25Fax: +49 (0) 322 298 362 30E-Mail:\u00a0info@trackboxx.com Anwaltliche Vertretung: Rechtsanwalt Christoph Beckerhttps:\/\/www.christophbecker.org\/ Verbraucherstreitbeilegung \/ \u00a7 36 VSBGWir sind nicht bereit und nicht verpflichtet, an Streitbeilegungsverfahren vor einer Verbraucherschlichtungsstelle teilzunehmen. Allgemeines Als seri\u00f6ser Anbieter und Dienstleister sind wir bestrebt, uns stets [&hellip;]<\/p>\n","protected":false},"author":1,"featured_media":0,"parent":0,"menu_order":0,"comment_status":"closed","ping_status":"closed","template":"","meta":{"_acf_changed":false,"footnotes":""},"class_list":["post-568","page","type-page","status-publish","hentry"],"acf":[],"_links":{"self":[{"href":"https:\/\/trackboxx.com\/es\/wp-json\/wp\/v2\/pages\/568","targetHints":{"allow":["GET"]}}],"collection":[{"href":"https:\/\/trackboxx.com\/es\/wp-json\/wp\/v2\/pages"}],"about":[{"href":"https:\/\/trackboxx.com\/es\/wp-json\/wp\/v2\/types\/page"}],"author":[{"embeddable":true,"href":"https:\/\/trackboxx.com\/es\/wp-json\/wp\/v2\/users\/1"}],"replies":[{"embeddable":true,"href":"https:\/\/trackboxx.com\/es\/wp-json\/wp\/v2\/comments?post=568"}],"version-history":[{"count":3,"href":"https:\/\/trackboxx.com\/es\/wp-json\/wp\/v2\/pages\/568\/revisions"}],"predecessor-version":[{"id":4854,"href":"https:\/\/trackboxx.com\/es\/wp-json\/wp\/v2\/pages\/568\/revisions\/4854"}],"wp:attachment":[{"href":"https:\/\/trackboxx.com\/es\/wp-json\/wp\/v2\/media?parent=568"}],"curies":[{"name":"wp","href":"https:\/\/api.w.org\/{rel}","templated":true}]}}