{"id":2253,"date":"2024-05-14T17:22:37","date_gmt":"2024-05-14T15:22:37","guid":{"rendered":"https:\/\/trackboxx.com\/?page_id=2253"},"modified":"2024-07-22T15:10:13","modified_gmt":"2024-07-22T13:10:13","slug":"conditions-dutilisation","status":"publish","type":"page","link":"https:\/\/trackboxx.com\/fr\/nutzungsbedingungen\/","title":{"rendered":"Conditions d'utilisation"},"content":{"rendered":"<div data-elementor-type=\"wp-page\" data-elementor-id=\"2253\" class=\"elementor elementor-2253\" data-elementor-post-type=\"page\">\n\t\t\t\t<div class=\"elementor-element elementor-element-3db64167 e-flex e-con-boxed e-con e-parent\" data-id=\"3db64167\" data-element_type=\"container\" data-e-type=\"container\">\n\t\t\t\t\t<div class=\"e-con-inner\">\n\t\t\t\t<div class=\"elementor-element elementor-element-42ed90d elementor-widget elementor-widget-text-editor\" data-id=\"42ed90d\" data-element_type=\"widget\" data-e-type=\"widget\" data-widget_type=\"text-editor.default\">\n\t\t\t\t\t\t\t\t\t<p><strong>I. Dispositions de base<\/strong><\/p><p class=\"translation-block\">Les conditions g\u00e9n\u00e9rales de vente suivantes s'appliquent aux actes juridiques et aux op\u00e9rations juridiques avec Trackboxx, Christian Pust, Dorfstr. 12, 22956 Gr\u00f6nwohld (ci-apr\u00e8s d\u00e9nomm\u00e9 \"le loueur\"). Les conditions g\u00e9n\u00e9rales de vente du locataire d\u00e9rogeant aux pr\u00e9sentes conditions ne sont pas applicables. Les contre-confirmations du locataire faisant r\u00e9f\u00e9rence \u00e0 ses propres conditions g\u00e9n\u00e9rales de vente sont express\u00e9ment rejet\u00e9es. Toute d\u00e9rogation \u00e0 cette r\u00e8gle doit \u00eatre confirm\u00e9e par \u00e9crit par le bailleur.<br>L'offre de location s'adresse exclusivement aux entrepreneurs. Aucun contrat n'est conclu avec des consommateurs.<\/p><p><strong>Notre service s'adresse exclusivement aux entrepreneurs. Nous ne traitons pas avec les consommateurs.<\/strong><\/p><p><strong><br \/>II Conclusion du contrat, compte client<\/strong><\/p><p>La langue du contrat est l'allemand. Le texte int\u00e9gral du contrat n'est pas enregistr\u00e9 par le loueur. Avant d'envoyer la commande via le syst\u00e8me de panier en ligne, les donn\u00e9es contractuelles peuvent \u00eatre imprim\u00e9es ou sauvegard\u00e9es \u00e9lectroniquement via la fonction d'impression du navigateur. Apr\u00e8s r\u00e9ception de la commande par le loueur, les donn\u00e9es de la commande et les pr\u00e9sentes conditions g\u00e9n\u00e9rales de vente sont envoy\u00e9es une nouvelle fois au client par e-mail.<\/p><p>Dans le cas de demandes d'offre transmises par exemple au loueur, le client re\u00e7oit toutes les donn\u00e9es contractuelles dans le cadre d'une offre ferme envoy\u00e9e par e-mail, que le client peut imprimer ou sauvegarder \u00e9lectroniquement\".<\/p><p>L'offre de location du bailleur sur Internet ne constitue pas une offre ferme de conclusion d'un contrat de location. Elle doit plut\u00f4t \u00eatre consid\u00e9r\u00e9e comme une invitation \u00e0 soumettre une offre de location.<\/p><p>Vous pouvez soumettre votre offre de location par les moyens suivants : via le syst\u00e8me de boutique en ligne du bailleur.<\/p><p>En envoyant votre commande, vous faites une offre de location ferme au loueur. Dans la mesure o\u00f9 vous recevez ensuite un e-mail automatique vous informant de la r\u00e9ception de votre commande, cela ne constitue pas une acceptation de l'offre et n'entra\u00eene pas la conclusion du contrat.<\/p><p>La conclusion du contrat se fait alors par une confirmation personnelle du bailleur. Celle-ci peut \u00e9galement prendre la forme d'une d\u00e9claration implicite, comme par exemple l'activation du logiciel de location.<\/p><p class=\"translation-block\">Si vous ne recevez pas de confirmation personnelle dans un d\u00e9lai de 7 jours ouvrables, vous n'\u00eates plus li\u00e9 \u00e0 votre offre. Le cas \u00e9ch\u00e9ant, les prestations d\u00e9j\u00e0 fournies vous seront imm\u00e9diatement rembours\u00e9es.<br>Vous trouverez ici de plus amples informations sur la protection des donn\u00e9es : <a href=\"https:\/\/trackboxx.com\/fr\/datenschutzerklaerung\/\" target=\"_blank\" rel=\"noopener\">D\u00e9claration de confidentialit\u00e9<\/a>.<\/p><p>Pour utiliser le logiciel, il est en outre obligatoire de cr\u00e9er un compte client.<\/p><p><strong><br \/>III Prix, r\u00e9siliation<\/strong><\/p><p>Les prix indiqu\u00e9s dans les offres sont des prix nets.<\/p><p>Les dur\u00e9es de contrat sont automatiquement prolong\u00e9es de la dur\u00e9e correspondante choisie (mensuelle ou annuelle) et peuvent \u00eatre r\u00e9sili\u00e9es \u00e0 tout moment \u00e0 la fin du contrat.<\/p><p>Si le client d\u00e9passe le nombre de pages vues convenu dans son forfait comme suit :<\/p><ol><li>Plus de 50% en un mois, ou<\/li><li>pendant 2 mois cons\u00e9cutifs, entre 1 et 50%, ou<\/li><li>3 mois sur 5 entre 1 et 50%<\/li><\/ol><p>le bailleur lui proposera un surclassement vers un forfait raisonnablement plus grand. Si le locataire refuse le surclassement, le bailleur b\u00e9n\u00e9ficie d'un droit de r\u00e9siliation sp\u00e9cial avec un pr\u00e9avis de 14 jours.<\/p><p>Le bailleur dispose en outre d'un droit de r\u00e9siliation r\u00e9gulier avec un pr\u00e9avis de 3 mois.<\/p><p>La possibilit\u00e9 de r\u00e9siliation sans pr\u00e9avis pour motif grave n'est pas affect\u00e9e par les dispositions susmentionn\u00e9es.<\/p><p>Pour le tarif gratuit \"free\", la limite est en principe d'un compte par adresse. Il appartient \u00e0 l'exploitant de d\u00e9sactiver les comptes suppl\u00e9mentaires.<\/p><p>En outre, le tarif gratuit \"free\" s'applique exclusivement \u00e0 une utilisation \"non commerciale\".<\/p><p><strong>IV. Conditions de paiement<\/strong><\/p><p class=\"translation-block\">Toutes les conditions de paiement peuvent \u00eatre consult\u00e9es \u00e0 l'avance ici : <a href=\"https:\/\/trackboxx.com\/fr\/preise\/\" target=\"_blank\" rel=\"noopener\">Tarifs<\/a>.<\/p><p>Les factures sont payables imm\u00e9diatement.<\/p><p><strong>V. Disponibilit\u00e9<\/strong><\/p><p>Le loueur garantit une disponibilit\u00e9 du logiciel lou\u00e9 de 98% en moyenne annuelle.<\/p><p>La disponibilit\u00e9 du 98% n'inclut pas les tarifs \"Free\".<\/p><p><strong>VI Responsabilit\u00e9<\/strong><\/p><p class=\"translation-block\">Le loueur n'est responsable qu'en cas de n\u00e9gligence grave ou de faute intentionnelle. Ne sont pas consid\u00e9r\u00e9s comme des n\u00e9gligences graves les dommages caus\u00e9s par des pannes d'ordinateur et des perturbations de transmission lors de l'envoi d'e-mails ou par des virus informatiques. Le loueur prend des mesures pr\u00e9ventives \u00e0 cet \u00e9gard en utilisant un logiciel anti-virus appropri\u00e9.<br>La responsabilit\u00e9 en cas de n\u00e9gligence l\u00e9g\u00e8re s'applique exclusivement en cas de violation des obligations principales. Dans ce cas, l'obligation d'indemnisation du loueur est limit\u00e9e \u00e0 5 000,00 euros, sauf si un montant plus \u00e9lev\u00e9 a \u00e9t\u00e9 convenu s\u00e9par\u00e9ment et par \u00e9crit.<\/p><p><strong>VIII Lieu d'ex\u00e9cution et juridiction comp\u00e9tente<\/strong><\/p><p class=\"translation-block\">Le droit allemand s'applique, \u00e0 l'exclusion de la Convention des Nations Unies sur les contrats de vente internationale de marchandises.<br>Le lieu d'ex\u00e9cution de toutes les prestations et le tribunal comp\u00e9tent sont le si\u00e8ge du bailleur.<\/p><p class=\"translation-block\">Ces conditions g\u00e9n\u00e9rales ont \u00e9t\u00e9 r\u00e9dig\u00e9es par <a href=\"https:\/\/trackboxx.com\/fr\/conditions-dutilisation\/http%3a\/\/www.christophbecker.org\/\" target=\"_blank\" rel=\"noopener\">L'avocat Christoph Becker<\/a>.<\/p>\t\t\t\t\t\t\t\t<\/div>\n\t\t\t\t<div class=\"elementor-element elementor-element-b5e9aef elementor-position-inline-start elementor-widget__width-initial elementor-view-default elementor-mobile-position-block-start elementor-widget elementor-widget-icon-box\" data-id=\"b5e9aef\" data-element_type=\"widget\" data-e-type=\"widget\" data-widget_type=\"icon-box.default\">\n\t\t\t\t\t\t\t<div class=\"elementor-icon-box-wrapper\">\n\n\t\t\t\t\t\t<div class=\"elementor-icon-box-icon\">\n\t\t\t\t<span  class=\"elementor-icon\">\n\t\t\t\t<svg aria-hidden=\"true\" class=\"e-font-icon-svg e-fas-info-circle\" viewbox=\"0 0 512 512\" xmlns=\"http:\/\/www.w3.org\/2000\/svg\"><path d=\"M256 8C119.043 8 8 119.083 8 256c0 136.997 111.043 248 248 248s248-111.003 248-248C504 119.083 392.957 8 256 8zm0 110c23.196 0 42 18.804 42 42s-18.804 42-42 42-42-18.804-42-42 18.804-42 42-42zm56 254c0 6.627-5.373 12-12 12h-88c-6.627 0-12-5.373-12-12v-24c0-6.627 5.373-12 12-12h12v-64h-12c-6.627 0-12-5.373-12-12v-24c0-6.627 5.373-12 12-12h64c6.627 0 12 5.373 12 12v100h12c6.627 0 12 5.373 12 12v24z\"><\/path><\/svg>\t\t\t\t<\/span>\n\t\t\t<\/div>\n\t\t\t\n\t\t\t\t\t\t<div class=\"elementor-icon-box-content\">\n\n\t\t\t\t\n\t\t\t\t\t\t\t\t\t<p class=\"elementor-icon-box-description translation-block\">Tu trouveras des informations compl\u00e9mentaires dans notre <a href=\"\/fr\/helpcenter\/\" target=\"_self\">Helpcenter.<\/a>.<\/p>\n\t\t\t\t\n\t\t\t<\/div>\n\t\t\t\n\t\t<\/div>\n\t\t\t\t\t\t<\/div>\n\t\t\t\t\t<\/div>\n\t\t\t\t<\/div>\n\t\t\t\t<\/div>","protected":false},"excerpt":{"rendered":"<p>I. Grundlegende Bestimmungen F\u00fcr Rechtsgesch\u00e4fte und rechtsgesch\u00e4ftliche Handlungen mit Trackboxx, Christian Pust, Dorfstr. 12, 22956 Gr\u00f6nwohld (im Folgenden \u201eVermieter\u201c genannt) gelten die nachfolgenden Allgemeinen Gesch\u00e4ftsbedingungen. Von diesen Bedingungen abweichende Gesch\u00e4ftsbedingungen des Mieters finden keine Anwendung. Gegenbest\u00e4tigungen des Mieters unter Hinweis auf seine eigenen Gesch\u00e4ftsbedingungen wird ausdr\u00fccklich widersprochen. Abweichungen hiervon bed\u00fcrfen der schriftlichen Best\u00e4tigung durch den [&hellip;]<\/p>\n","protected":false},"author":1,"featured_media":0,"parent":0,"menu_order":0,"comment_status":"closed","ping_status":"closed","template":"","meta":{"_acf_changed":false,"footnotes":""},"class_list":["post-2253","page","type-page","status-publish","hentry"],"acf":[],"_links":{"self":[{"href":"https:\/\/trackboxx.com\/fr\/wp-json\/wp\/v2\/pages\/2253","targetHints":{"allow":["GET"]}}],"collection":[{"href":"https:\/\/trackboxx.com\/fr\/wp-json\/wp\/v2\/pages"}],"about":[{"href":"https:\/\/trackboxx.com\/fr\/wp-json\/wp\/v2\/types\/page"}],"author":[{"embeddable":true,"href":"https:\/\/trackboxx.com\/fr\/wp-json\/wp\/v2\/users\/1"}],"replies":[{"embeddable":true,"href":"https:\/\/trackboxx.com\/fr\/wp-json\/wp\/v2\/comments?post=2253"}],"version-history":[{"count":0,"href":"https:\/\/trackboxx.com\/fr\/wp-json\/wp\/v2\/pages\/2253\/revisions"}],"wp:attachment":[{"href":"https:\/\/trackboxx.com\/fr\/wp-json\/wp\/v2\/media?parent=2253"}],"curies":[{"name":"wp","href":"https:\/\/api.w.org\/{rel}","templated":true}]}}