{"id":3,"date":"2023-12-23T20:29:44","date_gmt":"2023-12-23T19:29:44","guid":{"rendered":"https:\/\/trackboxx.com\/?page_id=3"},"modified":"2025-06-19T13:29:52","modified_gmt":"2025-06-19T11:29:52","slug":"protection-des-donnees","status":"publish","type":"page","link":"https:\/\/trackboxx.com\/fr\/datenschutz\/","title":{"rendered":"D\u00e9claration de confidentialit\u00e9"},"content":{"rendered":"<div data-elementor-type=\"wp-page\" data-elementor-id=\"3\" class=\"elementor elementor-3\" data-elementor-post-type=\"page\">\n\t\t\t\t<div class=\"elementor-element elementor-element-65d88da6 e-flex e-con-boxed e-con e-parent\" data-id=\"65d88da6\" data-element_type=\"container\" data-e-type=\"container\">\n\t\t\t\t\t<div class=\"e-con-inner\">\n\t\t\t\t<div class=\"elementor-element elementor-element-271eb181 elementor-widget elementor-widget-text-editor\" data-id=\"271eb181\" data-element_type=\"widget\" data-e-type=\"widget\" data-widget_type=\"text-editor.default\">\n\t\t\t\t\t\t\t\t\t<h3>La protection de tes donn\u00e9es est importante pour nous !<\/h3><p>Merci de ton int\u00e9r\u00eat pour nous !<\/p><p>La protection de tes donn\u00e9es personnelles est tr\u00e8s importante pour nous.  Lorsque tu visites notre site, que tu souhaites simplement t'informer ou que tu d\u00e9cides d'acheter nos produits, nous nous engageons \u00e0 traiter tes donn\u00e9es personnelles de mani\u00e8re transparente, responsable et confidentielle. Nous avons pris des mesures techniques et organisationnelles afin de garantir un traitement s\u00fbr.<\/p><p>Par mesure de pr\u00e9caution, nous attirons toutefois votre attention sur le fait que toute transmission de donn\u00e9es sur Internet (par ex. lors de la communication par e-mail) peut pr\u00e9senter des failles de s\u00e9curit\u00e9. Une protection compl\u00e8te des donn\u00e9es contre un acc\u00e8s par des tiers n'est pas possible.<\/p><h3>Qui est responsable du traitement ?<\/h3><p>Le responsable au sens du RGPD est :<\/p><p>Trackboxx<br \/>Christian Pust<br \/>Rue du village 12<br \/>22956 Gr\u00f6nwohld<br \/>+49 (0) 4154 - 70 96 573<br \/><a href=\"mailto:info@trackboxx.com\">info@trackboxx.com<\/a><\/p><p>Nous sommes ici \u00e0 ta disposition pour r\u00e9pondre \u00e0 toutes tes questions sur la protection des donn\u00e9es !<\/p><h3>Collecte de donn\u00e9es sur notre site web<\/h3><p><strong>Fichiers journaux du serveur<\/strong><\/p><p>Lorsque tu visites notre site web, ton navigateur transmet automatiquement ce que l'on appelle des fichiers journaux de serveur. Ces logfiles sont collect\u00e9s par le fournisseur du site et automatiquement enregistr\u00e9s. Il s'agit des donn\u00e9es suivantes :<\/p><ul><li>Adresse IP<\/li><li>date et heure de la demande<\/li><li>Diff\u00e9rence de fuseau horaire avec le temps moyen de Greenwich (GMT)<\/li><li>Contenu de la demande (page concr\u00e8te)<\/li><li>\u00c9tat de l'acc\u00e8s\/code d'\u00e9tat http<\/li><li>Quantit\u00e9 de donn\u00e9es transmises \u00e0 chaque fois<\/li><li>Site web d'o\u00f9 provient la demande<\/li><li>Navigateur<\/li><li>Syst\u00e8me d'exploitation et son interface<\/li><li>langue et version du logiciel de navigation<\/li><\/ul><p>Ces donn\u00e9es ne sont pas recoup\u00e9es avec d'autres sources de donn\u00e9es.<\/p><p>La base de cette collecte de donn\u00e9es est l'article 6, alin\u00e9a 1, lettre f, du RGPD. En tant qu'exploitant du site web, nous avons un int\u00e9r\u00eat l\u00e9gitime \u00e0 ce que notre site web soit pr\u00e9sent\u00e9 sans erreur technique et \u00e0 ce qu'il soit optimis\u00e9.<\/p><p>Les informations du fichier journal sont stock\u00e9es pour des raisons de s\u00e9curit\u00e9 (par ex. pour \u00e9lucider des actes d'abus ou de fraude) pour une dur\u00e9e maximale de 7 jours, apr\u00e8s quoi elles sont supprim\u00e9es.<\/p><p><strong>Cookies<\/strong><\/p><p>Nous utilisons sur notre site un cookie techniquement n\u00e9cessaire, qui est install\u00e9 lorsque tu ouvres un compte chez nous. Il s'agit d'un \"cookie de session\" qui est automatiquement supprim\u00e9 d\u00e8s que tu quittes notre site.<\/p><p>En principe, les navigateurs peuvent \u00eatre configur\u00e9s de telle sorte que tu puisses<\/p><ul><li>que tu sois inform\u00e9(e) de l'installation de cookies et que tu n'autorises les cookies qu'au cas par cas,<\/li><li>exclure l'acceptation de cookies pour certains cas ou de mani\u00e8re g\u00e9n\u00e9rale, et<\/li><li>en activant la suppression automatique des cookies \u00e0 la fermeture du navigateur.<\/li><\/ul><p>En cas de d\u00e9sactivation g\u00e9n\u00e9rale des cookies, la fonctionnalit\u00e9 de ce site web peut \u00eatre limit\u00e9e.<\/p><p><strong>\u00a0<\/strong><\/p><p><strong>Chiffrement SSL ou TLS<\/strong><\/p><p>Afin que les donn\u00e9es que tu nous transmets via le site web ne puissent pas \u00eatre lues par des tiers, notre page d'accueil est crypt\u00e9e SSL\/TLS. Cela se reconna\u00eet au fait que la ligne d'adresse du navigateur passe de \"http:\/\/\" \u00e0 \"https:\/\/\" et au symbole du cadenas dans la ligne du navigateur.<\/p><p><strong>\u00a0<\/strong><\/p><p><strong>Formulaire de contact<\/strong><\/p><p>Si tu nous contactes par le biais du formulaire de contact, les donn\u00e9es du formulaire de demande, y compris les donn\u00e9es de contact qui y sont indiqu\u00e9es, sont enregistr\u00e9es chez nous pour le traitement de la demande et en cas de questions de suivi. Bien entendu, nous ne transmettons pas ces donn\u00e9es sans ton consentement.<\/p><p>Le traitement des donn\u00e9es saisies dans le formulaire de contact se fait sur la base de notre int\u00e9r\u00eat l\u00e9gitime (art. 6, al. 1, let. f, RGPD) ou pour l'ex\u00e9cution de mesures pr\u00e9contractuelles (art. 6, al. 1, let. b, RGPD).<\/p><p>Les donn\u00e9es restent chez nous jusqu'\u00e0 ce que tu nous demandes de les supprimer, que tu retires ton consentement \u00e0 leur enregistrement ou que le but de leur enregistrement n'ait plus lieu d'\u00eatre (par ex. apr\u00e8s le traitement de la demande). Les dispositions l\u00e9gales contraignantes - en particulier les d\u00e9lais de conservation l\u00e9gaux - ne sont pas affect\u00e9es.<\/p><p><strong>Fonction commentaire<\/strong><\/p><p>Si tu utilises la fonction de commentaire sur notre site web, ton adresse IP, l'heure de cr\u00e9ation du commentaire et le nom d'utilisateur que tu as choisi seront enregistr\u00e9s. Ce traitement se base sur notre int\u00e9r\u00eat l\u00e9gitime (art. 6, alin\u00e9a 1, lettre f, RGPD). Le stockage sert \u00e0 notre s\u00e9curit\u00e9, car nous pouvons \u00eatre poursuivis pour des contenus ill\u00e9gaux sur notre site web, m\u00eame si ceux-ci ont \u00e9t\u00e9 cr\u00e9\u00e9s par des utilisateurs.<\/p><p>Les donn\u00e9es sont supprim\u00e9es d\u00e8s que nous avons lu les commentaires. Cela se fait g\u00e9n\u00e9ralement en l'espace de quelques heures.<\/p><p><strong>Plugins et outils<\/strong><\/p><p>Bien entendu, nous utilisons sur notre site notre service d'analyse web trackboxx. Il nous permet d'\u00e9valuer statistiquement les acc\u00e8s des visiteurs et d'analyser l'utilisation de notre site Internet. Les donn\u00e9es sont enregistr\u00e9es de mani\u00e8re anonyme sur un serveur en Allemagne dans le but mentionn\u00e9 et sont soumises aux dispositions du RGPD.<\/p><p>Nous n'utilisons pas de cookies et n'enregistrons pas de donn\u00e9es personnelles. Au contraire, ton adresse IP est utilis\u00e9e pour g\u00e9n\u00e9rer un code qui est ensuite attribu\u00e9 \u00e0 un ID utilisateur anonyme tant que tu navigues sur notre site web. Ces donn\u00e9es ne peuvent pas \u00eatre attribu\u00e9es \u00e0 une personne en particulier et sont cod\u00e9es avec un code qui change chaque jour. Il n'est donc pas possible de te \"reconna\u00eetre\" lors d'une nouvelle visite sur notre site.<\/p><p>Il n'y a pas de suivi intersites, de combinaison des donn\u00e9es avec d'autres sources ou de transmission des informations \u00e0 des tiers.<\/p><p>La base juridique du traitement est l'article 6, alin\u00e9a 1, lettre f, du RGPD. Notre int\u00e9r\u00eat l\u00e9gitime r\u00e9side dans la conception et l'optimisation de notre site Internet en fonction des besoins.<\/p>\t\t\t\t\t\t\t\t<\/div>\n\t\t\t\t<div class=\"elementor-element elementor-element-f86e7b5 elementor-widget elementor-widget-text-editor\" data-id=\"f86e7b5\" data-element_type=\"widget\" data-e-type=\"widget\" data-widget_type=\"text-editor.default\">\n\t\t\t\t\t\t\t\t\t<h3>Utilisation d'un prestataire de services de paiement pour le traitement des achats<\/h3><p>Si tu as opt\u00e9 pour un paquet trackboxx, le syst\u00e8me te guide \u00e0 travers le processus de commande et de paiement.<\/p><p>Pour le traitement des paiements dans le cadre de ta commande, nous faisons appel au prestataire de services de paiement Paddle. La soci\u00e9t\u00e9 d'exploitation est Paddle.com Market Ltd, 70 Wilson St, Finsbury, London EC2A 2DB, United Kingdom.<\/p><p>Paddle agit en tant que vendeur pour le compte de Trackboxx et agit en tant que responsable au sens du RGPD et agit en tant que ton partenaire contractuel direct (Merchant of Record).<\/p><p>Toutes les informations de paiement pertinentes pour le traitement du paiement sont directement enregistr\u00e9es par Paddle.com afin de pouvoir garantir le traitement correct du paiement. Nous n'avons pas acc\u00e8s \u00e0 ces donn\u00e9es.<\/p><p>La base juridique est l'art. 6, al. 1, let. b, RGPD : Le traitement des donn\u00e9es est n\u00e9cessaire \u00e0 l'ex\u00e9cution d'un contrat ou \u00e0 la mise en \u0153uvre de mesures pr\u00e9contractuelles.<\/p><p>Pour la saisie des donn\u00e9es de paiement, tu seras redirig\u00e9 vers l'iFrame de Paddle.com pendant le processus de commande. Avant cela, aucune donn\u00e9e n'est collect\u00e9e par Paddle.<\/p><p class=\"translation-block\">Tu trouveras des informations d\u00e9taill\u00e9es sur la protection des donn\u00e9es chez Paddle sur <a href=\"https:\/\/paddle.com\/privacy\/\" target=\"_blank\" rel=\"noopener\">https:\/\/paddle.com\/privacy\/<\/a> ou sur <a href=\"https:\/\/paddle.com\/privacy-buyers\/\" target=\"_blank\" rel=\"noopener\">https:\/\/paddle.com\/privacy-buyers\/<\/a>.<\/p><h3>Utilisation du CDN lors de l'utilisation de Trackboxx sur son propre site web<\/h3><p class=\"translation-block\">Nous utilisons BunnyCDN pour la livraison du script de suivi Trackboxx. BunnyCDN ne collecte, ne stocke ni ne distribue aucune information qui pourrait \u00eatre utilis\u00e9e de quelque mani\u00e8re que ce soit pour identifier un utilisateur ou contenir ses informations personnelles. Pour plus d'informations sur la mani\u00e8re dont BunnyCDN traite les donn\u00e9es, veuillez consulter le site web de BunnyCDN \u00e0 <a href=\"https:\/\/bunnycdn.com\/gdpr\" target=\"_blank\" rel=\"noopener\">https:\/\/bunnycdn.com\/gdpr<\/a> et <a href=\"https:\/\/bunnycdn.com\/privacy\" target=\"_blank\" rel=\"noopener\">https:\/\/bunnycdn.com\/privacy<\/a>.<\/p><h3>Pourquoi nous avons besoin de tes donn\u00e9es et ce que nous en faisons<\/h3><p>Si tu nous contactes par e-mail, t\u00e9l\u00e9phone, courrier ou t\u00e9l\u00e9copie, ta demande, y compris toutes les donn\u00e9es personnelles qui en d\u00e9coulent (nom, num\u00e9ro de t\u00e9l\u00e9phone, adresse e-mail, etc.), sera enregistr\u00e9e et trait\u00e9e dans le but de traiter ta demande.<\/p><p>Les donn\u00e9es transmises sont effac\u00e9es ou leur traitement est limit\u00e9 (art. 17 et 18, RGPD) une fois le traitement de la demande termin\u00e9, dans la mesure o\u00f9 l'effacement ne s'oppose pas \u00e0 des obligations l\u00e9gales de conservation (par exemple en cas de conclusion ult\u00e9rieure d'un contrat).<\/p><p>Nous v\u00e9rifions r\u00e9guli\u00e8rement la n\u00e9cessit\u00e9 de supprimer des donn\u00e9es.<\/p><p><strong>Ex\u00e9cution du contrat<\/strong><\/p><p>Les donn\u00e9es que tu nous as transmises pour b\u00e9n\u00e9ficier de nos marchandises et services (nom, num\u00e9ro de t\u00e9l\u00e9phone, adresse e-mail, etc.) sont soumises aux d\u00e9lais de conservation l\u00e9gaux et sont supprim\u00e9es \u00e0 l'expiration de ces d\u00e9lais.<\/p><p><strong>\u00a0<\/strong><\/p><p><strong>Finalit\u00e9s du traitement<\/strong><\/p><ul><li>Traitement des demandes<\/li><li>Fourniture de prestations et de services contractuels<\/li><li>Support produit\/syst\u00e8me<\/li><li>Information sur les produits et services<\/li><\/ul><p><strong>Bases juridiques<\/strong><\/p><p>Le traitement de tes donn\u00e9es s'effectue sur la base du r\u00e8glement g\u00e9n\u00e9ral sur la protection des donn\u00e9es (RGPD) et des r\u00e9glementations nationales de la loi f\u00e9d\u00e9rale sur la protection des donn\u00e9es. Les bases juridiques suivantes du RGPD sont d\u00e9terminantes pour nous :<\/p><ul><li><strong>6, alin\u00e9a 1, lettre b<\/strong><\/li><\/ul><p>Pour l'ex\u00e9cution d'un contrat ou pour l'ex\u00e9cution de mesures pr\u00e9contractuelles.<\/p><ul><li><strong>6, alin\u00e9a 1, lettre c<\/strong><\/li><\/ul><p>Pour satisfaire \u00e0 une obligation l\u00e9gale.<\/p><ul><li><strong>6, alin\u00e9a 1, lettre f<\/strong><\/li><\/ul><p>Pour prot\u00e9ger nos int\u00e9r\u00eats l\u00e9gitimes. Nous avons un int\u00e9r\u00eat l\u00e9gitime \u00e0 proposer nos biens et services et \u00e0 offrir le meilleur service possible.<\/p><p>Pour d'autres traitements possibles, pour lesquels il n'existe pas encore de base l\u00e9gale (par exemple une relation contractuelle existante), nous demandons g\u00e9n\u00e9ralement ton consentement conform\u00e9ment \u00e0 l'article 6, alin\u00e9a 1, lettre a, du RGPD.<\/p><h3>Quels sont tes droits concernant tes donn\u00e9es ?<\/h3><p class=\"translation-block\">Tu as le droit d'obtenir gratuitement des <strong>informations<\/strong> sur l'origine, le destinataire et la finalit\u00e9 de tes donn\u00e9es personnelles enregistr\u00e9es.<\/p><p class=\"translation-block\">En outre, tu peux \u00e0 tout moment demander la <strong>correction<\/strong>, le <strong>blocage<\/strong> ou la <strong>suppression<\/strong> de tes donn\u00e9es ainsi que - dans certaines circonstances - la <strong>restriction du traitement<\/strong>. C'est par exemple le cas si tu contestes l'exactitude de tes donn\u00e9es enregistr\u00e9es. Pour v\u00e9rifier cela, nous avons g\u00e9n\u00e9ralement besoin de temps. Pendant la dur\u00e9e de l'examen, tu as le droit de demander la limitation du traitement de tes donn\u00e9es personnelles.<\/p><p class=\"translation-block\">Sur demande, nous te remettrons ou remettrons \u00e0 un tiers les donn\u00e9es que nous traitons de mani\u00e8re automatis\u00e9e sur la base de ton consentement ou en ex\u00e9cution d'un contrat, dans un format courant et lisible par machine. Si tu demandes le transfert direct des donn\u00e9es \u00e0 un autre responsable, cela ne se fera que dans la mesure o\u00f9 cela est techniquement possible (droit \u00e0 la <strong>transf\u00e9rabilit\u00e9 des donn\u00e9es<\/strong>).<\/p><p><strong>R\u00e9vocation d'un consentement au traitement des donn\u00e9es<\/strong><\/p><p>Si un processus de traitement des donn\u00e9es repose sur ton consentement, tu peux r\u00e9voquer \u00e0 tout moment un consentement d\u00e9j\u00e0 donn\u00e9. Il suffit pour cela de nous envoyer un message informel par e-mail. La l\u00e9galit\u00e9 du traitement des donn\u00e9es effectu\u00e9 jusqu'\u00e0 la r\u00e9vocation n'est pas affect\u00e9e par la r\u00e9vocation.<\/p><p><strong>Droit d'opposition \u00e0 la collecte de donn\u00e9es dans des cas particuliers ainsi qu'\u00e0 la publicit\u00e9 directe (art. 21 RGPD)<\/strong><\/p><p><em>Dans la mesure o\u00f9 le traitement des donn\u00e9es est effectu\u00e9 sur la base de l'article 6, alin\u00e9a 1, lettre f, du RGPD, tu as le droit \u00e0 tout moment, pour des raisons li\u00e9es \u00e0 ta situation personnelle, de demander la suppression de tes donn\u00e9es personnelles.\u00a0<strong>situation particuli\u00e8re<\/strong>\u00a0de s'opposer au traitement de tes donn\u00e9es personnelles. Cela s'applique \u00e9galement \u00e0 un profilage bas\u00e9 sur ces dispositions. En tant que\u00a0<strong>situation particuli\u00e8re<\/strong>\u00a0des circonstances telles que la maladie, d'autres revers de fortune, un int\u00e9r\u00eat particuli\u00e8rement \u00e9lev\u00e9 pour le secret et\/ou la protection de personnes b\u00e9n\u00e9ficiant d'un niveau de protection \u00e9lev\u00e9 entrent en ligne de compte.<\/em><\/p><p><em>Si tu t'y opposes, nous ne traiterons plus tes donn\u00e9es \u00e0 caract\u00e8re personnel. Sauf si nous pouvons prouver qu'il existe des raisons imp\u00e9rieuses et l\u00e9gitimes pour le traitement qui pr\u00e9valent sur tes int\u00e9r\u00eats, tes droits et tes libert\u00e9s, ou si le traitement sert \u00e0 faire valoir, \u00e0 exercer ou \u00e0 d\u00e9fendre des droits en justice.<\/em><\/p><p class=\"translation-block\"><em>Il est notamment possible de s'opposer au traitement des donn\u00e9es \u00e0 des fins de <strong>publicit\u00e9 directe<\/strong>. Si tu t'y opposes, tes donn\u00e9es personnelles ne seront plus utilis\u00e9es \u00e0 des fins de publicit\u00e9 directe.<\/em><\/p><p><strong>l'existence d'une prise de d\u00e9cision automatis\u00e9e<\/strong><\/p><p>En tant qu'entreprise responsable, nous renon\u00e7ons \u00e0 une prise de d\u00e9cision automatique ou \u00e0 un profilage.<\/p><p><strong>Droit de recours aupr\u00e8s de l'autorit\u00e9 de surveillance comp\u00e9tente<\/strong><\/p><p>En cas de violation du RGPD, tu disposes d'un droit de recours aupr\u00e8s d'une autorit\u00e9 de surveillance. Ce droit de recours est sans pr\u00e9judice des autres voies de recours administratives ou judiciaires. Tu trouveras une liste des d\u00e9l\u00e9gu\u00e9s \u00e0 la protection des donn\u00e9es ainsi que leurs coordonn\u00e9es\u00a0<a href=\"https:\/\/www.bfdi.bund.de\/DE\/Infothek\/Anschriften_Links\/anschriften_links-node.html\" target=\"_blank\" rel=\"noopener\">ici.<\/a><\/p><p class=\"wp-block-code\"><strong>D\u00e9claration de confidentialit\u00e9 pour Userlike<\/strong><\/p><p>Lorsque la fonction de chat de notre site web est activ\u00e9e, des donn\u00e9es personnelles suppl\u00e9mentaires sont trait\u00e9es. Cat\u00e9gories de donn\u00e9es trait\u00e9es \u00e0 cette occasion : donn\u00e9es techniques de connexion de l'acc\u00e8s au serveur (adresse IP, date, heure, page consult\u00e9e, informations sur le navigateur), informations sur votre demande et donn\u00e9es de contact comme le nom ou l'adresse e-mail. Finalit\u00e9 du traitement : \u00e9tude du comportement d'utilisation, assistance aux visiteurs du site web pour des questions techniques ou de contenu et optimisation des contenus. La base juridique du traitement : votre consentement conform\u00e9ment \u00e0 l'article 6 (1) a du RGPD. Une transmission de donn\u00e9es a lieu : au sous-traitant Userlike UG, Probsteigasse 44-46, 50670 Cologne, Allemagne.<\/p><p><strong>Finalit\u00e9 du traitement des donn\u00e9es<\/strong><\/p><p>Les donn\u00e9es collect\u00e9es servent exclusivement \u00e0 r\u00e9pondre \u00e0 vos demandes. Le traitement des donn\u00e9es s'effectue sur la base de votre consentement conform\u00e9ment \u00e0 l'article 6, paragraphe 1, point a), du RGPD et de notre int\u00e9r\u00eat l\u00e9gitime conform\u00e9ment \u00e0 l'article 6, paragraphe 1, point f), du RGPD.<\/p><p><strong>Dur\u00e9e de conservation des donn\u00e9es<\/strong><\/p><p>Les donn\u00e9es collect\u00e9es dans le cadre de l'utilisation du chatbot sont stock\u00e9es pendant une p\u00e9riode maximale de six mois, puis automatiquement supprim\u00e9es, \u00e0 moins qu'il n'existe une obligation l\u00e9gale de conservation ou que les donn\u00e9es ne soient plus n\u00e9cessaires \u00e0 l'objectif initial.<\/p><p><strong>Mesures de s\u00e9curit\u00e9<\/strong><\/p><p>Nous avons pris des mesures techniques et organisationnelles pour garantir la s\u00e9curit\u00e9 de vos donn\u00e9es. Comme aucune mesure de s\u00e9curit\u00e9 sp\u00e9cifique n'a \u00e9t\u00e9 indiqu\u00e9e, nous recommandons de mentionner ici des mesures encore plus sp\u00e9cifiques afin d'instaurer la confiance chez les utilisateurs.<\/p><p><strong>Droits des personnes concern\u00e9es<\/strong><\/p><p>Vous avez le droit d'obtenir \u00e0 tout moment des informations sur les donn\u00e9es personnelles que nous avons enregistr\u00e9es. En outre, vous avez le droit de rectifier, d'effacer, de limiter le traitement ainsi que le droit \u00e0 la portabilit\u00e9 des donn\u00e9es. Pour exercer ces droits, vous pouvez nous contacter \u00e0 tout moment :<\/p><p class=\"translation-block\"><strong>E-Mail:<\/strong> <a rel=\"noreferrer\" target=\"_self\">info@trackboxx.com<\/a><\/p><p>Pour toute question concernant le traitement de vos donn\u00e9es personnelles, vous pouvez \u00e9galement vous adresser \u00e0 l'adresse e-mail susmentionn\u00e9e.<\/p><h3>Programme d'affiliation de Trackboxx<\/h3><p>Trackboxx fait appel aux services de TradeTracker.com. Leur mission est d'aider les annonceurs et les \u00e9diteurs \u00e0 comprendre quelles annonces affich\u00e9es par les \u00e9diteurs ont g\u00e9n\u00e9r\u00e9 quelles ventes, quels prospects ou autres actions pour les annonceurs. Cela permet \u00e0 l'annonceur de ne payer un \u00e9diteur que si l'annonce affich\u00e9e par l'\u00e9diteur (ou toute autre action requise) renvoie une personne \u00e0 l'annonceur et si cette personne effectue un achat. TradeTracker utilise des donn\u00e9es, y compris des cookies, pour parvenir \u00e0 cette compr\u00e9hension. Ces donn\u00e9es se rapportent \u00e0 des personnes, mais ne les identifient pas nomm\u00e9ment. Il s'agit de donn\u00e9es pseudonymis\u00e9es et se rapportent \u00e0 une seule recommandation d'une personne d'un site web \u00e0 un autre, puis \u00e0 une confirmation qu'un achat a \u00e9t\u00e9 effectu\u00e9.<\/p><p>TradeTracker g\u00e8re \u00e9galement une base de donn\u00e9es contenant des r\u00e9f\u00e9rences aux appareils des individus, ce qui nous permet de savoir si une publicit\u00e9 vue sur un appareil, par exemple un t\u00e9l\u00e9phone, a conduit cette personne \u00e0 effectuer un achat sur l'un de ses autres appareils, par exemple un ordinateur portable. Cette base de donn\u00e9es ne permet pas d'identifier nominativement les personnes, ce qui n'est pas possible pour TradeTracker lui-m\u00eame.<\/p><p>TradeTracker ne cr\u00e9e pas de profils montrant l'historique des achats de particuliers sur Internet pendant une p\u00e9riode donn\u00e9e. TradeTracker ne s'adresse pas non plus aux individus en leur proposant des publicit\u00e9s pour des produits et des services sur la base de leurs int\u00e9r\u00eats per\u00e7us. Son r\u00f4le consiste uniquement \u00e0 mesurer l'efficacit\u00e9 de publicit\u00e9s sp\u00e9cifiques en ligne.<\/p><h3>Envoi de newsletters &amp; de messages syst\u00e8me via Amazon SES<\/h3><p>Pour la gestion de notre trafic d'e-mails et pour l'envoi de nos newsletters, nous utilisons le service \"Amazon Simple Email Service\" du prestataire de services techniques Amazon Web Services, Inc., 410 Terry Avenue North, Seattle WA 98109, USA (\"Amazon SES\").<\/p><p class=\"translation-block\">Amazon SES fonctionne comme une plate-forme pour l'organisation, l'envoi et la r\u00e9ception d'e-mails et permet la connexion \u00e0 divers fournisseurs de services d'envoi d'e-mails et clients de messagerie. Lors de l'envoi de newsletters en utilisant Amazon SES, vos donn\u00e9es de newsletter (adresse e-mail, \u00e9ventuellement donn\u00e9es nominatives \u00e0 des fins de salutation) sont d'abord transmises aux serveurs d'Amazon Web Services, puis au client de messagerie proprement dit en vue de l'envoi. Les serveurs d'Amazon Web Services se trouvent au sein de l'UE (Dublin, Francfort, Paris, etc.). Dans certains cas, des donn\u00e9es peuvent \u00e9galement \u00eatre transmises \u00e0 Amazon Web Services, Inc. aux \u00c9tats-Unis.<br>La base juridique du traitement des donn\u00e9es par Amazon SES est notre int\u00e9r\u00eat l\u00e9gitime \u00e0 l'organisation et \u00e0 la gestion techniques optimales de notre trafic d'e-mails ainsi qu'\u00e0 l'optimisation de la mise \u00e0 disposition de contenus et de la d\u00e9livrabilit\u00e9 conform\u00e9ment \u00e0 l'art. 6, al. 1, let. f du RGPD.<\/p><p>Vous pouvez consulter la politique de confidentialit\u00e9 d'Amazon Web Services, Inc.\u00a0<a href=\"https:\/\/d1.awsstatic.com\/legal\/privacypolicy\/AWS_Privacy_Notice_German_2020-08-15.pdf\" target=\"_blank\" rel=\"noopener\">ici<\/a>\u00a0de l'entreprise.<\/p><h3>Google API Disclosure pour Trackboxx<\/h3><p class=\"translation-block\">L'utilisation des informations obtenues par Trackboxx \u00e0 partir des API Google et leur partage avec d'autres applications sont conformes aux <a href=\"https:\/\/developers.google.com\/terms\/api-services-user-data-policy#additional_requirements_for_specific_api_scopes\" target=\"_blank\" rel=\"noopener\">r\u00e8gles de confidentialit\u00e9 de Google API Services<\/a>, y compris les exigences d'utilisation limit\u00e9e.<\/p><h3>Nous sommes l\u00e0 pour toi<\/h3><p class=\"translation-block\">Tu as des questions sur les droits des personnes concern\u00e9es ou sur d'autres sujets relatifs \u00e0 la protection des donn\u00e9es ? Nous nous tenons \u00e0 ta disposition \u00e0 l'adresse <a href=\"mailto:info@trackboxx.com\" target=\"_self\">info@trackboxx.com<\/a>.<\/p>\t\t\t\t\t\t\t\t<\/div>\n\t\t\t\t\t<\/div>\n\t\t\t\t<\/div>\n\t\t\t\t<\/div>","protected":false},"excerpt":{"rendered":"<p>Der Schutz deiner Daten ist uns wichtig! Vielen Dank f\u00fcr dein Interesse an uns! Der Schutz deiner pers\u00f6nlichen Daten ist uns sehr wichtig.\u00a0 Wenn du unsere Seite besuchst, dich nur informieren willst oder dich zum Kauf unserer Produkte entschlie\u00dft, ist unser Anspruch, mit deinen personenbezogenen Daten transparent, verantwortungsvoll und vertraulich umzugehen. Wir haben technische und [&hellip;]<\/p>\n","protected":false},"author":1,"featured_media":0,"parent":0,"menu_order":0,"comment_status":"closed","ping_status":"closed","template":"","meta":{"_acf_changed":false,"footnotes":""},"class_list":["post-3","page","type-page","status-publish","hentry"],"acf":[],"_links":{"self":[{"href":"https:\/\/trackboxx.com\/fr\/wp-json\/wp\/v2\/pages\/3","targetHints":{"allow":["GET"]}}],"collection":[{"href":"https:\/\/trackboxx.com\/fr\/wp-json\/wp\/v2\/pages"}],"about":[{"href":"https:\/\/trackboxx.com\/fr\/wp-json\/wp\/v2\/types\/page"}],"author":[{"embeddable":true,"href":"https:\/\/trackboxx.com\/fr\/wp-json\/wp\/v2\/users\/1"}],"replies":[{"embeddable":true,"href":"https:\/\/trackboxx.com\/fr\/wp-json\/wp\/v2\/comments?post=3"}],"version-history":[{"count":0,"href":"https:\/\/trackboxx.com\/fr\/wp-json\/wp\/v2\/pages\/3\/revisions"}],"wp:attachment":[{"href":"https:\/\/trackboxx.com\/fr\/wp-json\/wp\/v2\/media?parent=3"}],"curies":[{"name":"wp","href":"https:\/\/api.w.org\/{rel}","templated":true}]}}