{"id":568,"date":"2024-03-29T20:33:29","date_gmt":"2024-03-29T19:33:29","guid":{"rendered":"https:\/\/trackboxx.com\/?page_id=568"},"modified":"2026-02-11T11:44:36","modified_gmt":"2026-02-11T10:44:36","slug":"mentions-legales","status":"publish","type":"page","link":"https:\/\/trackboxx.com\/fr\/impressum\/","title":{"rendered":"Mentions l\u00e9gales"},"content":{"rendered":"<div data-elementor-type=\"wp-page\" data-elementor-id=\"568\" class=\"elementor elementor-568\" data-elementor-post-type=\"page\">\n\t\t\t\t<div class=\"elementor-element elementor-element-69d3f6fb e-flex e-con-boxed e-con e-parent\" data-id=\"69d3f6fb\" data-element_type=\"container\" data-e-type=\"container\">\n\t\t\t\t\t<div class=\"e-con-inner\">\n\t\t\t\t<div class=\"elementor-element elementor-element-5f467650 elementor-widget elementor-widget-text-editor\" data-id=\"5f467650\" data-element_type=\"widget\" data-e-type=\"widget\" data-widget_type=\"text-editor.default\">\n\t\t\t\t\t\t\t\t\t\n<p><strong>Trackboxx<\/strong><br \/>Christian Pust<\/p>\n\n<p><em>Si\u00e8ge social :<\/em><br \/>9, rue Humboldt<br \/>38820 Halberstadt<\/p>\n\n<p><em>Succursale<\/em><br \/>Rue du village 12<br \/>22956 Gr\u00f6nwohld<\/p>\n\n<p>T\u00e9l\u00e9phone : +49 (0) 160 96 49 71 25<br \/>T\u00e9l\u00e9copieur : +49 (0) 322 298 362 30<br \/>Courrier \u00e9lectronique :\u00a0<a href=\"mailto:info@trackboxx.com\">info@trackboxx.com<\/a><\/p>\n\n<p>Repr\u00e9sentation juridique : Christoph Becker, avocat<br \/><a href=\"https:\/\/www.christophbecker.org\/\" target=\"_blank\" rel=\"noreferrer noopener\">https:\/\/www.christophbecker.org\/<\/a><\/p>\n\n<p><strong>R\u00e8glement des litiges de consommation \/ \u00a7 36 VSBG<\/strong><br \/>Nous ne sommes ni dispos\u00e9s ni tenus de participer \u00e0 une proc\u00e9dure de r\u00e8glement des litiges devant un organisme de conciliation des consommateurs.<\/p>\n\n<h3 class=\"wp-block-heading\"><strong>G\u00e9n\u00e9ralit\u00e9s<\/strong><\/h3>\n\n<p>En tant que fournisseur et prestataire de services s\u00e9rieux, nous nous effor\u00e7ons de toujours nous comporter de mani\u00e8re honn\u00eate, correcte et conforme \u00e0 la loi. C'est dans cette optique que notre site web a \u00e9t\u00e9 cr\u00e9\u00e9. Tous les contenus, explications, liens et autres informations ont \u00e9t\u00e9 r\u00e9dig\u00e9s en toute bonne foi.<\/p>\n\n<p><strong>Responsabilit\u00e9 du contenu<\/strong><\/p>\n\n<p>Ce site web et son contenu ont \u00e9t\u00e9 \u00e9labor\u00e9s par nos soins avec le plus grand soin. Nous ne pouvons toutefois pas garantir l'exactitude, l'exhaustivit\u00e9 et l'actualit\u00e9 des contenus.<\/p>\n\n<p>Conform\u00e9ment au \u00a77 I TMG, nous sommes responsables de nos propres contenus. Nous n'avons cependant aucune obligation de surveiller les informations externes transmises ou enregistr\u00e9es ou de rechercher des circonstances indiquant un comportement ou des activit\u00e9s illicites. Ceci ne s'applique pas aux obligations l\u00e9gales explicites de suppression ou de blocage des informations. Toutefois, aucune responsabilit\u00e9 n'est possible avant la prise de connaissance d'une violation concr\u00e8te de la loi. Si une telle violation est port\u00e9e \u00e0 notre connaissance, nous supprimerons imm\u00e9diatement les contenus concern\u00e9s.<\/p>\n\n<p><strong>Responsabilit\u00e9 pour les liens<\/strong><\/p>\n\n<p>Notre pr\u00e9sence sur Internet contient des liens vers des sites web externes de tiers. Nous n'avons bien entendu aucune influence sur leur contenu, raison pour laquelle nous ne pouvons pas nous porter garants du contenu de ces sites. L'exploitant respectif ou le fournisseur des pages est seul responsable des contenus correspondants. Lorsque nous avons cr\u00e9\u00e9 les liens, nous avons v\u00e9rifi\u00e9 avec le plus grand soin l'absence d'infractions sur toutes les pages concern\u00e9es. De telles violations ou contenus ill\u00e9gaux n'existaient pas au moment de la v\u00e9rification. Une obligation de contr\u00f4le permanent du contenu de ces pages li\u00e9es serait d\u00e9raisonnable sans indice concret d'une violation du droit et ne peut donc pas nous incomber. Toutefois, si nous prenons connaissance d'une violation de la loi, nous supprimerons imm\u00e9diatement le lien.<\/p>\n\n<p><strong>Droit d'auteur<\/strong><\/p>\n\n<p>Les contenus et \u0153uvres que nous avons cr\u00e9\u00e9s sur ces pages sont tous soumis au droit d'auteur allemand. La reproduction, le traitement, la diffusion et toute forme d'exploitation en dehors des limites du droit d'auteur requi\u00e8rent l'accord \u00e9crit de l'auteur ou du cr\u00e9ateur concern\u00e9. L'utilisation de notre site Internet ou de son contenu \u00e0 des fins commerciales n'est possible qu'avec notre autorisation pr\u00e9alable. Nous nous r\u00e9servons express\u00e9ment le droit d'interdire certaines utilisations commerciales. Les contenus de tiers sur ce site, qui n'ont pas \u00e9t\u00e9 cr\u00e9\u00e9s par l'exploitant, sont utilis\u00e9s dans le respect des droits d'auteur respectifs et signal\u00e9s comme tels. Si vous deviez malgr\u00e9 tout constater une violation des droits d'auteur, nous vous prions de bien vouloir nous en informer. D\u00e8s que nous aurons connaissance d'\u00e9ventuelles violations du droit, nous prendrons toutes les mesures n\u00e9cessaires pour y mettre fin imm\u00e9diatement et durablement, ou pour veiller \u00e0 ce que de telles violations ne se produisent pas.<\/p>\n\t\t\t\t\t\t\t\t<\/div>\n\t\t\t\t\t<\/div>\n\t\t\t\t<\/div>\n\t\t\t\t<\/div>","protected":false},"excerpt":{"rendered":"<p>TrackboxxChristian Pust Hauptsitz:Humboldtstra\u00dfe 938820 Halberstadt ZweigstelleDorfstr. 1222956 \u00a0Gr\u00f6nwohld Telefon: +49 (0) 160 96 49 71 25Fax: +49 (0) 322 298 362 30E-Mail:\u00a0info@trackboxx.com Anwaltliche Vertretung: Rechtsanwalt Christoph Beckerhttps:\/\/www.christophbecker.org\/ Verbraucherstreitbeilegung \/ \u00a7 36 VSBGWir sind nicht bereit und nicht verpflichtet, an Streitbeilegungsverfahren vor einer Verbraucherschlichtungsstelle teilzunehmen. Allgemeines Als seri\u00f6ser Anbieter und Dienstleister sind wir bestrebt, uns stets [&hellip;]<\/p>\n","protected":false},"author":1,"featured_media":0,"parent":0,"menu_order":0,"comment_status":"closed","ping_status":"closed","template":"","meta":{"_acf_changed":false,"footnotes":""},"class_list":["post-568","page","type-page","status-publish","hentry"],"acf":[],"_links":{"self":[{"href":"https:\/\/trackboxx.com\/fr\/wp-json\/wp\/v2\/pages\/568","targetHints":{"allow":["GET"]}}],"collection":[{"href":"https:\/\/trackboxx.com\/fr\/wp-json\/wp\/v2\/pages"}],"about":[{"href":"https:\/\/trackboxx.com\/fr\/wp-json\/wp\/v2\/types\/page"}],"author":[{"embeddable":true,"href":"https:\/\/trackboxx.com\/fr\/wp-json\/wp\/v2\/users\/1"}],"replies":[{"embeddable":true,"href":"https:\/\/trackboxx.com\/fr\/wp-json\/wp\/v2\/comments?post=568"}],"version-history":[{"count":3,"href":"https:\/\/trackboxx.com\/fr\/wp-json\/wp\/v2\/pages\/568\/revisions"}],"predecessor-version":[{"id":4854,"href":"https:\/\/trackboxx.com\/fr\/wp-json\/wp\/v2\/pages\/568\/revisions\/4854"}],"wp:attachment":[{"href":"https:\/\/trackboxx.com\/fr\/wp-json\/wp\/v2\/media?parent=568"}],"curies":[{"name":"wp","href":"https:\/\/api.w.org\/{rel}","templated":true}]}}