{"id":2096,"date":"2024-04-26T18:16:18","date_gmt":"2024-04-26T16:16:18","guid":{"rendered":"https:\/\/trackboxx.com\/?page_id=2096"},"modified":"2025-04-16T13:34:22","modified_gmt":"2025-04-16T11:34:22","slug":"notizie","status":"publish","type":"page","link":"https:\/\/trackboxx.com\/it\/news\/","title":{"rendered":"Notizie"},"content":{"rendered":"<div data-elementor-type=\"wp-page\" data-elementor-id=\"2096\" class=\"elementor elementor-2096\" data-elementor-post-type=\"page\">\n\t\t\t\t<div class=\"elementor-element elementor-element-8d76afc e-flex e-con-boxed e-con e-parent\" data-id=\"8d76afc\" data-element_type=\"container\" data-e-type=\"container\">\n\t\t\t\t\t<div class=\"e-con-inner\">\n\t\t<div class=\"elementor-element elementor-element-9eff191 e-con-full e-flex e-con e-child\" data-id=\"9eff191\" data-element_type=\"container\" data-e-type=\"container\">\n\t\t\t\t<div class=\"elementor-element elementor-element-69f160f elementor-search-form--skin-minimal elementor-widget elementor-widget-search-form\" data-id=\"69f160f\" data-element_type=\"widget\" data-e-type=\"widget\" data-settings=\"{&quot;skin&quot;:&quot;minimal&quot;}\" data-widget_type=\"search-form.default\">\n\t\t\t\t\t\t\t<search role=\"search\">\n\t\t\t<form class=\"elementor-search-form\" action=\"https:\/\/trackboxx.com\/it\/\" method=\"get\" data-trp-original-action=\"https:\/\/trackboxx.com\/it\">\n\t\t\t\t\t\t\t\t\t\t\t\t<div class=\"elementor-search-form__container\">\n\t\t\t\t\t<label class=\"elementor-screen-only\" for=\"elementor-search-form-69f160f\">Ricerca<\/label>\n\n\t\t\t\t\t\t\t\t\t\t\t<div class=\"elementor-search-form__icon\">\n\t\t\t\t\t\t\t<div class=\"e-font-icon-svg-container\"><svg aria-hidden=\"true\" class=\"e-font-icon-svg e-fas-search\" viewbox=\"0 0 512 512\" xmlns=\"http:\/\/www.w3.org\/2000\/svg\"><path d=\"M505 442.7L405.3 343c-4.5-4.5-10.6-7-17-7H372c27.6-35.3 44-79.7 44-128C416 93.1 322.9 0 208 0S0 93.1 0 208s93.1 208 208 208c48.3 0 92.7-16.4 128-44v16.3c0 6.4 2.5 12.5 7 17l99.7 99.7c9.4 9.4 24.6 9.4 33.9 0l28.3-28.3c9.4-9.4 9.4-24.6.1-34zM208 336c-70.7 0-128-57.2-128-128 0-70.7 57.2-128 128-128 70.7 0 128 57.2 128 128 0 70.7-57.2 128-128 128z\"><\/path><\/svg><\/div>\t\t\t\t\t\t\t<span class=\"elementor-screen-only\">Ricerca<\/span>\n\t\t\t\t\t\t<\/div>\n\t\t\t\t\t\n\t\t\t\t\t<input id=\"elementor-search-form-69f160f\" placeholder=\"Argomento di ricerca...\" class=\"elementor-search-form__input\" type=\"search\" name=\"s\" value=\"\">\n\t\t\t\t\t\n\t\t\t\t\t\n\t\t\t\t\t\t\t\t\t<\/div>\n\t\t\t<input type=\"hidden\" name=\"trp-form-language\" value=\"it\"\/><\/form>\n\t\t<\/search>\n\t\t\t\t\t\t<\/div>\n\t\t\t\t<div class=\"elementor-element elementor-element-ebc6869 elementor-grid-3 elementor-grid-tablet-2 elementor-grid-mobile-1 elementor-posts--thumbnail-top elementor-card-shadow-yes elementor-posts__hover-gradient load-more-align-center elementor-widget elementor-widget-posts\" data-id=\"ebc6869\" data-element_type=\"widget\" data-e-type=\"widget\" data-settings=\"{&quot;pagination_type&quot;:&quot;load_more_on_click&quot;,&quot;cards_columns&quot;:&quot;3&quot;,&quot;cards_columns_tablet&quot;:&quot;2&quot;,&quot;cards_columns_mobile&quot;:&quot;1&quot;,&quot;cards_row_gap&quot;:{&quot;unit&quot;:&quot;px&quot;,&quot;size&quot;:35,&quot;sizes&quot;:[]},&quot;cards_row_gap_tablet&quot;:{&quot;unit&quot;:&quot;px&quot;,&quot;size&quot;:&quot;&quot;,&quot;sizes&quot;:[]},&quot;cards_row_gap_mobile&quot;:{&quot;unit&quot;:&quot;px&quot;,&quot;size&quot;:&quot;&quot;,&quot;sizes&quot;:[]},&quot;load_more_spinner&quot;:{&quot;value&quot;:&quot;fas fa-spinner&quot;,&quot;library&quot;:&quot;fa-solid&quot;}}\" data-widget_type=\"posts.cards\">\n\t\t\t\t<div class=\"elementor-widget-container\">\n\t\t\t\t\t\t\t<div class=\"elementor-posts-container elementor-posts elementor-posts--skin-cards elementor-grid\" role=\"list\">\n\t\t\t\t<article class=\"elementor-post elementor-grid-item post-4334 post type-post status-publish format-standard has-post-thumbnail hentry category-news\" role=\"listitem\">\n\t\t\t<div class=\"elementor-post__card\">\n\t\t\t\t<a class=\"elementor-post__thumbnail__link\" href=\"https:\/\/trackboxx.com\/it\/trackboxx-v3-ist-da-moderner-smarter-und-leistungsstaerker-als-je-zuvor\/\" tabindex=\"-1\" ><div class=\"elementor-post__thumbnail\"><img fetchpriority=\"high\" decoding=\"async\" width=\"768\" height=\"467\" src=\"https:\/\/trackboxx.com\/wp-content\/uploads\/2025\/11\/News-tb-768x467.png\" class=\"attachment-medium_large size-medium_large wp-image-4339\" alt=\"\" srcset=\"https:\/\/trackboxx.com\/wp-content\/uploads\/2025\/11\/News-tb-768x467.png 768w, https:\/\/trackboxx.com\/wp-content\/uploads\/2025\/11\/News-tb-300x182.png 300w, https:\/\/trackboxx.com\/wp-content\/uploads\/2025\/11\/News-tb-1024x623.png 1024w, https:\/\/trackboxx.com\/wp-content\/uploads\/2025\/11\/News-tb-1536x934.png 1536w, https:\/\/trackboxx.com\/wp-content\/uploads\/2025\/11\/News-tb-18x12.png 18w, https:\/\/trackboxx.com\/wp-content\/uploads\/2025\/11\/News-tb.png 1950w\" sizes=\"(max-width: 768px) 100vw, 768px\" title=\"\"><\/div><\/a>\n\t\t\t\t<div class=\"elementor-post__text\">\n\t\t\t\t<h3 class=\"elementor-post__title\">\n\t\t\t<a href=\"https:\/\/trackboxx.com\/it\/trackboxx-v3-ist-da-moderner-smarter-und-leistungsstaerker-als-je-zuvor\/\" >\n\t\t\t\tTrackboxx V3 \u00e8 arrivato: pi\u00f9 moderno, pi\u00f9 intelligente e pi\u00f9 potente che mai\t\t\t<\/a>\n\t\t<\/h3>\n\t\t\t\t<\/div>\n\t\t\t\t<div class=\"elementor-post__meta-data\">\n\t\t\t\t\t<span class=\"elementor-post-date\">\n\t\t\t26 novembre 2025\t\t<\/span>\n\t\t\t\t<\/div>\n\t\t\t\t\t<\/div>\n\t\t<\/article>\n\t\t\t\t<article class=\"elementor-post elementor-grid-item post-3938 post type-post status-publish format-standard has-post-thumbnail hentry category-news\" role=\"listitem\">\n\t\t\t<div class=\"elementor-post__card\">\n\t\t\t\t<a class=\"elementor-post__thumbnail__link\" href=\"https:\/\/trackboxx.com\/it\/news-aenderungen-bzgl-do-not-track\/\" tabindex=\"-1\" ><div class=\"elementor-post__thumbnail\"><img decoding=\"async\" width=\"768\" height=\"467\" src=\"https:\/\/trackboxx.com\/wp-content\/uploads\/2025\/05\/News-05.05.2025-768x467.jpg\" class=\"attachment-medium_large size-medium_large wp-image-3939\" alt=\"\" srcset=\"https:\/\/trackboxx.com\/wp-content\/uploads\/2025\/05\/News-05.05.2025-768x467.jpg 768w, https:\/\/trackboxx.com\/wp-content\/uploads\/2025\/05\/News-05.05.2025-300x183.jpg 300w, https:\/\/trackboxx.com\/wp-content\/uploads\/2025\/05\/News-05.05.2025-1024x623.jpg 1024w, https:\/\/trackboxx.com\/wp-content\/uploads\/2025\/05\/News-05.05.2025-18x12.jpg 18w, https:\/\/trackboxx.com\/wp-content\/uploads\/2025\/05\/News-05.05.2025.jpg 1200w\" sizes=\"(max-width: 768px) 100vw, 768px\" title=\"\"><\/div><\/a>\n\t\t\t\t<div class=\"elementor-post__text\">\n\t\t\t\t<h3 class=\"elementor-post__title\">\n\t\t\t<a href=\"https:\/\/trackboxx.com\/it\/news-aenderungen-bzgl-do-not-track\/\" >\n\t\t\t\tNotizie - Modifiche al sistema \"Do not Track\t\t\t<\/a>\n\t\t<\/h3>\n\t\t\t\t<\/div>\n\t\t\t\t<div class=\"elementor-post__meta-data\">\n\t\t\t\t\t<span class=\"elementor-post-date\">\n\t\t\t5 Maggio 2025\t\t<\/span>\n\t\t\t\t<\/div>\n\t\t\t\t\t<\/div>\n\t\t<\/article>\n\t\t\t\t<article class=\"elementor-post elementor-grid-item post-3753 post type-post status-publish format-standard has-post-thumbnail hentry category-news\" role=\"listitem\">\n\t\t\t<div class=\"elementor-post__card\">\n\t\t\t\t<a class=\"elementor-post__thumbnail__link\" href=\"https:\/\/trackboxx.com\/it\/umfangreiche-funktionserweiterungen-fuer-trackboxx\/\" tabindex=\"-1\" ><div class=\"elementor-post__thumbnail\"><img decoding=\"async\" width=\"768\" height=\"467\" src=\"https:\/\/trackboxx.com\/wp-content\/uploads\/2025\/04\/News-768x467.jpg\" class=\"attachment-medium_large size-medium_large wp-image-3756\" alt=\"\" srcset=\"https:\/\/trackboxx.com\/wp-content\/uploads\/2025\/04\/News-768x467.jpg 768w, https:\/\/trackboxx.com\/wp-content\/uploads\/2025\/04\/News-300x183.jpg 300w, https:\/\/trackboxx.com\/wp-content\/uploads\/2025\/04\/News-1024x623.jpg 1024w, https:\/\/trackboxx.com\/wp-content\/uploads\/2025\/04\/News-18x12.jpg 18w, https:\/\/trackboxx.com\/wp-content\/uploads\/2025\/04\/News.jpg 1200w\" sizes=\"(max-width: 768px) 100vw, 768px\" title=\"\"><\/div><\/a>\n\t\t\t\t<div class=\"elementor-post__text\">\n\t\t\t\t<h3 class=\"elementor-post__title\">\n\t\t\t<a href=\"https:\/\/trackboxx.com\/it\/umfangreiche-funktionserweiterungen-fuer-trackboxx\/\" >\n\t\t\t\tAmpi miglioramenti funzionali per Trackboxx\t\t\t<\/a>\n\t\t<\/h3>\n\t\t\t\t<\/div>\n\t\t\t\t<div class=\"elementor-post__meta-data\">\n\t\t\t\t\t<span class=\"elementor-post-date\">\n\t\t\t16 aprile 2025\t\t<\/span>\n\t\t\t\t<\/div>\n\t\t\t\t\t<\/div>\n\t\t<\/article>\n\t\t\t\t<article class=\"elementor-post elementor-grid-item post-2426 post type-post status-publish format-standard has-post-thumbnail hentry category-news\" role=\"listitem\">\n\t\t\t<div class=\"elementor-post__card\">\n\t\t\t\t<a class=\"elementor-post__thumbnail__link\" href=\"https:\/\/trackboxx.com\/it\/neue-webseite-und-diverse-neue-features\/\" tabindex=\"-1\" ><div class=\"elementor-post__thumbnail\"><img loading=\"lazy\" decoding=\"async\" width=\"768\" height=\"467\" src=\"https:\/\/trackboxx.com\/wp-content\/uploads\/2024\/06\/trackboxx-news-10.06.2024-768x467.png\" class=\"attachment-medium_large size-medium_large wp-image-2427\" alt=\"\" srcset=\"https:\/\/trackboxx.com\/wp-content\/uploads\/2024\/06\/trackboxx-news-10.06.2024-768x467.png 768w, https:\/\/trackboxx.com\/wp-content\/uploads\/2024\/06\/trackboxx-news-10.06.2024-300x183.png 300w, https:\/\/trackboxx.com\/wp-content\/uploads\/2024\/06\/trackboxx-news-10.06.2024-1024x623.png 1024w, https:\/\/trackboxx.com\/wp-content\/uploads\/2024\/06\/trackboxx-news-10.06.2024-18x12.png 18w, https:\/\/trackboxx.com\/wp-content\/uploads\/2024\/06\/trackboxx-news-10.06.2024.png 1200w\" sizes=\"(max-width: 768px) 100vw, 768px\" title=\"\"><\/div><\/a>\n\t\t\t\t<div class=\"elementor-post__text\">\n\t\t\t\t<h3 class=\"elementor-post__title\">\n\t\t\t<a href=\"https:\/\/trackboxx.com\/it\/neue-webseite-und-diverse-neue-features\/\" >\n\t\t\t\tNuovo sito web e nuove funzionalit\u00e0\t\t\t<\/a>\n\t\t<\/h3>\n\t\t\t\t<\/div>\n\t\t\t\t<div class=\"elementor-post__meta-data\">\n\t\t\t\t\t<span class=\"elementor-post-date\">\n\t\t\t10 giugno 2024\t\t<\/span>\n\t\t\t\t<\/div>\n\t\t\t\t\t<\/div>\n\t\t<\/article>\n\t\t\t\t<article class=\"elementor-post elementor-grid-item post-2064 post type-post status-publish format-standard has-post-thumbnail hentry category-news\" role=\"listitem\">\n\t\t\t<div class=\"elementor-post__card\">\n\t\t\t\t<a class=\"elementor-post__thumbnail__link\" href=\"https:\/\/trackboxx.com\/it\/neues-design-e-commerce-tracking-neue-preise\/\" tabindex=\"-1\" ><div class=\"elementor-post__thumbnail\"><img loading=\"lazy\" decoding=\"async\" width=\"768\" height=\"467\" src=\"https:\/\/trackboxx.com\/wp-content\/uploads\/2024\/04\/update-neues-design-768x467.jpg\" class=\"attachment-medium_large size-medium_large wp-image-2069\" alt=\"\" srcset=\"https:\/\/trackboxx.com\/wp-content\/uploads\/2024\/04\/update-neues-design-768x467.jpg 768w, https:\/\/trackboxx.com\/wp-content\/uploads\/2024\/04\/update-neues-design-300x183.jpg 300w, https:\/\/trackboxx.com\/wp-content\/uploads\/2024\/04\/update-neues-design-1024x623.jpg 1024w, https:\/\/trackboxx.com\/wp-content\/uploads\/2024\/04\/update-neues-design-18x12.jpg 18w, https:\/\/trackboxx.com\/wp-content\/uploads\/2024\/04\/update-neues-design.jpg 1200w\" sizes=\"(max-width: 768px) 100vw, 768px\" title=\"\"><\/div><\/a>\n\t\t\t\t<div class=\"elementor-post__text\">\n\t\t\t\t<h3 class=\"elementor-post__title\">\n\t\t\t<a href=\"https:\/\/trackboxx.com\/it\/neues-design-e-commerce-tracking-neue-preise\/\" >\n\t\t\t\tNuovo design, tracciabilit\u00e0 e-commerce e nuovi prezzi\t\t\t<\/a>\n\t\t<\/h3>\n\t\t\t\t<\/div>\n\t\t\t\t<div class=\"elementor-post__meta-data\">\n\t\t\t\t\t<span class=\"elementor-post-date\">\n\t\t\t21 aprile 2024\t\t<\/span>\n\t\t\t\t<\/div>\n\t\t\t\t\t<\/div>\n\t\t<\/article>\n\t\t\t\t<article class=\"elementor-post elementor-grid-item post-2059 post type-post status-publish format-standard has-post-thumbnail hentry category-news\" role=\"listitem\">\n\t\t\t<div class=\"elementor-post__card\">\n\t\t\t\t<a class=\"elementor-post__thumbnail__link\" href=\"https:\/\/trackboxx.com\/it\/rueckblick-2022-und-ausblick-auf-2023\/\" tabindex=\"-1\" ><div class=\"elementor-post__thumbnail\"><img loading=\"lazy\" decoding=\"async\" width=\"768\" height=\"467\" src=\"https:\/\/trackboxx.com\/wp-content\/uploads\/2024\/04\/news-rueckblick-768x467.jpg\" class=\"attachment-medium_large size-medium_large wp-image-2062\" alt=\"\" srcset=\"https:\/\/trackboxx.com\/wp-content\/uploads\/2024\/04\/news-rueckblick-768x467.jpg 768w, https:\/\/trackboxx.com\/wp-content\/uploads\/2024\/04\/news-rueckblick-300x183.jpg 300w, https:\/\/trackboxx.com\/wp-content\/uploads\/2024\/04\/news-rueckblick-1024x623.jpg 1024w, https:\/\/trackboxx.com\/wp-content\/uploads\/2024\/04\/news-rueckblick-18x12.jpg 18w, https:\/\/trackboxx.com\/wp-content\/uploads\/2024\/04\/news-rueckblick.jpg 1200w\" sizes=\"(max-width: 768px) 100vw, 768px\" title=\"\"><\/div><\/a>\n\t\t\t\t<div class=\"elementor-post__text\">\n\t\t\t\t<h3 class=\"elementor-post__title\">\n\t\t\t<a href=\"https:\/\/trackboxx.com\/it\/rueckblick-2022-und-ausblick-auf-2023\/\" >\n\t\t\t\tBilancio del 2022 e prospettive per il 2023\t\t\t<\/a>\n\t\t<\/h3>\n\t\t\t\t<\/div>\n\t\t\t\t<div class=\"elementor-post__meta-data\">\n\t\t\t\t\t<span class=\"elementor-post-date\">\n\t\t\t21 aprile 2024\t\t<\/span>\n\t\t\t\t<\/div>\n\t\t\t\t\t<\/div>\n\t\t<\/article>\n\t\t\t\t<article class=\"elementor-post elementor-grid-item post-2056 post type-post status-publish format-standard has-post-thumbnail hentry category-news\" role=\"listitem\">\n\t\t\t<div class=\"elementor-post__card\">\n\t\t\t\t<a class=\"elementor-post__thumbnail__link\" href=\"https:\/\/trackboxx.com\/it\/update-14-11-2022-verknuepfung-google-search-console\/\" tabindex=\"-1\" ><div class=\"elementor-post__thumbnail\"><img loading=\"lazy\" decoding=\"async\" width=\"768\" height=\"467\" src=\"https:\/\/trackboxx.com\/wp-content\/uploads\/2024\/04\/google-search-console-erweiterung-768x467.jpg\" class=\"attachment-medium_large size-medium_large wp-image-2057\" alt=\"\" srcset=\"https:\/\/trackboxx.com\/wp-content\/uploads\/2024\/04\/google-search-console-erweiterung-768x467.jpg 768w, https:\/\/trackboxx.com\/wp-content\/uploads\/2024\/04\/google-search-console-erweiterung-300x183.jpg 300w, https:\/\/trackboxx.com\/wp-content\/uploads\/2024\/04\/google-search-console-erweiterung-1024x623.jpg 1024w, https:\/\/trackboxx.com\/wp-content\/uploads\/2024\/04\/google-search-console-erweiterung-18x12.jpg 18w, https:\/\/trackboxx.com\/wp-content\/uploads\/2024\/04\/google-search-console-erweiterung.jpg 1200w\" sizes=\"(max-width: 768px) 100vw, 768px\" title=\"\"><\/div><\/a>\n\t\t\t\t<div class=\"elementor-post__text\">\n\t\t\t\t<h3 class=\"elementor-post__title\">\n\t\t\t<a href=\"https:\/\/trackboxx.com\/it\/update-14-11-2022-verknuepfung-google-search-console\/\" >\n\t\t\t\tAggiornamento 14.11.2022 - Collegamento a Google Search Console\t\t\t<\/a>\n\t\t<\/h3>\n\t\t\t\t<\/div>\n\t\t\t\t<div class=\"elementor-post__meta-data\">\n\t\t\t\t\t<span class=\"elementor-post-date\">\n\t\t\t21 aprile 2024\t\t<\/span>\n\t\t\t\t<\/div>\n\t\t\t\t\t<\/div>\n\t\t<\/article>\n\t\t\t\t<article class=\"elementor-post elementor-grid-item post-2053 post type-post status-publish format-standard has-post-thumbnail hentry category-news\" role=\"listitem\">\n\t\t\t<div class=\"elementor-post__card\">\n\t\t\t\t<a class=\"elementor-post__thumbnail__link\" href=\"https:\/\/trackboxx.com\/it\/update-24-06-2022-aenderung-bei-ueberschreitung-der-max-seitenaufrufe\/\" tabindex=\"-1\" ><div class=\"elementor-post__thumbnail\"><img loading=\"lazy\" decoding=\"async\" width=\"768\" height=\"467\" src=\"https:\/\/trackboxx.com\/wp-content\/uploads\/2024\/04\/update-24.06.2022-768x467.jpg\" class=\"attachment-medium_large size-medium_large wp-image-2054\" alt=\"\" srcset=\"https:\/\/trackboxx.com\/wp-content\/uploads\/2024\/04\/update-24.06.2022-768x467.jpg 768w, https:\/\/trackboxx.com\/wp-content\/uploads\/2024\/04\/update-24.06.2022-300x183.jpg 300w, https:\/\/trackboxx.com\/wp-content\/uploads\/2024\/04\/update-24.06.2022-1024x623.jpg 1024w, https:\/\/trackboxx.com\/wp-content\/uploads\/2024\/04\/update-24.06.2022-18x12.jpg 18w, https:\/\/trackboxx.com\/wp-content\/uploads\/2024\/04\/update-24.06.2022.jpg 1200w\" sizes=\"(max-width: 768px) 100vw, 768px\" title=\"\"><\/div><\/a>\n\t\t\t\t<div class=\"elementor-post__text\">\n\t\t\t\t<h3 class=\"elementor-post__title\">\n\t\t\t<a href=\"https:\/\/trackboxx.com\/it\/update-24-06-2022-aenderung-bei-ueberschreitung-der-max-seitenaufrufe\/\" >\n\t\t\t\tAggiornamento 24.06.2022 - Modifica in caso di superamento delle visualizzazioni massime della pagina\t\t\t<\/a>\n\t\t<\/h3>\n\t\t\t\t<\/div>\n\t\t\t\t<div class=\"elementor-post__meta-data\">\n\t\t\t\t\t<span class=\"elementor-post-date\">\n\t\t\t21 aprile 2024\t\t<\/span>\n\t\t\t\t<\/div>\n\t\t\t\t\t<\/div>\n\t\t<\/article>\n\t\t\t\t<article class=\"elementor-post elementor-grid-item post-2049 post type-post status-publish format-standard has-post-thumbnail hentry category-news\" role=\"listitem\">\n\t\t\t<div class=\"elementor-post__card\">\n\t\t\t\t<a class=\"elementor-post__thumbnail__link\" href=\"https:\/\/trackboxx.com\/it\/trackboxx-wordpress-plugin\/\" tabindex=\"-1\" ><div class=\"elementor-post__thumbnail\"><img loading=\"lazy\" decoding=\"async\" width=\"768\" height=\"467\" src=\"https:\/\/trackboxx.com\/wp-content\/uploads\/2024\/04\/trackboxx-wordpress-plugin-news-768x467.jpg\" class=\"attachment-medium_large size-medium_large wp-image-2051\" alt=\"\" srcset=\"https:\/\/trackboxx.com\/wp-content\/uploads\/2024\/04\/trackboxx-wordpress-plugin-news-768x467.jpg 768w, https:\/\/trackboxx.com\/wp-content\/uploads\/2024\/04\/trackboxx-wordpress-plugin-news-300x183.jpg 300w, https:\/\/trackboxx.com\/wp-content\/uploads\/2024\/04\/trackboxx-wordpress-plugin-news-1024x623.jpg 1024w, https:\/\/trackboxx.com\/wp-content\/uploads\/2024\/04\/trackboxx-wordpress-plugin-news-18x12.jpg 18w, https:\/\/trackboxx.com\/wp-content\/uploads\/2024\/04\/trackboxx-wordpress-plugin-news.jpg 1200w\" sizes=\"(max-width: 768px) 100vw, 768px\" title=\"\"><\/div><\/a>\n\t\t\t\t<div class=\"elementor-post__text\">\n\t\t\t\t<h3 class=\"elementor-post__title\">\n\t\t\t<a href=\"https:\/\/trackboxx.com\/it\/trackboxx-wordpress-plugin\/\" >\n\t\t\t\tPlugin WordPress Trackboxx\t\t\t<\/a>\n\t\t<\/h3>\n\t\t\t\t<\/div>\n\t\t\t\t<div class=\"elementor-post__meta-data\">\n\t\t\t\t\t<span class=\"elementor-post-date\">\n\t\t\t21 aprile 2024\t\t<\/span>\n\t\t\t\t<\/div>\n\t\t\t\t\t<\/div>\n\t\t<\/article>\n\t\t\t\t<article class=\"elementor-post elementor-grid-item post-2043 post type-post status-publish format-standard has-post-thumbnail hentry category-news\" role=\"listitem\">\n\t\t\t<div class=\"elementor-post__card\">\n\t\t\t\t<a class=\"elementor-post__thumbnail__link\" href=\"https:\/\/trackboxx.com\/it\/wichtige-info-gdata-warnung-virus\/\" tabindex=\"-1\" ><div class=\"elementor-post__thumbnail\"><img loading=\"lazy\" decoding=\"async\" width=\"768\" height=\"467\" src=\"https:\/\/trackboxx.com\/wp-content\/uploads\/2024\/04\/gdata-virus-768x467.jpg\" class=\"attachment-medium_large size-medium_large wp-image-2044\" alt=\"\" srcset=\"https:\/\/trackboxx.com\/wp-content\/uploads\/2024\/04\/gdata-virus-768x467.jpg 768w, https:\/\/trackboxx.com\/wp-content\/uploads\/2024\/04\/gdata-virus-300x183.jpg 300w, https:\/\/trackboxx.com\/wp-content\/uploads\/2024\/04\/gdata-virus-1024x623.jpg 1024w, https:\/\/trackboxx.com\/wp-content\/uploads\/2024\/04\/gdata-virus-18x12.jpg 18w, https:\/\/trackboxx.com\/wp-content\/uploads\/2024\/04\/gdata-virus.jpg 1200w\" sizes=\"(max-width: 768px) 100vw, 768px\" title=\"\"><\/div><\/a>\n\t\t\t\t<div class=\"elementor-post__text\">\n\t\t\t\t<h3 class=\"elementor-post__title\">\n\t\t\t<a href=\"https:\/\/trackboxx.com\/it\/wichtige-info-gdata-warnung-virus\/\" >\n\t\t\t\tInformazioni importanti: avviso di Gdata \"Virus\t\t\t<\/a>\n\t\t<\/h3>\n\t\t\t\t<\/div>\n\t\t\t\t<div class=\"elementor-post__meta-data\">\n\t\t\t\t\t<span class=\"elementor-post-date\">\n\t\t\t21 aprile 2024\t\t<\/span>\n\t\t\t\t<\/div>\n\t\t\t\t\t<\/div>\n\t\t<\/article>\n\t\t\t\t<article class=\"elementor-post elementor-grid-item post-2036 post type-post status-publish format-standard has-post-thumbnail hentry category-news\" role=\"listitem\">\n\t\t\t<div class=\"elementor-post__card\">\n\t\t\t\t<a class=\"elementor-post__thumbnail__link\" href=\"https:\/\/trackboxx.com\/it\/neue-funktionen-19-01-2022-regionale-filter\/\" tabindex=\"-1\" ><div class=\"elementor-post__thumbnail\"><img loading=\"lazy\" decoding=\"async\" width=\"768\" height=\"467\" src=\"https:\/\/trackboxx.com\/wp-content\/uploads\/2024\/04\/news-19.01.-regionale-filter-768x467.jpg\" class=\"attachment-medium_large size-medium_large wp-image-2041\" alt=\"\" srcset=\"https:\/\/trackboxx.com\/wp-content\/uploads\/2024\/04\/news-19.01.-regionale-filter-768x467.jpg 768w, https:\/\/trackboxx.com\/wp-content\/uploads\/2024\/04\/news-19.01.-regionale-filter-300x183.jpg 300w, https:\/\/trackboxx.com\/wp-content\/uploads\/2024\/04\/news-19.01.-regionale-filter-1024x623.jpg 1024w, https:\/\/trackboxx.com\/wp-content\/uploads\/2024\/04\/news-19.01.-regionale-filter-18x12.jpg 18w, https:\/\/trackboxx.com\/wp-content\/uploads\/2024\/04\/news-19.01.-regionale-filter.jpg 1200w\" sizes=\"(max-width: 768px) 100vw, 768px\" title=\"\"><\/div><\/a>\n\t\t\t\t<div class=\"elementor-post__text\">\n\t\t\t\t<h3 class=\"elementor-post__title\">\n\t\t\t<a href=\"https:\/\/trackboxx.com\/it\/neue-funktionen-19-01-2022-regionale-filter\/\" >\n\t\t\t\tNuove funzioni 19.01.2022 - Filtri regionali\t\t\t<\/a>\n\t\t<\/h3>\n\t\t\t\t<\/div>\n\t\t\t\t<div class=\"elementor-post__meta-data\">\n\t\t\t\t\t<span class=\"elementor-post-date\">\n\t\t\t21 aprile 2024\t\t<\/span>\n\t\t\t\t<\/div>\n\t\t\t\t\t<\/div>\n\t\t<\/article>\n\t\t\t\t<\/div>\n\t\t\t\t\t<span class=\"e-load-more-spinner\">\n\t\t\t\t<svg aria-hidden=\"true\" class=\"e-font-icon-svg e-fas-spinner\" viewbox=\"0 0 512 512\" xmlns=\"http:\/\/www.w3.org\/2000\/svg\"><path d=\"M304 48c0 26.51-21.49 48-48 48s-48-21.49-48-48 21.49-48 48-48 48 21.49 48 48zm-48 368c-26.51 0-48 21.49-48 48s21.49 48 48 48 48-21.49 48-48-21.49-48-48-48zm208-208c-26.51 0-48 21.49-48 48s21.49 48 48 48 48-21.49 48-48-21.49-48-48-48zM96 256c0-26.51-21.49-48-48-48S0 229.49 0 256s21.49 48 48 48 48-21.49 48-48zm12.922 99.078c-26.51 0-48 21.49-48 48s21.49 48 48 48 48-21.49 48-48c0-26.509-21.491-48-48-48zm294.156 0c-26.51 0-48 21.49-48 48s21.49 48 48 48 48-21.49 48-48c0-26.509-21.49-48-48-48zM108.922 60.922c-26.51 0-48 21.49-48 48s21.49 48 48 48 48-21.49 48-48-21.491-48-48-48z\"><\/path><\/svg>\t\t\t<\/span>\n\t\t\n\t\t\t\t\t\t<\/div>\n\t\t\t\t<\/div>\n\t\t\t\t<\/div>\n\t\t\t\t\t<\/div>\n\t\t\t\t<\/div>\n\t\t\t\t<\/div>","protected":false},"excerpt":{"rendered":"","protected":false},"author":1,"featured_media":0,"parent":0,"menu_order":0,"comment_status":"closed","ping_status":"closed","template":"","meta":{"_acf_changed":false,"footnotes":""},"class_list":["post-2096","page","type-page","status-publish","hentry"],"acf":[],"_links":{"self":[{"href":"https:\/\/trackboxx.com\/it\/wp-json\/wp\/v2\/pages\/2096","targetHints":{"allow":["GET"]}}],"collection":[{"href":"https:\/\/trackboxx.com\/it\/wp-json\/wp\/v2\/pages"}],"about":[{"href":"https:\/\/trackboxx.com\/it\/wp-json\/wp\/v2\/types\/page"}],"author":[{"embeddable":true,"href":"https:\/\/trackboxx.com\/it\/wp-json\/wp\/v2\/users\/1"}],"replies":[{"embeddable":true,"href":"https:\/\/trackboxx.com\/it\/wp-json\/wp\/v2\/comments?post=2096"}],"version-history":[{"count":1,"href":"https:\/\/trackboxx.com\/it\/wp-json\/wp\/v2\/pages\/2096\/revisions"}],"predecessor-version":[{"id":4868,"href":"https:\/\/trackboxx.com\/it\/wp-json\/wp\/v2\/pages\/2096\/revisions\/4868"}],"wp:attachment":[{"href":"https:\/\/trackboxx.com\/it\/wp-json\/wp\/v2\/media?parent=2096"}],"curies":[{"name":"wp","href":"https:\/\/api.w.org\/{rel}","templated":true}]}}