{"id":2253,"date":"2024-05-14T17:22:37","date_gmt":"2024-05-14T15:22:37","guid":{"rendered":"https:\/\/trackboxx.com\/?page_id=2253"},"modified":"2024-07-22T15:10:13","modified_gmt":"2024-07-22T13:10:13","slug":"condizioni-di-utilizzo","status":"publish","type":"page","link":"https:\/\/trackboxx.com\/it\/nutzungsbedingungen\/","title":{"rendered":"Condizioni di utilizzo"},"content":{"rendered":"<div data-elementor-type=\"wp-page\" data-elementor-id=\"2253\" class=\"elementor elementor-2253\" data-elementor-post-type=\"page\">\n\t\t\t\t<div class=\"elementor-element elementor-element-3db64167 e-flex e-con-boxed e-con e-parent\" data-id=\"3db64167\" data-element_type=\"container\" data-e-type=\"container\">\n\t\t\t\t\t<div class=\"e-con-inner\">\n\t\t\t\t<div class=\"elementor-element elementor-element-42ed90d elementor-widget elementor-widget-text-editor\" data-id=\"42ed90d\" data-element_type=\"widget\" data-e-type=\"widget\" data-widget_type=\"text-editor.default\">\n\t\t\t\t\t\t\t\t\t<p><strong>I. Disposizioni di base<\/strong><\/p><p class=\"translation-block\">I seguenti termini e condizioni generali si applicano ai negozi giuridici e agli atti legali con Trackboxx, Christian Pust, Dorfstr. 12, 22956 Gr\u00f6nwohld (di seguito denominato \"Locatore\"). Eventuali termini e condizioni del locatario che si discostano dai presenti termini e condizioni non sono applicabili. Le contro-conferme del Noleggiatore in riferimento ai propri termini e condizioni sono espressamente respinte. Eventuali deroghe richiedono una conferma scritta da parte del locatore.<br>L'offerta di locazione \u00e8 rivolta esclusivamente agli imprenditori. Non vengono stipulati contratti con i consumatori.<\/p><p><strong>Il nostro servizio \u00e8 rivolto esclusivamente agli imprenditori. Non facciamo affari con i consumatori.<\/strong><\/p><p><strong><br \/>II Conclusione del contratto, conto cliente<\/strong><\/p><p>La lingua del contratto \u00e8 il tedesco. Il testo completo del contratto non viene memorizzato dal locatore. Prima di inviare l'ordine tramite il sistema di carrello online, i dati del contratto possono essere stampati tramite la funzione di stampa del browser o salvati elettronicamente. Dopo la ricezione dell'ordine da parte del locatore, i dati dell'ordine e le presenti Condizioni generali di contratto saranno nuovamente inviati al cliente via e-mail.<\/p><p>Nel caso di richieste di preventivo inviate al locatore, ad esempio, il cliente riceve tutti i dati contrattuali come parte di un'offerta vincolante via e-mail, che il cliente pu\u00f2 stampare o salvare elettronicamente.\"<\/p><p>L'offerta di locazione del locatore su Internet non costituisce un'offerta vincolante per la stipula di un contratto di locazione. \u00c8 piuttosto da intendersi come un invito a presentare un'offerta di locazione.<\/p><p>Potete presentare la vostra offerta di affitto nei seguenti modi: tramite il sistema di shop online del locatore.<\/p><p>Con l'invio dell'ordine, l'utente presenta un'offerta di noleggio vincolante al noleggiatore. L'eventuale ricezione di un'e-mail automatica di conferma dell'ordine non costituisce accettazione dell'offerta e non comporta la stipula di un contratto.<\/p><p>Il contratto si conclude con una conferma personale da parte del locatore. Questa pu\u00f2 anche assumere la forma di una dichiarazione implicita, come l'attivazione del software di noleggio.<\/p><p class=\"translation-block\">Se non si riceve una conferma personale entro 7 giorni lavorativi, l'offerta non \u00e8 pi\u00f9 vincolante. In questo caso, eventuali servizi gi\u00e0 resi saranno immediatamente rimborsati.<br>Altre informazioni sulla protezione dei dati sono disponibili qui: <a href=\"https:\/\/trackboxx.com\/it\/datenschutzerklaerung\/\" target=\"_blank\" rel=\"noopener\">Privacy Policy<\/a>.<\/p><p>\u00c8 inoltre obbligatorio creare un account cliente per poter utilizzare il software.<\/p><p><strong><br \/>III Prezzi, cancellazione<\/strong><\/p><p>I prezzi indicati nelle offerte sono prezzi netti.<\/p><p>I termini del contratto si prolungano automaticamente per la durata selezionata (mensile o annuale) e possono essere annullati in qualsiasi momento alla scadenza del contratto.<\/p><p>Se il cliente supera le pageviews concordate nel suo pacchetto come segue:<\/p><ol><li>Pi\u00f9 di 50% in un mese, oppure<\/li><li>in 2 mesi consecutivi tra il 1 e il 50%, oppure<\/li><li>in 3 mesi su 5 tra 1 e 50%<\/li><\/ol><p>allora il locatore gli offrir\u00e0 un upgrade a un pacchetto adeguatamente pi\u00f9 grande. Se l'inquilino rifiuta l'upgrade, il locatore ha un diritto speciale di recesso con un preavviso di 14 giorni.<\/p><p>Il locatore ha inoltre un regolare diritto di recesso con un preavviso di 3 mesi.<\/p><p>La possibilit\u00e0 di rescindere senza preavviso per giusta causa rimane inalterata dalle disposizioni di cui sopra.<\/p><p>La tariffa \"gratuita\" \u00e8 generalmente limitata a un account per indirizzo. L'operatore \u00e8 obbligato a disattivare gli account aggiuntivi.<\/p><p>Inoltre, la tariffa \"gratuita\" si applica esclusivamente all'uso \"non commerciale\".<\/p><p><strong>IV. Condizioni di pagamento<\/strong><\/p><p class=\"translation-block\">Tutte le condizioni di pagamento possono essere visualizzate in anticipo qui: <a href=\"https:\/\/trackboxx.com\/it\/preise\/\" target=\"_blank\" rel=\"noopener\">Prezzi<\/a>.<\/p><p>Le fatture devono essere pagate immediatamente.<\/p><p><strong>V. Disponibilit\u00e0<\/strong><\/p><p>Il locatore garantisce una disponibilit\u00e0 media annua del software noleggiato di 98%.<\/p><p>La disponibilit\u00e0 del 98% non comprende le tariffe \"Free\".<\/p><p><strong>VI Responsabilit\u00e0<\/strong><\/p><p class=\"translation-block\">Il locatore \u00e8 responsabile solo per negligenza grave e dolo. I danni causati da guasti informatici e difetti di trasmissione durante l'invio di e-mail o da virus informatici non sono classificati come colpa grave. Il locatore dovr\u00e0 cautelarsi utilizzando un adeguato software antivirus.<br>La responsabilit\u00e0 per colpa lieve si applica solo in caso di violazione di obblighi primari. La responsabilit\u00e0 risarcitoria del locatore \u00e8 limitata a 5.000,00 euro, a meno che non venga concordato separatamente e per iscritto un importo superiore.<\/p><p><strong>VIII Luogo di adempimento e giurisdizione<\/strong><\/p><p class=\"translation-block\">Si applica il diritto tedesco, ad esclusione della Convenzione delle Nazioni Unite sui contratti di vendita internazionale di merci.<br>Il luogo di adempimento per tutte le prestazioni e il foro competente \u00e8 la sede legale del locatore.<\/p><p class=\"translation-block\">Questi termini e condizioni sono stati creati dall'<a href=\"https:\/\/trackboxx.com\/it\/condizioni-di-utilizzo\/http%3a\/\/www.christophbecker.org\/\" target=\"_blank\" rel=\"noopener\">avvocato Christoph Becker<\/a>.<\/p>\t\t\t\t\t\t\t\t<\/div>\n\t\t\t\t<div class=\"elementor-element elementor-element-b5e9aef elementor-position-inline-start elementor-widget__width-initial elementor-view-default elementor-mobile-position-block-start elementor-widget elementor-widget-icon-box\" data-id=\"b5e9aef\" data-element_type=\"widget\" data-e-type=\"widget\" data-widget_type=\"icon-box.default\">\n\t\t\t\t\t\t\t<div class=\"elementor-icon-box-wrapper\">\n\n\t\t\t\t\t\t<div class=\"elementor-icon-box-icon\">\n\t\t\t\t<span  class=\"elementor-icon\">\n\t\t\t\t<svg aria-hidden=\"true\" class=\"e-font-icon-svg e-fas-info-circle\" viewbox=\"0 0 512 512\" xmlns=\"http:\/\/www.w3.org\/2000\/svg\"><path d=\"M256 8C119.043 8 8 119.083 8 256c0 136.997 111.043 248 248 248s248-111.003 248-248C504 119.083 392.957 8 256 8zm0 110c23.196 0 42 18.804 42 42s-18.804 42-42 42-42-18.804-42-42 18.804-42 42-42zm56 254c0 6.627-5.373 12-12 12h-88c-6.627 0-12-5.373-12-12v-24c0-6.627 5.373-12 12-12h12v-64h-12c-6.627 0-12-5.373-12-12v-24c0-6.627 5.373-12 12-12h64c6.627 0 12 5.373 12 12v100h12c6.627 0 12 5.373 12 12v24z\"><\/path><\/svg>\t\t\t\t<\/span>\n\t\t\t<\/div>\n\t\t\t\n\t\t\t\t\t\t<div class=\"elementor-icon-box-content\">\n\n\t\t\t\t\n\t\t\t\t\t\t\t\t\t<p class=\"elementor-icon-box-description translation-block\">Potete trovare ulteriori informazioni nel nostro <a href=\"\/it\/centro-di-assistenza\/\" target=\"_self\">centro di assistenza.<\/a><\/p>\n\t\t\t\t\n\t\t\t<\/div>\n\t\t\t\n\t\t<\/div>\n\t\t\t\t\t\t<\/div>\n\t\t\t\t\t<\/div>\n\t\t\t\t<\/div>\n\t\t\t\t<\/div>","protected":false},"excerpt":{"rendered":"<p>I. Grundlegende Bestimmungen F\u00fcr Rechtsgesch\u00e4fte und rechtsgesch\u00e4ftliche Handlungen mit Trackboxx, Christian Pust, Dorfstr. 12, 22956 Gr\u00f6nwohld (im Folgenden \u201eVermieter\u201c genannt) gelten die nachfolgenden Allgemeinen Gesch\u00e4ftsbedingungen. Von diesen Bedingungen abweichende Gesch\u00e4ftsbedingungen des Mieters finden keine Anwendung. Gegenbest\u00e4tigungen des Mieters unter Hinweis auf seine eigenen Gesch\u00e4ftsbedingungen wird ausdr\u00fccklich widersprochen. Abweichungen hiervon bed\u00fcrfen der schriftlichen Best\u00e4tigung durch den [&hellip;]<\/p>\n","protected":false},"author":1,"featured_media":0,"parent":0,"menu_order":0,"comment_status":"closed","ping_status":"closed","template":"","meta":{"_acf_changed":false,"footnotes":""},"class_list":["post-2253","page","type-page","status-publish","hentry"],"acf":[],"_links":{"self":[{"href":"https:\/\/trackboxx.com\/it\/wp-json\/wp\/v2\/pages\/2253","targetHints":{"allow":["GET"]}}],"collection":[{"href":"https:\/\/trackboxx.com\/it\/wp-json\/wp\/v2\/pages"}],"about":[{"href":"https:\/\/trackboxx.com\/it\/wp-json\/wp\/v2\/types\/page"}],"author":[{"embeddable":true,"href":"https:\/\/trackboxx.com\/it\/wp-json\/wp\/v2\/users\/1"}],"replies":[{"embeddable":true,"href":"https:\/\/trackboxx.com\/it\/wp-json\/wp\/v2\/comments?post=2253"}],"version-history":[{"count":0,"href":"https:\/\/trackboxx.com\/it\/wp-json\/wp\/v2\/pages\/2253\/revisions"}],"wp:attachment":[{"href":"https:\/\/trackboxx.com\/it\/wp-json\/wp\/v2\/media?parent=2253"}],"curies":[{"name":"wp","href":"https:\/\/api.w.org\/{rel}","templated":true}]}}