{"id":3,"date":"2023-12-23T20:29:44","date_gmt":"2023-12-23T19:29:44","guid":{"rendered":"https:\/\/trackboxx.com\/?page_id=3"},"modified":"2025-06-19T13:29:52","modified_gmt":"2025-06-19T11:29:52","slug":"protezione-dei-dati","status":"publish","type":"page","link":"https:\/\/trackboxx.com\/it\/datenschutz\/","title":{"rendered":"Informativa sulla privacy"},"content":{"rendered":"<div data-elementor-type=\"wp-page\" data-elementor-id=\"3\" class=\"elementor elementor-3\" data-elementor-post-type=\"page\">\n\t\t\t\t<div class=\"elementor-element elementor-element-65d88da6 e-flex e-con-boxed e-con e-parent\" data-id=\"65d88da6\" data-element_type=\"container\" data-e-type=\"container\">\n\t\t\t\t\t<div class=\"e-con-inner\">\n\t\t\t\t<div class=\"elementor-element elementor-element-271eb181 elementor-widget elementor-widget-text-editor\" data-id=\"271eb181\" data-element_type=\"widget\" data-e-type=\"widget\" data-widget_type=\"text-editor.default\">\n\t\t\t\t\t\t\t\t\t<h3>La protezione dei vostri dati \u00e8 importante per noi!<\/h3><p>Grazie per l'interesse dimostrato nei nostri confronti!<\/p><p>La protezione dei vostri dati personali \u00e8 molto importante per noi.  Se visitate il nostro sito web, se volete semplicemente saperne di pi\u00f9 o se decidete di acquistare i nostri prodotti, il nostro obiettivo \u00e8 quello di trattare i vostri dati personali in modo trasparente, responsabile e confidenziale. Abbiamo adottato misure tecniche e organizzative per garantire un trattamento sicuro.<\/p><p>Tuttavia, a titolo precauzionale, desideriamo sottolineare che qualsiasi trasmissione di dati su Internet (ad esempio, la comunicazione via e-mail) pu\u00f2 presentare lacune nella sicurezza. Non \u00e8 possibile garantire una protezione completa dei dati contro l'accesso da parte di terzi.<\/p><h3>Chi \u00e8 responsabile del trattamento?<\/h3><p>Il responsabile del trattamento ai sensi del GDPR \u00e8<\/p><p>Trackboxx<br \/>Christian Pust<br \/>Dorfstr. 12<br \/>22956 Gr\u00f6nwohld<br \/>+49 (0) 4154 - 70 96 573<br \/><a href=\"mailto:info@trackboxx.com\">info@trackboxx.com<\/a><\/p><p>Siamo a disposizione per rispondere a tutte le vostre domande sulla protezione dei dati!<\/p><h3>Raccolta di dati sul nostro sito web<\/h3><p><strong>File di log del server<\/strong><\/p><p>Quando visitate il nostro sito web, il vostro browser trasmette automaticamente i cosiddetti file di log del server. Questi file di log vengono raccolti e memorizzati automaticamente dal provider del sito web. Si tratta dei seguenti dati:<\/p><ul><li>Indirizzo IP<\/li><li>Data e ora della richiesta<\/li><li>Differenza di fuso orario rispetto all'ora di Greenwich (GMT)<\/li><li>Contenuto della richiesta (pagina specifica)<\/li><li>Stato di accesso\/codice di stato HTTP<\/li><li>Quantit\u00e0 di dati trasferiti in ciascun caso<\/li><li>Sito web da cui proviene la richiesta<\/li><li>Browser<\/li><li>Il sistema operativo e la sua interfaccia<\/li><li>Lingua e versione del software del browser<\/li><\/ul><p>Questi dati non vengono uniti ad altre fonti di dati.<\/p><p>La base per questa raccolta di dati \u00e8 l'art. 6, comma 1, lett. f, GDPR. In qualit\u00e0 di gestore del sito web, abbiamo un interesse legittimo alla presentazione tecnicamente priva di errori e all'ottimizzazione del nostro sito web.<\/p><p>Le informazioni del file di log vengono memorizzate per un massimo di 7 giorni per motivi di sicurezza (ad esempio per indagare su un uso improprio o una frode) e poi cancellate.<\/p><p><strong>Biscotti<\/strong><\/p><p>Sul nostro sito web utilizziamo un cookie tecnicamente necessario che viene impostato quando aprite un account con noi. Si tratta di un cosiddetto \"cookie di sessione\", che viene automaticamente cancellato non appena si lascia il nostro sito.<\/p><p>In linea di principio, i browser possono essere impostati in modo che sia possibile<\/p><ul><li>informati sull'impostazione dei cookie e di consentirne l'uso solo in singoli casi,<\/li><li>escludere l'accettazione dei cookie per alcuni casi o in generale, e<\/li><li>attivare la cancellazione automatica dei cookie alla chiusura del browser.<\/li><\/ul><p>Se i cookie vengono generalmente disattivati, la funzionalit\u00e0 di questo sito web potrebbe essere limitata.<\/p><p><strong>\u00a0<\/strong><\/p><p><strong>Crittografia SSL o TLS<\/strong><\/p><p>Il nostro sito web \u00e8 criptato SSL\/TLS, in modo che i dati che ci trasmettete tramite il sito web non possano essere letti da terzi. Ci\u00f2 \u00e8 riconoscibile dal fatto che la riga dell'indirizzo del browser passa da \"http:\/\/\" a \"https:\/\/\" e dal simbolo del lucchetto nella riga del browser.<\/p><p><strong>\u00a0<\/strong><\/p><p><strong>Modulo di contatto<\/strong><\/p><p>Se ci contattate tramite il modulo di contatto, le informazioni contenute nel modulo di richiesta, compresi i dati di contatto forniti, saranno da noi memorizzate per l'elaborazione della richiesta e in caso di domande successive. Naturalmente non trasmetteremo questi dati senza il vostro consenso.<\/p><p>I dati inseriti nel modulo di contatto vengono trattati sulla base del nostro legittimo interesse (art. 6, comma 1, lett. f, GDPR) o per l'adempimento di misure precontrattuali (art. 6, comma 1, lett. b, GDPR).<\/p><p>I dati rimarranno presso di noi fino a quando non ci chiederete di cancellarli, non revocherete il vostro consenso alla conservazione o lo scopo della conservazione dei dati non sar\u00e0 pi\u00f9 valido (ad esempio dopo l'elaborazione della richiesta). Le disposizioni di legge obbligatorie, in particolare i periodi di conservazione previsti dalla legge, rimangono inalterate.<\/p><p><strong>Funzione di commento<\/strong><\/p><p>Se utilizzate la funzione di commento sul nostro sito web, il vostro indirizzo IP, l'ora in cui avete creato il commento e il nome utente che avete selezionato saranno salvati. La base per questo trattamento \u00e8 il nostro legittimo interesse (art. 6, comma 1, lettera f, GDPR). La memorizzazione serve alla nostra sicurezza, in quanto possiamo essere perseguiti per contenuti illegali sul nostro sito web, anche se sono stati creati dagli utenti.<\/p><p>I dati saranno cancellati non appena avremo letto i commenti. Di solito ci\u00f2 avviene entro poche ore.<\/p><p><strong>Plugin e strumenti<\/strong><\/p><p>Naturalmente, sul nostro sito web utilizziamo il servizio di analisi web trackboxx. Lo utilizziamo per valutare statisticamente l'accesso dei visitatori e analizzare l'utilizzo del nostro sito web. A tal fine, i dati vengono memorizzati in forma anonima su un server in Germania e sono soggetti alle disposizioni del GDPR.<\/p><p>Non utilizziamo cookie e non memorizziamo alcun dato personale. Il vostro indirizzo IP viene invece utilizzato per generare un codice che viene assegnato a un ID utente anonimo per tutto il tempo in cui vi trovate sul nostro sito. Questi dati non possono essere assegnati a una persona specifica e sono criptati con un codice che cambia ogni giorno. Non \u00e8 quindi possibile \"riconoscervi\" quando visitate nuovamente il nostro sito web.<\/p><p>Non vi \u00e8 tracciamento trasversale dei siti, collegamento dei dati con altre fonti o inoltro di informazioni a terzi.<\/p><p>La base giuridica del trattamento \u00e8 l'art. 6, comma 1, lett. f, GDPR. Il nostro legittimo interesse consiste nella progettazione e nell'ottimizzazione del nostro sito web in base alle esigenze.<\/p>\t\t\t\t\t\t\t\t<\/div>\n\t\t\t\t<div class=\"elementor-element elementor-element-f86e7b5 elementor-widget elementor-widget-text-editor\" data-id=\"f86e7b5\" data-element_type=\"widget\" data-e-type=\"widget\" data-widget_type=\"text-editor.default\">\n\t\t\t\t\t\t\t\t\t<h3>Utilizzo di un fornitore di servizi di pagamento per l'elaborazione degli acquisti<\/h3><p>Una volta scelto il pacchetto Trackboxx, il sistema vi guider\u00e0 attraverso il processo di ordinazione e pagamento.<\/p><p>Per l'elaborazione dei pagamenti dei vostri ordini utilizziamo il fornitore di servizi di pagamento Paddle. La societ\u00e0 operativa \u00e8 Paddle.com Market Ltd, 70 Wilson St, Finsbury, Londra EC2A 2DB, Regno Unito.<\/p><p>Paddle agisce come venditore per conto di Trackboxx e agisce come responsabile del trattamento ai sensi del GDPR e come vostro partner contrattuale diretto (merchant of record).<\/p><p>Tutte le informazioni relative al pagamento vengono memorizzate direttamente da Paddle.com per garantire la corretta elaborazione del pagamento. Non abbiamo accesso a questi dati.<\/p><p>La base giuridica \u00e8 l'art. 6, comma 1, lett. b, GDPR: Il trattamento dei dati \u00e8 necessario per l'adempimento di un contratto o per l'attuazione di misure precontrattuali.<\/p><p>Durante il processo d'ordine verrete reindirizzati all'iFrame di Paddle.com per inserire i dati di pagamento. Nessun dato viene raccolto da Paddle prima di questo.<\/p><p class=\"translation-block\">Potete trovare informazioni dettagliate sulla protezione dei dati presso Paddle all'indirizzo <a href=\"https:\/\/paddle.com\/privacy\/\" target=\"_blank\" rel=\"noopener\">https:\/\/paddle.com\/privacy\/<\/a> o all'indirizzo <a href=\"https:\/\/paddle.com\/privacy-buyers\/\" target=\"_blank\" rel=\"noopener\">https:\/\/paddle.com\/privacy-buyers\/<\/a>.<\/p><h3>Utilizzo di CDN quando si utilizza Trackboxx sul proprio sito web<\/h3><p class=\"translation-block\">Utilizziamo BunnyCDN per fornire lo script di tracciamento Trackboxx. BunnyCDN non raccoglie, memorizza o distribuisce alcuna informazione che possa essere utilizzata in alcun modo per identificare un utente o contenere i suoi dati personali. Per ulteriori informazioni sulla gestione dei dati da parte di BunnyCDN, visitare il sito web di BunnyCDN all'indirizzo <a href=\"https:\/\/bunnycdn.com\/gdpr\" target=\"_blank\" rel=\"noopener\">https:\/\/bunnycdn.com\/gdpr<\/a> e <a href=\"https:\/\/bunnycdn.com\/privacy\" target=\"_blank\" rel=\"noopener\">https:\/\/bunnycdn.com\/privacy<\/a>.<\/p><h3>Perch\u00e9 abbiamo bisogno dei vostri dati e cosa facciamo con essi<\/h3><p>Se ci contattate via e-mail, telefono, posta o fax, la richiesta, compresi tutti i dati personali (nome, numero di telefono, indirizzo e-mail, ecc.), verr\u00e0 memorizzata ed elaborata allo scopo di evadere la vostra richiesta.<\/p><p>I dati trasmessi saranno cancellati o limitati nel loro trattamento dopo l'elaborazione della richiesta (art. 17 e 18 del GDPR), a condizione che la cancellazione non sia in contrasto con gli obblighi di conservazione previsti dalla legge (ad es. in caso di successiva stipula di un contratto).<\/p><p>Verifichiamo regolarmente la necessit\u00e0 di cancellare i dati.<\/p><p><strong>Elaborazione del contratto<\/strong><\/p><p>I dati (nome, numero di telefono, indirizzo e-mail, ecc.) che ci fornite per usufruire dei nostri prodotti e servizi sono soggetti ai periodi di conservazione previsti dalla legge e saranno cancellati alla loro scadenza.<\/p><p><strong>\u00a0<\/strong><\/p><p><strong>Finalit\u00e0 del trattamento<\/strong><\/p><ul><li>Elaborazione delle richieste di informazioni<\/li><li>Fornitura di prestazioni e servizi contrattuali<\/li><li>Supporto al prodotto\/sistema<\/li><li>Informazioni su prodotti e servizi<\/li><\/ul><p><strong>Base giuridica<\/strong><\/p><p>I vostri dati vengono trattati sulla base del Regolamento generale sulla protezione dei dati (GDPR) e delle norme nazionali della Legge federale sulla protezione dei dati. Le seguenti basi giuridiche del GDPR sono rilevanti per noi:<\/p><ul><li><strong>6, comma 1, lettera b<\/strong><\/li><\/ul><p>Per l'adempimento di un contratto o per l'attuazione di misure precontrattuali.<\/p><ul><li><strong>6, comma 1, lettera c<\/strong><\/li><\/ul><p>Per adempiere a un obbligo legale.<\/p><ul><li><strong>6, comma 1, lettera f<\/strong><\/li><\/ul><p>Per proteggere i nostri interessi legittimi. Abbiamo un interesse legittimo a offrire i nostri beni e servizi e a fornire il miglior servizio possibile.<\/p><p>Per altre possibili operazioni di trattamento per le quali non esiste una base giuridica (ad esempio un rapporto contrattuale esistente), in genere otteniamo il vostro consenso ai sensi dell'art. 6, comma 1, lett. a, GDPR.<\/p><h3>Quali diritti avete sui vostri dati?<\/h3><p class=\"translation-block\">Avete il diritto di ricevere gratuitamente <strong>informazioni<\/strong> sull'origine, il destinatario e lo scopo dei vostri dati personali memorizzati.<\/p><p class=\"translation-block\">\u00c8 inoltre possibile richiedere in qualsiasi momento la <strong>correzione<\/strong>, il <strong>blocco<\/strong> o la <strong>cancellazione<\/strong> dei propri dati e - in determinate circostanze - la <strong>limitazione del trattamento<\/strong>. \u00c8 il caso, ad esempio, di chi contesta l'accuratezza dei dati memorizzati. Di solito abbiamo bisogno di tempo per verificarlo. Per la durata della verifica, avete il diritto di richiedere la limitazione del trattamento dei vostri dati personali.<\/p><p class=\"translation-block\">Su richiesta, consegneremo a voi o a terzi i dati che elaboriamo automaticamente sulla base del vostro consenso o in adempimento di un contratto in un formato comune e leggibile da una macchina. Se richiedete il trasferimento diretto dei dati a un altro titolare del trattamento, questo avverr\u00e0 solo nella misura in cui sia tecnicamente possibile (diritto alla <strong>portabilit\u00e0 dei dati<\/strong>).<\/p><p><strong>Revoca del consenso al trattamento dei dati<\/strong><\/p><p>Se il trattamento dei dati si basa sul vostro consenso, potete revocarlo in qualsiasi momento. Tutto ci\u00f2 che dovete fare \u00e8 inviarci un'e-mail informale. La legalit\u00e0 del trattamento dei dati effettuato fino alla revoca rimane inalterata.<\/p><p><strong>Diritto di opporsi alla raccolta dei dati in casi particolari e al marketing diretto (Art. 21 GDPR)<\/strong><\/p><p><em>Se il trattamento dei dati viene effettuato sulla base dell'art. 6, par. 1, lett. f, GDPR, avete il diritto in qualsiasi momento, per motivi derivanti dal vostro\u00a0<strong>situazione speciale<\/strong>\u00a0di opporsi al trattamento dei vostri dati personali. Ci\u00f2 vale anche per la profilazione basata su queste disposizioni. In quanto\u00a0<strong>Situazione speciale<\/strong>\u00a0Possono essere prese in considerazione circostanze come malattie, altri colpi di fortuna, interessi particolarmente elevati di riservatezza e\/o di protezione di persone con una classificazione di protezione elevata.<\/em><\/p><p><em>Se presentate un'obiezione, non tratteremo pi\u00f9 i vostri dati personali. A meno che non si possano dimostrare motivi legittimi impellenti per il trattamento che prevalgano sui vostri interessi, diritti e libert\u00e0 o che il trattamento serva a stabilire, esercitare o difendere rivendicazioni legali.<\/em><\/p><p class=\"translation-block\"><em>In particolare, potete opporvi al trattamento dei dati per finalit\u00e0 di <strong>marketing diretto<\/strong>. In caso di opposizione, i vostri dati personali non saranno pi\u00f9 utilizzati per finalit\u00e0 di marketing diretto<\/em>.<\/p><p><strong>Esistenza di un processo decisionale automatizzato<\/strong><\/p><p>In quanto azienda responsabile, non utilizziamo il processo decisionale automatizzato o la profilazione.<\/p><p><strong>Diritto di presentare un reclamo all'autorit\u00e0 di controllo competente<\/strong><\/p><p>In caso di violazioni del GDPR, l'utente ha il diritto di presentare un reclamo a un'autorit\u00e0 di controllo. Il diritto di presentare un reclamo non pregiudica eventuali altri rimedi amministrativi o giudiziari. L'elenco dei responsabili della protezione dei dati e i loro dettagli di contatto sono disponibili qui\u00a0<a href=\"https:\/\/www.bfdi.bund.de\/DE\/Infothek\/Anschriften_Links\/anschriften_links-node.html\" target=\"_blank\" rel=\"noopener\">qui.<\/a><\/p><p class=\"wp-block-code\"><strong>Informativa sulla privacy per Userlike<\/strong><\/p><p>Quando viene attivata la funzione di chat sul nostro sito web, vengono elaborati ulteriori dati personali. Categorie di dati trattati: dati tecnici di connessione dell'accesso al server (indirizzo IP, data, ora, pagina richiesta, informazioni sul browser), informazioni sulla vostra richiesta e dati di contatto come nome o indirizzo e-mail. Scopo del trattamento: analisi del comportamento degli utenti, assistenza ai visitatori del sito web per domande tecniche o relative ai contenuti e ottimizzazione dei contenuti. Base giuridica del trattamento: il vostro consenso ai sensi dell'art. 6 (1) a GDPR. Il trasferimento dei dati avviene: all'elaboratore Userlike UG, Probsteigasse 44-46, 50670 Colonia, Germania.<\/p><p><strong>Finalit\u00e0 del trattamento dei dati<\/strong><\/p><p>I dati raccolti vengono utilizzati esclusivamente per rispondere alla vostra richiesta. Il trattamento dei dati si basa sul vostro consenso ai sensi dell'art. 6 comma 1 lett. a GDPR e sul nostro legittimo interesse ai sensi dell'art. 6 comma 1 lett. f GDPR.<\/p><p><strong>Durata dell'archiviazione dei dati<\/strong><\/p><p>I dati raccolti durante l'utilizzo del chatbot vengono conservati per un periodo massimo di sei mesi e poi cancellati automaticamente, a condizione che non vi siano obblighi di conservazione previsti dalla legge o che i dati non siano pi\u00f9 necessari per lo scopo originario.<\/p><p><strong>Misure di sicurezza<\/strong><\/p><p>Abbiamo adottato misure tecniche e organizzative per garantire la sicurezza dei vostri dati. Poich\u00e9 non sono state specificate misure di sicurezza particolari, consigliamo di menzionarle qui per creare fiducia tra gli utenti.<\/p><p><strong>Diritti degli interessati<\/strong><\/p><p>Avete il diritto di ricevere in qualsiasi momento informazioni sui dati personali da noi conservati. Avete inoltre il diritto di rettifica, cancellazione, limitazione del trattamento e il diritto alla portabilit\u00e0 dei dati. Potete contattarci in qualsiasi momento per esercitare questi diritti:<\/p><p class=\"translation-block\"><strong>E-mail:<\/strong> <a rel=\"noreferrer\" target=\"_self\">info@trackboxx.com<\/a><\/p><p>Se avete domande sul trattamento dei vostri dati personali, potete anche contattarci all'indirizzo e-mail sopra indicato.<\/p><h3>Programma partner di Trackboxx<\/h3><p>Trackboxx utilizza i servizi di TradeTracker.com. Il loro compito \u00e8 quello di aiutare gli inserzionisti e gli editori a capire quali annunci pubblicitari visualizzati dagli editori hanno generato vendite, contatti o altre azioni per gli inserzionisti. Ci\u00f2 consente all'inserzionista di pagare un editore solo se l'annuncio visualizzato dall'editore (o un'altra azione richiesta) rimanda una persona all'inserzionista e questa effettua un acquisto. TradeTracker utilizza dati, compresi i cookie, per raggiungere questo obiettivo. Questi dati si riferiscono a persone fisiche, ma non le identificano per nome. Si tratta di dati pseudonimizzati e si riferiscono a un singolo rinvio di una persona da un sito web a un altro e alla successiva conferma di un acquisto.<\/p><p>TradeTracker mantiene anche un database di riferimenti ai dispositivi degli individui, in modo da poter verificare se un annuncio pubblicitario visualizzato su un dispositivo, ad esempio un telefono, ha portato quella persona a fare un acquisto su uno dei suoi altri dispositivi, ad esempio un computer portatile. Questo database non consente di identificare le persone per nome, cosa che non \u00e8 possibile per TradeTracker stesso.<\/p><p>TradeTracker non crea profili che mostrino la cronologia degli acquisti di singoli individui su Internet per un certo periodo di tempo. Inoltre, TradeTracker non indirizza alle persone pubblicit\u00e0 di prodotti e servizi in base ai loro interessi percepiti. Il suo ruolo \u00e8 solo quello di misurare l'efficacia di specifiche pubblicit\u00e0 online.<\/p><h3>Invio di newsletter e messaggi di sistema tramite Amazon SES<\/h3><p>Utilizziamo \"Amazon Simple Email Service\" del fornitore di servizi tecnici Amazon Web Services, Inc., 410 Terry Avenue North, Seattle WA 98109, USA (\"Amazon SES\") per gestire il nostro traffico e-mail e inviare la nostra newsletter.<\/p><p class=\"translation-block\">Amazon SES opera come piattaforma per l'organizzazione, l'invio e la ricezione di e-mail e consente la connessione a diversi fornitori di servizi di posta e client di posta. Quando si inviano newsletter utilizzando Amazon SES, i dati della newsletter (indirizzo e-mail, eventualmente dati del nome per scopi di saluto) vengono prima trasmessi ai server di Amazon Web Services e poi inoltrati al client di posta effettivo per l'invio. I server di Amazon Web Services si trovano all'interno dell'UE (Dublino, Francoforte, Parigi, ecc.). In singoli casi, tuttavia, i dati possono essere trasferiti anche ad Amazon Web Services, Inc. negli Stati Uniti.<br>La base giuridica per il trattamento dei dati tramite Amazon SES \u00e8 il nostro legittimo interesse all'organizzazione e alla gestione tecnica ottimale del nostro traffico e-mail e all'ottimizzazione della fornitura di contenuti e della deliverability ai sensi dell'art. 6 par. 1 lett. f GDPR.<\/p><p>\u00c8 possibile leggere l'informativa sulla privacy di Amazon Web Services, Inc.\u00a0<a href=\"https:\/\/d1.awsstatic.com\/legal\/privacypolicy\/AWS_Privacy_Notice_German_2020-08-15.pdf\" target=\"_blank\" rel=\"noopener\">qui<\/a>\u00a0vista.<\/p><h3>Divulgazione delle API di Google per Trackboxx<\/h3><p class=\"translation-block\">L'utilizzo delle informazioni ottenute da Trackboxx dalle API di Google e la loro divulgazione ad altre applicazioni \u00e8 conforme alla <a href=\"https:\/\/developers.google.com\/terms\/api-services-user-data-policy#additional_requirements_for_specific_api_scopes\" target=\"_blank\" rel=\"noopener\">Google API Services User Data Policy<\/a>, compresi i requisiti di utilizzo limitato.<\/p><h3>Siamo qui per voi<\/h3><p class=\"translation-block\">Avete domande sui diritti degli interessati o su altri argomenti relativi alla protezione dei dati? Siamo a vostra disposizione all'indirizzo <a href=\"mailto:info@trackboxx.com\" target=\"_self\">info@trackboxx.com<\/a>.<\/p>\t\t\t\t\t\t\t\t<\/div>\n\t\t\t\t\t<\/div>\n\t\t\t\t<\/div>\n\t\t\t\t<\/div>","protected":false},"excerpt":{"rendered":"<p>Der Schutz deiner Daten ist uns wichtig! Vielen Dank f\u00fcr dein Interesse an uns! Der Schutz deiner pers\u00f6nlichen Daten ist uns sehr wichtig.\u00a0 Wenn du unsere Seite besuchst, dich nur informieren willst oder dich zum Kauf unserer Produkte entschlie\u00dft, ist unser Anspruch, mit deinen personenbezogenen Daten transparent, verantwortungsvoll und vertraulich umzugehen. Wir haben technische und [&hellip;]<\/p>\n","protected":false},"author":1,"featured_media":0,"parent":0,"menu_order":0,"comment_status":"closed","ping_status":"closed","template":"","meta":{"_acf_changed":false,"footnotes":""},"class_list":["post-3","page","type-page","status-publish","hentry"],"acf":[],"_links":{"self":[{"href":"https:\/\/trackboxx.com\/it\/wp-json\/wp\/v2\/pages\/3","targetHints":{"allow":["GET"]}}],"collection":[{"href":"https:\/\/trackboxx.com\/it\/wp-json\/wp\/v2\/pages"}],"about":[{"href":"https:\/\/trackboxx.com\/it\/wp-json\/wp\/v2\/types\/page"}],"author":[{"embeddable":true,"href":"https:\/\/trackboxx.com\/it\/wp-json\/wp\/v2\/users\/1"}],"replies":[{"embeddable":true,"href":"https:\/\/trackboxx.com\/it\/wp-json\/wp\/v2\/comments?post=3"}],"version-history":[{"count":0,"href":"https:\/\/trackboxx.com\/it\/wp-json\/wp\/v2\/pages\/3\/revisions"}],"wp:attachment":[{"href":"https:\/\/trackboxx.com\/it\/wp-json\/wp\/v2\/media?parent=3"}],"curies":[{"name":"wp","href":"https:\/\/api.w.org\/{rel}","templated":true}]}}