{"id":568,"date":"2024-03-29T20:33:29","date_gmt":"2024-03-29T19:33:29","guid":{"rendered":"https:\/\/trackboxx.com\/?page_id=568"},"modified":"2026-02-11T11:44:36","modified_gmt":"2026-02-11T10:44:36","slug":"impronta","status":"publish","type":"page","link":"https:\/\/trackboxx.com\/it\/impressum\/","title":{"rendered":"Impronta"},"content":{"rendered":"<div data-elementor-type=\"wp-page\" data-elementor-id=\"568\" class=\"elementor elementor-568\" data-elementor-post-type=\"page\">\n\t\t\t\t<div class=\"elementor-element elementor-element-69d3f6fb e-flex e-con-boxed e-con e-parent\" data-id=\"69d3f6fb\" data-element_type=\"container\" data-e-type=\"container\">\n\t\t\t\t\t<div class=\"e-con-inner\">\n\t\t\t\t<div class=\"elementor-element elementor-element-5f467650 elementor-widget elementor-widget-text-editor\" data-id=\"5f467650\" data-element_type=\"widget\" data-e-type=\"widget\" data-widget_type=\"text-editor.default\">\n\t\t\t\t\t\t\t\t\t\n<p><strong>Trackboxx<\/strong><br \/>Christian Pust<\/p>\n\n<p><em>Sede centrale:<\/em><br \/>Humboldtstrasse 9<br \/>38820 Halberstadt<\/p>\n\n<p><em>Filiale<\/em><br \/>Dorfstr. 12<br \/>22956 Gr\u00f6nwohld<\/p>\n\n<p>Telefono: +49 (0) 160 96 49 71 25<br \/>Fax: +49 (0) 322 298 362 30<br \/>e-mail:\u00a0<a href=\"mailto:info@trackboxx.com\">info@trackboxx.com<\/a><\/p>\n\n<p>Rappresentanza legale: Avvocato Christoph Becker<br \/><a href=\"https:\/\/www.christophbecker.org\/\" target=\"_blank\" rel=\"noreferrer noopener\">https:\/\/www.christophbecker.org\/<\/a><\/p>\n\n<p><strong>Risoluzione delle controversie in materia di consumo \/ \u00a7 36 VSBG<\/strong><br \/>Non siamo disposti n\u00e9 obbligati a partecipare a procedure di risoluzione delle controversie dinanzi a un organismo di conciliazione dei consumatori.<\/p>\n\n<h3 class=\"wp-block-heading\"><strong>Informazioni generali<\/strong><\/h3>\n\n<p>In qualit\u00e0 di fornitore e fornitore di servizi affidabili, ci impegniamo a comportarci sempre in modo onesto, corretto e conforme alla legge. Anche il nostro sito web \u00e8 stato creato in quest'ottica. Tutti i contenuti, le spiegazioni, i link e le altre informazioni sono stati redatti al meglio delle nostre conoscenze e convinzioni.<\/p>\n\n<p><strong>Responsabilit\u00e0 per i contenuti<\/strong><\/p>\n\n<p>Questo sito web e i suoi contenuti sono stati creati da noi con la massima cura possibile. Tuttavia, non si garantisce l'accuratezza, la completezza e l'aggiornamento dei contenuti.<\/p>\n\n<p>Ai sensi del \u00a77 I TMG, siamo responsabili dei nostri contenuti. Tuttavia, non abbiamo l'obbligo di monitorare le informazioni trasmesse o memorizzate da terzi o di indagare su circostanze che indicano un comportamento illegale o attivit\u00e0 illecite. Ci\u00f2 non vale per gli obblighi legali espliciti di rimozione o blocco delle informazioni. Tuttavia, non \u00e8 possibile assumersi alcuna responsabilit\u00e0 prima di essere venuti a conoscenza di una specifica violazione. Nel caso in cui venissimo a conoscenza di una tale violazione, rimuoveremmo immediatamente il contenuto in questione.<\/p>\n\n<p><strong>Responsabilit\u00e0 per i link<\/strong><\/p>\n\n<p>Il nostro sito web contiene link a siti esterni di terzi. Naturalmente non abbiamo alcuna influenza sul loro contenuto, per cui non possiamo assumerci alcuna responsabilit\u00e0 per il contenuto di questi siti. Il rispettivo gestore o fornitore di questi siti \u00e8 l'unico responsabile del loro contenuto. Quando abbiamo inserito i link, abbiamo controllato con la massima attenzione tutte le pagine corrispondenti per verificare l'assenza di violazioni. Al momento del controllo non sono state riscontrate infrazioni o contenuti illegali. L'obbligo di monitorare costantemente il contenuto di queste pagine collegate sarebbe irragionevole in assenza di prove concrete di una violazione e pertanto non pu\u00f2 essere applicato a noi. Tuttavia, se dovessimo venire a conoscenza di una violazione, rimuoveremo immediatamente il link.<\/p>\n\n<p><strong>Copyright<\/strong><\/p>\n\n<p>I contenuti e le opere da noi creati su queste pagine sono tutti soggetti alla legge tedesca sul copyright. La duplicazione, l'elaborazione, la distribuzione e qualsiasi tipo di utilizzo al di fuori dei limiti della legge sul copyright richiedono il consenso scritto del rispettivo autore o creatore. L'utilizzo del nostro sito web o dei suoi contenuti per scopi commerciali \u00e8 possibile solo previa autorizzazione da parte nostra. Ci riserviamo espressamente il diritto di vietare determinati usi commerciali. I contenuti di terzi presenti su questo sito che non sono stati creati dall'operatore sono utilizzati nel rispetto dei rispettivi diritti d'autore e contrassegnati come tali. Se tuttavia doveste venire a conoscenza di una violazione del diritto d'autore, vi chiediamo gentilmente di comunicarcelo. Non appena verremo a conoscenza di eventuali violazioni, adotteremo tutte le misure necessarie per astenerci immediatamente e in modo permanente o per garantire che tali violazioni non si verifichino.<\/p>\n\t\t\t\t\t\t\t\t<\/div>\n\t\t\t\t\t<\/div>\n\t\t\t\t<\/div>\n\t\t\t\t<\/div>","protected":false},"excerpt":{"rendered":"<p>TrackboxxChristian Pust Hauptsitz:Humboldtstra\u00dfe 938820 Halberstadt ZweigstelleDorfstr. 1222956 \u00a0Gr\u00f6nwohld Telefon: +49 (0) 160 96 49 71 25Fax: +49 (0) 322 298 362 30E-Mail:\u00a0info@trackboxx.com Anwaltliche Vertretung: Rechtsanwalt Christoph Beckerhttps:\/\/www.christophbecker.org\/ Verbraucherstreitbeilegung \/ \u00a7 36 VSBGWir sind nicht bereit und nicht verpflichtet, an Streitbeilegungsverfahren vor einer Verbraucherschlichtungsstelle teilzunehmen. Allgemeines Als seri\u00f6ser Anbieter und Dienstleister sind wir bestrebt, uns stets [&hellip;]<\/p>\n","protected":false},"author":1,"featured_media":0,"parent":0,"menu_order":0,"comment_status":"closed","ping_status":"closed","template":"","meta":{"_acf_changed":false,"footnotes":""},"class_list":["post-568","page","type-page","status-publish","hentry"],"acf":[],"_links":{"self":[{"href":"https:\/\/trackboxx.com\/it\/wp-json\/wp\/v2\/pages\/568","targetHints":{"allow":["GET"]}}],"collection":[{"href":"https:\/\/trackboxx.com\/it\/wp-json\/wp\/v2\/pages"}],"about":[{"href":"https:\/\/trackboxx.com\/it\/wp-json\/wp\/v2\/types\/page"}],"author":[{"embeddable":true,"href":"https:\/\/trackboxx.com\/it\/wp-json\/wp\/v2\/users\/1"}],"replies":[{"embeddable":true,"href":"https:\/\/trackboxx.com\/it\/wp-json\/wp\/v2\/comments?post=568"}],"version-history":[{"count":3,"href":"https:\/\/trackboxx.com\/it\/wp-json\/wp\/v2\/pages\/568\/revisions"}],"predecessor-version":[{"id":4854,"href":"https:\/\/trackboxx.com\/it\/wp-json\/wp\/v2\/pages\/568\/revisions\/4854"}],"wp:attachment":[{"href":"https:\/\/trackboxx.com\/it\/wp-json\/wp\/v2\/media?parent=568"}],"curies":[{"name":"wp","href":"https:\/\/api.w.org\/{rel}","templated":true}]}}