{"id":2253,"date":"2024-05-14T17:22:37","date_gmt":"2024-05-14T15:22:37","guid":{"rendered":"https:\/\/trackboxx.com\/?page_id=2253"},"modified":"2024-07-22T15:10:13","modified_gmt":"2024-07-22T13:10:13","slug":"gebruiksvoorwaarden","status":"publish","type":"page","link":"https:\/\/trackboxx.com\/nl\/nutzungsbedingungen\/","title":{"rendered":"Gebruiksvoorwaarden"},"content":{"rendered":"<div data-elementor-type=\"wp-page\" data-elementor-id=\"2253\" class=\"elementor elementor-2253\" data-elementor-post-type=\"page\">\n\t\t\t\t<div class=\"elementor-element elementor-element-3db64167 e-flex e-con-boxed e-con e-parent\" data-id=\"3db64167\" data-element_type=\"container\" data-e-type=\"container\">\n\t\t\t\t\t<div class=\"e-con-inner\">\n\t\t\t\t<div class=\"elementor-element elementor-element-42ed90d elementor-widget elementor-widget-text-editor\" data-id=\"42ed90d\" data-element_type=\"widget\" data-e-type=\"widget\" data-widget_type=\"text-editor.default\">\n\t\t\t\t\t\t\t\t\t<p><strong>I. Basisbepalingen<\/strong><\/p><p class=\"translation-block\">Op rechtshandelingen en transacties met Trackboxx, Christian Pust, Dorfstr. 12, 22956 Gr\u00f6nwohld (hierna te noemen de \u201eVerhuurder\u201c) zijn de volgende Algemene Voorwaarden van toepassing. Eventuele van deze voorwaarden afwijkende voorwaarden van de huurder zijn niet van toepassing. Tegenbevestigingen door de huurder onder verwijzing naar eigen voorwaarden worden uitdrukkelijk van de hand gewezen. Afwijkingen hiervan behoeven een schriftelijke bevestiging van de verhuurder.<br>Het huuraanbod is uitsluitend gericht op ondernemers. Er worden geen overeenkomsten gesloten met consumenten.<\/p><p><strong>Onze service is uitsluitend gericht op ondernemers. Wij doen geen zaken met consumenten.<\/strong><\/p><p><strong><br \/>II Sluiting van contract, klantenrekening<\/strong><\/p><p>De contracttaal is Duits. De volledige tekst van het contract wordt niet opgeslagen door de verhuurder. Voordat de bestelling via het online winkelmandje wordt verzonden, kunnen de contractgegevens worden afgedrukt met behulp van de afdrukfunctie van de browser of elektronisch worden opgeslagen. Na ontvangst van de bestelling door de verhuurder worden de bestelgegevens en deze Algemene Voorwaarden opnieuw per e-mail naar de klant gestuurd.<\/p><p>In het geval van offerteaanvragen die bijvoorbeeld naar de verhuurder worden gestuurd, ontvangt de klant alle contractuele gegevens als onderdeel van een bindende offerte per e-mail, die de klant kan afdrukken of elektronisch kan opslaan.\u201c<\/p><p>Het huuraanbod van de verhuurder op het internet is geen bindend aanbod om een huurovereenkomst te sluiten. Het moet eerder worden gezien als een uitnodiging om een huuraanbod te doen.<\/p><p>Je kunt je huuraanbod op de volgende manieren indienen: via het online shopsysteem van de verhuurder.<\/p><p>Door de bestelling te verzenden, doet u een bindend huuraanbod aan het verhuurbedrijf. Als u vervolgens een automatische e-mail ter bevestiging van de ontvangst van uw bestelling ontvangt, betekent dit niet dat u het aanbod aanvaardt en leidt dit niet tot het sluiten van een contract.<\/p><p>Het contract wordt dan afgesloten door een persoonlijke bevestiging van de verhuurder. Dit kan ook in de vorm van een impliciete verklaring, zoals de activering van de verhuursoftware.<\/p><p class=\"translation-block\">Als u niet binnen 7 werkdagen een persoonlijke bevestiging ontvangt, bent u niet langer gebonden aan uw aanbod. In dit geval worden reeds geleverde diensten onmiddellijk terugbetaald.<br>Verder informatie over gegevensbescherming vindt u hier: <a href=\"https:\/\/trackboxx.com\/nl\/datenschutzerklaerung\/\" target=\"_blank\" rel=\"noopener\">Privacybeleid<\/a>.<\/p><p>Het is ook verplicht om een klantenaccount aan te maken om de software te kunnen gebruiken.<\/p><p><strong><br \/>III Prijzen, annulering<\/strong><\/p><p>De prijzen in de aanbiedingen zijn nettoprijzen.<\/p><p>De contracttermijnen worden automatisch verlengd met de geselecteerde termijn (maandelijks of jaarlijks) en kunnen op elk moment aan het einde van het contract worden geannuleerd.<\/p><p>Als de klant de in zijn pakket overeengekomen pageviews als volgt overschrijdt:<\/p><ol><li>meer dan 50% in \u00e9\u00e9n maand, of<\/li><li>in 2 opeenvolgende maanden tussen 1 en 50%, of<\/li><li>in 3 van de 5 maanden tussen 1 en 50%<\/li><\/ol><p>dan zal de verhuurder hem een upgrade naar een groter pakket aanbieden. Als de huurder de upgrade weigert, heeft de verhuurder een bijzonder opzeggingsrecht met een opzegtermijn van 14 dagen.<\/p><p>De verhuurder heeft ook een regelmatig opzegrecht met een opzegtermijn van 3 maanden.<\/p><p>De mogelijkheid van be\u00ebindiging zonder opzegtermijn wegens gegronde redenen blijft onaangetast door de bovenstaande bepalingen.<\/p><p>Het \u201egratis\u201c tarief is over het algemeen beperkt tot \u00e9\u00e9n account per adres. De operator is verplicht om hier extra accounts te deactiveren.<\/p><p>Bovendien geldt het \u201egratis\u201c tarief uitsluitend voor \u201eniet-commercieel\u201c gebruik.<\/p><p><strong>IV. Betalingsvoorwaarden<\/strong><\/p><p class=\"translation-block\">Alle betalingsvoorwaarden kunnen hier vooraf worden bekeken: <a href=\"https:\/\/trackboxx.com\/nl\/preise\/\" target=\"_blank\" rel=\"noopener\">Prijzen<\/a>.<\/p><p>Facturen moeten onmiddellijk worden betaald.<\/p><p><strong>V. Beschikbaarheid<\/strong><\/p><p>De verhuurder garandeert een gemiddelde jaarlijkse beschikbaarheid van de gehuurde software van 98%.<\/p><p>De beschikbaarheid van 98% is exclusief \u201egratis\u201c tarieven.<\/p><p><strong>VI Aansprakelijkheid<\/strong><\/p><p class=\"translation-block\">De verhuurder is alleen aansprakelijk voor grove nalatigheid en opzet. Schade veroorzaakt door computerstoringen en transmissiefouten bij het verzenden van e-mails of door computervirussen wordt niet als grove nalatigheid aangemerkt. De verhuurder moet hiertegen voorzorgsmaatregelen nemen door geschikte antivirussoftware te gebruiken.<br> Aansprakelijkheid voor lichte nalatigheid geldt alleen in het geval van een schending van primaire verplichtingen. In dit geval is de schadevergoedingsplicht van de verhuurder beperkt tot 5.000,00 euro, tenzij afzonderlijk en schriftelijk een hoger bedrag is overeengekomen.<\/p><p><strong>VIII Plaats van nakoming en jurisdictie<\/strong><\/p><p class=\"translation-block\">Het Duitse recht is van toepassing met uitsluiting van het VN-Verdrag inzake internationale koopovereenkomsten betreffende roerende zaken.<br>De plaats van nakoming voor alle diensten en de plaats van jurisdictie is de statutaire zetel van de verhuurder.<\/p><p class=\"translation-block\">Deze algemene voorwaarden zijn opgesteld door <a href=\"https:\/\/trackboxx.com\/nl\/gebruiksvoorwaarden\/http%3a\/\/www.christophbecker.org\/\" target=\"_blank\" rel=\"noopener\">advocaat Christoph Becker<\/a>.<\/p>\t\t\t\t\t\t\t\t<\/div>\n\t\t\t\t<div class=\"elementor-element elementor-element-b5e9aef elementor-position-inline-start elementor-widget__width-initial elementor-view-default elementor-mobile-position-block-start elementor-widget elementor-widget-icon-box\" data-id=\"b5e9aef\" data-element_type=\"widget\" data-e-type=\"widget\" data-widget_type=\"icon-box.default\">\n\t\t\t\t\t\t\t<div class=\"elementor-icon-box-wrapper\">\n\n\t\t\t\t\t\t<div class=\"elementor-icon-box-icon\">\n\t\t\t\t<span  class=\"elementor-icon\">\n\t\t\t\t<svg aria-hidden=\"true\" class=\"e-font-icon-svg e-fas-info-circle\" viewbox=\"0 0 512 512\" xmlns=\"http:\/\/www.w3.org\/2000\/svg\"><path d=\"M256 8C119.043 8 8 119.083 8 256c0 136.997 111.043 248 248 248s248-111.003 248-248C504 119.083 392.957 8 256 8zm0 110c23.196 0 42 18.804 42 42s-18.804 42-42 42-42-18.804-42-42 18.804-42 42-42zm56 254c0 6.627-5.373 12-12 12h-88c-6.627 0-12-5.373-12-12v-24c0-6.627 5.373-12 12-12h12v-64h-12c-6.627 0-12-5.373-12-12v-24c0-6.627 5.373-12 12-12h64c6.627 0 12 5.373 12 12v100h12c6.627 0 12 5.373 12 12v24z\"><\/path><\/svg>\t\t\t\t<\/span>\n\t\t\t<\/div>\n\t\t\t\n\t\t\t\t\t\t<div class=\"elementor-icon-box-content\">\n\n\t\t\t\t\n\t\t\t\t\t\t\t\t\t<p class=\"elementor-icon-box-description translation-block\">Meer informatie vind je in ons <a href=\"\/nl\/hulpcentrum\/\" target=\"_self\">helpcenter.<\/a><\/p>\n\t\t\t\t\n\t\t\t<\/div>\n\t\t\t\n\t\t<\/div>\n\t\t\t\t\t\t<\/div>\n\t\t\t\t\t<\/div>\n\t\t\t\t<\/div>\n\t\t\t\t<\/div>","protected":false},"excerpt":{"rendered":"<p>I. Grundlegende Bestimmungen F\u00fcr Rechtsgesch\u00e4fte und rechtsgesch\u00e4ftliche Handlungen mit Trackboxx, Christian Pust, Dorfstr. 12, 22956 Gr\u00f6nwohld (im Folgenden \u201eVermieter\u201c genannt) gelten die nachfolgenden Allgemeinen Gesch\u00e4ftsbedingungen. Von diesen Bedingungen abweichende Gesch\u00e4ftsbedingungen des Mieters finden keine Anwendung. Gegenbest\u00e4tigungen des Mieters unter Hinweis auf seine eigenen Gesch\u00e4ftsbedingungen wird ausdr\u00fccklich widersprochen. Abweichungen hiervon bed\u00fcrfen der schriftlichen Best\u00e4tigung durch den [&hellip;]<\/p>\n","protected":false},"author":1,"featured_media":0,"parent":0,"menu_order":0,"comment_status":"closed","ping_status":"closed","template":"","meta":{"_acf_changed":false,"footnotes":""},"class_list":["post-2253","page","type-page","status-publish","hentry"],"acf":[],"_links":{"self":[{"href":"https:\/\/trackboxx.com\/nl\/wp-json\/wp\/v2\/pages\/2253","targetHints":{"allow":["GET"]}}],"collection":[{"href":"https:\/\/trackboxx.com\/nl\/wp-json\/wp\/v2\/pages"}],"about":[{"href":"https:\/\/trackboxx.com\/nl\/wp-json\/wp\/v2\/types\/page"}],"author":[{"embeddable":true,"href":"https:\/\/trackboxx.com\/nl\/wp-json\/wp\/v2\/users\/1"}],"replies":[{"embeddable":true,"href":"https:\/\/trackboxx.com\/nl\/wp-json\/wp\/v2\/comments?post=2253"}],"version-history":[{"count":0,"href":"https:\/\/trackboxx.com\/nl\/wp-json\/wp\/v2\/pages\/2253\/revisions"}],"wp:attachment":[{"href":"https:\/\/trackboxx.com\/nl\/wp-json\/wp\/v2\/media?parent=2253"}],"curies":[{"name":"wp","href":"https:\/\/api.w.org\/{rel}","templated":true}]}}