{"id":2253,"date":"2024-05-14T17:22:37","date_gmt":"2024-05-14T15:22:37","guid":{"rendered":"https:\/\/trackboxx.com\/?page_id=2253"},"modified":"2024-07-22T15:10:13","modified_gmt":"2024-07-22T13:10:13","slug":"warunki-uzytkowania","status":"publish","type":"page","link":"https:\/\/trackboxx.com\/pl\/nutzungsbedingungen\/","title":{"rendered":"Warunki u\u017cytkowania"},"content":{"rendered":"<div data-elementor-type=\"wp-page\" data-elementor-id=\"2253\" class=\"elementor elementor-2253\" data-elementor-post-type=\"page\">\n\t\t\t\t<div class=\"elementor-element elementor-element-3db64167 e-flex e-con-boxed e-con e-parent\" data-id=\"3db64167\" data-element_type=\"container\" data-e-type=\"container\">\n\t\t\t\t\t<div class=\"e-con-inner\">\n\t\t\t\t<div class=\"elementor-element elementor-element-42ed90d elementor-widget elementor-widget-text-editor\" data-id=\"42ed90d\" data-element_type=\"widget\" data-e-type=\"widget\" data-widget_type=\"text-editor.default\">\n\t\t\t\t\t\t\t\t\t<p><strong>I. Postanowienia podstawowe<\/strong><\/p><p class=\"translation-block\">Poni\u017csze Og\u00f3lne Warunki maj\u0105 zastosowanie do transakcji prawnych i czynno\u015bci prawnych z Trackboxx, Christian Pust, Dorfstr. 12, 22956 Gr\u00f6nwohld (zwanym dalej \u201eWynajmuj\u0105cym\u201c). Wszelkie warunki Najemcy odbiegaj\u0105ce od niniejszych warunk\u00f3w nie maj\u0105 zastosowania. Kontrpotwierdzenia Najemcy w odniesieniu do jego w\u0142asnych warunk\u00f3w s\u0105 wyra\u017anie odrzucane. Odst\u0119pstwa od tego wymagaj\u0105 pisemnego potwierdzenia przez wynajmuj\u0105cego.<br>Oferta wynajmu skierowana jest wy\u0142\u0105cznie do przedsi\u0119biorc\u00f3w. \u017badne umowy nie s\u0105 zawierane z konsumentami.<\/p><p><strong>Nasza us\u0142uga jest skierowana wy\u0142\u0105cznie do przedsi\u0119biorc\u00f3w. Nie prowadzimy interes\u00f3w z konsumentami.<\/strong><\/p><p><strong><br \/>II Zawarcie umowy, konto klienta<\/strong><\/p><p>J\u0119zykiem umowy jest j\u0119zyk niemiecki. Wynajmuj\u0105cy nie przechowuje pe\u0142nego tekstu umowy. Przed wys\u0142aniem zam\u00f3wienia za po\u015brednictwem systemu koszyka zakup\u00f3w online dane umowy mo\u017cna wydrukowa\u0107 za pomoc\u0105 funkcji drukowania przegl\u0105darki lub zapisa\u0107 elektronicznie. Po otrzymaniu zam\u00f3wienia przez wynajmuj\u0105cego, dane zam\u00f3wienia oraz niniejsze Og\u00f3lne Warunki Handlowe zostan\u0105 ponownie przes\u0142ane klientowi poczt\u0105 elektroniczn\u0105.<\/p><p>Na przyk\u0142ad w przypadku zapyta\u0144 ofertowych wysy\u0142anych do wynajmuj\u0105cego, klient otrzymuje wszystkie dane umowne w ramach wi\u0105\u017c\u0105cej oferty poczt\u0105 elektroniczn\u0105, kt\u00f3re mo\u017ce wydrukowa\u0107 lub zapisa\u0107 elektronicznie\u201c.\u201c<\/p><p>Oferta wynajmu z\u0142o\u017cona przez wynajmuj\u0105cego w Internecie nie stanowi wi\u0105\u017c\u0105cej oferty zawarcia umowy najmu. Nale\u017cy j\u0105 raczej rozumie\u0107 jako zaproszenie do z\u0142o\u017cenia oferty najmu.<\/p><p>Ofert\u0119 wynajmu mo\u017cna z\u0142o\u017cy\u0107 w nast\u0119puj\u0105cy spos\u00f3b: za po\u015brednictwem systemu sklepu internetowego wynajmuj\u0105cego.<\/p><p>Wysy\u0142aj\u0105c zam\u00f3wienie, u\u017cytkownik sk\u0142ada wypo\u017cyczalni wi\u0105\u017c\u0105c\u0105 ofert\u0119 wynajmu. Otrzymanie automatycznej wiadomo\u015bci e-mail potwierdzaj\u0105cej otrzymanie zam\u00f3wienia nie stanowi przyj\u0119cia oferty i nie prowadzi do zawarcia umowy.<\/p><p>Umowa jest nast\u0119pnie zawierana poprzez osobiste potwierdzenie ze strony wynajmuj\u0105cego. Mo\u017ce to r\u00f3wnie\u017c przybra\u0107 form\u0119 dorozumianego o\u015bwiadczenia, takiego jak aktywacja oprogramowania do wynajmu.<\/p><p class=\"translation-block\">Je\u015bli u\u017cytkownik nie otrzyma osobistego potwierdzenia w ci\u0105gu 7 dni roboczych, jego oferta przestaje by\u0107 wi\u0105\u017c\u0105ca. W takim przypadku wszelkie ju\u017c wykonane us\u0142ugi zostan\u0105 niezw\u0142ocznie zwr\u00f3cone.<br>Dodatkowe informacje na temat ochrony danych mo\u017cna znale\u017a\u0107 tutaj: <a href=\"https:\/\/trackboxx.com\/pl\/datenschutzerklaerung\/\" target=\"_blank\" rel=\"noopener\">Polityka prywatno\u015bci<\/a>.<\/p><p>Aby korzysta\u0107 z oprogramowania, konieczne jest r\u00f3wnie\u017c utworzenie konta klienta.<\/p><p><strong><br \/>III Ceny, anulowanie<\/strong><\/p><p>Ceny podane w ofertach s\u0105 cenami netto.<\/p><p>Warunki umowy s\u0105 automatycznie przed\u0142u\u017cane o wybrany okres (miesi\u0119czny lub roczny) i mog\u0105 zosta\u0107 anulowane w dowolnym momencie po zako\u0144czeniu umowy.<\/p><p>Je\u015bli klient przekroczy liczb\u0119 ods\u0142on uzgodnion\u0105 w jego pakiecie w nast\u0119puj\u0105cy spos\u00f3b:<\/p><ol><li>Wi\u0119cej ni\u017c 50% w jednym miesi\u0105cu, lub<\/li><li>w ci\u0105gu 2 kolejnych miesi\u0119cy mi\u0119dzy 1 a 50%, lub<\/li><li>w 3 z 5 miesi\u0119cy mi\u0119dzy 1 a 50%<\/li><\/ol><p>w\u00f3wczas wynajmuj\u0105cy zaoferuje mu upgrade do odpowiednio wi\u0119kszego pakietu. Je\u015bli najemca odm\u00f3wi podwy\u017cszenia pakietu, wynajmuj\u0105cy ma specjalne prawo do wypowiedzenia umowy z 14-dniowym wyprzedzeniem.<\/p><p>Wynajmuj\u0105cy ma r\u00f3wnie\u017c prawo do wypowiedzenia umowy z zachowaniem 3-miesi\u0119cznego okresu wypowiedzenia.<\/p><p>Powy\u017csze postanowienia nie maj\u0105 wp\u0142ywu na mo\u017cliwo\u015b\u0107 anulowania umowy bez wypowiedzenia z wa\u017cnego powodu.<\/p><p>Taryfa \u201ebezp\u0142atna\u201c jest zazwyczaj ograniczona do jednego konta na adres. Operator jest zobowi\u0105zany do dezaktywacji dodatkowych kont.<\/p><p>Co wi\u0119cej, \u201ebezp\u0142atna\u201c taryfa ma zastosowanie wy\u0142\u0105cznie do u\u017cytku \u201eniekomercyjnego\u201c.<\/p><p><strong>IV. Warunki p\u0142atno\u015bci<\/strong><\/p><p class=\"translation-block\">Wszystkie warunki p\u0142atno\u015bci mo\u017cna sprawdzi\u0107 z wyprzedzeniem tutaj: <a href=\"https:\/\/trackboxx.com\/pl\/preise\/\" target=\"_blank\" rel=\"noopener\">Ceny<\/a>.<\/p><p>Faktury podlegaj\u0105 natychmiastowej p\u0142atno\u015bci.<\/p><p><strong>V. Dost\u0119pno\u015b\u0107<\/strong><\/p><p>Wynajmuj\u0105cy gwarantuje \u015brednioroczn\u0105 dost\u0119pno\u015b\u0107 wynajmowanego oprogramowania na poziomie 98%.<\/p><p>Dost\u0119pno\u015b\u0107 modelu 98% nie obejmuje taryf \u201eFree\u201c.<\/p><p><strong>VI Odpowiedzialno\u015b\u0107<\/strong><\/p><p class=\"translation-block\">Wynajmuj\u0105cy ponosi odpowiedzialno\u015b\u0107 tylko za ra\u017c\u0105ce niedbalstwo i umy\u015blno\u015b\u0107. Szkody spowodowane przez awarie komputera i b\u0142\u0119dy transmisji podczas wysy\u0142ania wiadomo\u015bci e-mail lub przez wirusy komputerowe nie s\u0105 klasyfikowane jako ra\u017c\u0105ce niedbalstwo. Wydzier\u017cawiaj\u0105cy podejmie \u015brodki ostro\u017cno\u015bci, stosuj\u0105c odpowiednie oprogramowanie antywirusowe.<br>Odpowiedzialno\u015b\u0107 za lekkie zaniedbanie ma zastosowanie tylko w przypadku naruszenia podstawowych obowi\u0105zk\u00f3w. W takim przypadku zobowi\u0105zanie wynajmuj\u0105cego do zap\u0142aty odszkodowania jest ograniczone do 5.000,00 euro, chyba \u017ce wy\u017csza kwota zostanie uzgodniona oddzielnie i na pi\u015bmie.<\/p><p><strong>VIII Miejsce spe\u0142nienia \u015bwiadczenia i jurysdykcja<\/strong><\/p><p class=\"translation-block\">Prawo niemieckie ma zastosowanie z wy\u0142\u0105czeniem Konwencji Narod\u00f3w Zjednoczonych o umowach mi\u0119dzynarodowej sprzeda\u017cy towar\u00f3w.<br>Miejscem wykonania wszystkich us\u0142ug i miejscem jurysdykcji jest siedziba Wynajmuj\u0105cego.<\/p><p class=\"translation-block\">Niniejszy regulamin zosta\u0142 stworzony przez <a href=\"https:\/\/trackboxx.com\/pl\/warunki-uzytkowania\/http%3a\/\/www.christophbecker.org\/\" target=\"_blank\" rel=\"noopener\">prawnika Christopha Beckera<\/a>.<\/p>\t\t\t\t\t\t\t\t<\/div>\n\t\t\t\t<div class=\"elementor-element elementor-element-b5e9aef elementor-position-inline-start elementor-widget__width-initial elementor-view-default elementor-mobile-position-block-start elementor-widget elementor-widget-icon-box\" data-id=\"b5e9aef\" data-element_type=\"widget\" data-e-type=\"widget\" data-widget_type=\"icon-box.default\">\n\t\t\t\t\t\t\t<div class=\"elementor-icon-box-wrapper\">\n\n\t\t\t\t\t\t<div class=\"elementor-icon-box-icon\">\n\t\t\t\t<span  class=\"elementor-icon\">\n\t\t\t\t<svg aria-hidden=\"true\" class=\"e-font-icon-svg e-fas-info-circle\" viewbox=\"0 0 512 512\" xmlns=\"http:\/\/www.w3.org\/2000\/svg\"><path d=\"M256 8C119.043 8 8 119.083 8 256c0 136.997 111.043 248 248 248s248-111.003 248-248C504 119.083 392.957 8 256 8zm0 110c23.196 0 42 18.804 42 42s-18.804 42-42 42-42-18.804-42-42 18.804-42 42-42zm56 254c0 6.627-5.373 12-12 12h-88c-6.627 0-12-5.373-12-12v-24c0-6.627 5.373-12 12-12h12v-64h-12c-6.627 0-12-5.373-12-12v-24c0-6.627 5.373-12 12-12h64c6.627 0 12 5.373 12 12v100h12c6.627 0 12 5.373 12 12v24z\"><\/path><\/svg>\t\t\t\t<\/span>\n\t\t\t<\/div>\n\t\t\t\n\t\t\t\t\t\t<div class=\"elementor-icon-box-content\">\n\n\t\t\t\t\n\t\t\t\t\t\t\t\t\t<p class=\"elementor-icon-box-description translation-block\">Wi\u0119cej informacji mo\u017cna znale\u017a\u0107 w naszym <a href=\"\/pl\/centrum-pomocy\/\" target=\"_self\">centrum pomocy.<\/a>.<\/p>\n\t\t\t\t\n\t\t\t<\/div>\n\t\t\t\n\t\t<\/div>\n\t\t\t\t\t\t<\/div>\n\t\t\t\t\t<\/div>\n\t\t\t\t<\/div>\n\t\t\t\t<\/div>","protected":false},"excerpt":{"rendered":"<p>I. Grundlegende Bestimmungen F\u00fcr Rechtsgesch\u00e4fte und rechtsgesch\u00e4ftliche Handlungen mit Trackboxx, Christian Pust, Dorfstr. 12, 22956 Gr\u00f6nwohld (im Folgenden \u201eVermieter\u201c genannt) gelten die nachfolgenden Allgemeinen Gesch\u00e4ftsbedingungen. Von diesen Bedingungen abweichende Gesch\u00e4ftsbedingungen des Mieters finden keine Anwendung. Gegenbest\u00e4tigungen des Mieters unter Hinweis auf seine eigenen Gesch\u00e4ftsbedingungen wird ausdr\u00fccklich widersprochen. Abweichungen hiervon bed\u00fcrfen der schriftlichen Best\u00e4tigung durch den [&hellip;]<\/p>\n","protected":false},"author":1,"featured_media":0,"parent":0,"menu_order":0,"comment_status":"closed","ping_status":"closed","template":"","meta":{"_acf_changed":false,"footnotes":""},"class_list":["post-2253","page","type-page","status-publish","hentry"],"acf":[],"_links":{"self":[{"href":"https:\/\/trackboxx.com\/pl\/wp-json\/wp\/v2\/pages\/2253","targetHints":{"allow":["GET"]}}],"collection":[{"href":"https:\/\/trackboxx.com\/pl\/wp-json\/wp\/v2\/pages"}],"about":[{"href":"https:\/\/trackboxx.com\/pl\/wp-json\/wp\/v2\/types\/page"}],"author":[{"embeddable":true,"href":"https:\/\/trackboxx.com\/pl\/wp-json\/wp\/v2\/users\/1"}],"replies":[{"embeddable":true,"href":"https:\/\/trackboxx.com\/pl\/wp-json\/wp\/v2\/comments?post=2253"}],"version-history":[{"count":0,"href":"https:\/\/trackboxx.com\/pl\/wp-json\/wp\/v2\/pages\/2253\/revisions"}],"wp:attachment":[{"href":"https:\/\/trackboxx.com\/pl\/wp-json\/wp\/v2\/media?parent=2253"}],"curies":[{"name":"wp","href":"https:\/\/api.w.org\/{rel}","templated":true}]}}