{"id":3,"date":"2023-12-23T20:29:44","date_gmt":"2023-12-23T19:29:44","guid":{"rendered":"https:\/\/trackboxx.com\/?page_id=3"},"modified":"2025-06-19T13:29:52","modified_gmt":"2025-06-19T11:29:52","slug":"ochrona-danych","status":"publish","type":"page","link":"https:\/\/trackboxx.com\/pl\/datenschutz\/","title":{"rendered":"Polityka prywatno\u015bci"},"content":{"rendered":"<div data-elementor-type=\"wp-page\" data-elementor-id=\"3\" class=\"elementor elementor-3\" data-elementor-post-type=\"page\">\n\t\t\t\t<div class=\"elementor-element elementor-element-65d88da6 e-flex e-con-boxed e-con e-parent\" data-id=\"65d88da6\" data-element_type=\"container\" data-e-type=\"container\">\n\t\t\t\t\t<div class=\"e-con-inner\">\n\t\t\t\t<div class=\"elementor-element elementor-element-271eb181 elementor-widget elementor-widget-text-editor\" data-id=\"271eb181\" data-element_type=\"widget\" data-e-type=\"widget\" data-widget_type=\"text-editor.default\">\n\t\t\t\t\t\t\t\t\t<h3>Ochrona Twoich danych jest dla nas bardzo wa\u017cna!<\/h3><p>Dzi\u0119kujemy za zainteresowanie nasz\u0105 firm\u0105!<\/p><p>Ochrona danych osobowych u\u017cytkownik\u00f3w jest dla nas bardzo wa\u017cna.  Je\u015bli odwiedzasz nasz\u0105 stron\u0119 internetow\u0105, chcesz dowiedzie\u0107 si\u0119 wi\u0119cej lub decydujesz si\u0119 na zakup naszych produkt\u00f3w, staramy si\u0119 przetwarza\u0107 Twoje dane osobowe w spos\u00f3b przejrzysty, odpowiedzialny i poufny. Podj\u0119li\u015bmy \u015brodki techniczne i organizacyjne w celu zapewnienia bezpiecznego przetwarzania danych.<\/p><p>Jednak\u017ce, jako \u015brodek ostro\u017cno\u015bci, chcieliby\u015bmy zwr\u00f3ci\u0107 uwag\u0119, \u017ce ka\u017cda transmisja danych przez Internet (np. podczas komunikacji za po\u015brednictwem poczty elektronicznej) mo\u017ce mie\u0107 luki w zabezpieczeniach. Kompleksowa ochrona danych przed dost\u0119pem os\u00f3b trzecich nie jest mo\u017cliwa.<\/p><h3>Kto jest odpowiedzialny za przetwarzanie danych?<\/h3><p>Administratorem danych w rozumieniu RODO jest<\/p><p>Trackboxx<br \/>Christian Pust<br \/>Dorfstr. 12<br \/>22956 Gr\u00f6nwohld<br \/>+49 (0) 4154 - 70 96 573<br \/><a href=\"mailto:info@trackboxx.com\">info@trackboxx.com<\/a><\/p><p>Tutaj jeste\u015bmy dost\u0119pni, aby odpowiedzie\u0107 na wszystkie pytania dotycz\u0105ce ochrony danych!<\/p><h3>Gromadzenie danych na naszej stronie internetowej<\/h3><p><strong>Pliki dziennika serwera<\/strong><\/p><p>Podczas odwiedzania naszej strony internetowej przegl\u0105darka automatycznie przesy\u0142a tak zwane pliki dziennika serwera. Te pliki dziennika s\u0105 gromadzone i automatycznie przechowywane przez dostawc\u0119 witryny. Obejmuje to nast\u0119puj\u0105ce dane:<\/p><ul><li>Adres IP<\/li><li>Data i godzina zapytania<\/li><li>R\u00f3\u017cnica strefy czasowej w stosunku do czasu uniwersalnego (GMT)<\/li><li>Tre\u015b\u0107 \u017c\u0105dania (konkretna strona)<\/li><li>Status dost\u0119pu\/kod statusu HTTP<\/li><li>Ilo\u015b\u0107 przes\u0142anych danych w ka\u017cdym przypadku<\/li><li>Strona internetowa, z kt\u00f3rej pochodzi \u017c\u0105danie<\/li><li>Przegl\u0105darka<\/li><li>System operacyjny i jego interfejs<\/li><li>J\u0119zyk i wersja oprogramowania przegl\u0105darki<\/li><\/ul><p>Dane te nie s\u0105 \u0142\u0105czone z innymi \u017ar\u00f3d\u0142ami danych.<\/p><p>Podstaw\u0105 gromadzenia danych jest art. 6 ust. 1 lit. f RODO. Jako operator strony internetowej mamy uzasadniony interes w technicznie bezb\u0142\u0119dnej prezentacji i optymalizacji naszej strony internetowej.<\/p><p>Informacje z pliku dziennika s\u0105 przechowywane przez maksymalnie 7 dni ze wzgl\u0119d\u00f3w bezpiecze\u0144stwa (np. w celu zbadania niew\u0142a\u015bciwego u\u017cycia lub oszustwa), a nast\u0119pnie usuwane.<\/p><p><strong>Pliki cookie<\/strong><\/p><p>Na naszej stronie internetowej u\u017cywamy technicznie niezb\u0119dnego pliku cookie, kt\u00f3ry jest ustawiany podczas otwierania konta w naszym serwisie. Jest to tak zwany \u201csesyjny plik cookie\u201d, kt\u00f3ry jest automatycznie usuwany po opuszczeniu naszej witryny.<\/p><p>Zasadniczo przegl\u0105darki mo\u017cna ustawi\u0107 w taki spos\u00f3b, aby<\/p><ul><li>informowa\u0107 o ustawieniach plik\u00f3w cookie i zezwala\u0107 na pliki cookie tylko w indywidualnych przypadkach,<\/li><li>wykluczy\u0107 akceptacj\u0119 plik\u00f3w cookie w niekt\u00f3rych przypadkach lub og\u00f3lnie, oraz<\/li><li>aktywowa\u0107 automatyczne usuwanie plik\u00f3w cookie podczas zamykania przegl\u0105darki.<\/li><\/ul><p>W przypadku og\u00f3lnej dezaktywacji plik\u00f3w cookie funkcjonalno\u015b\u0107 tej witryny mo\u017ce by\u0107 ograniczona.<\/p><p><strong>\u00a0<\/strong><\/p><p><strong>Szyfrowanie SSL lub TLS<\/strong><\/p><p>Nasza strona internetowa jest szyfrowana za pomoc\u0105 protoko\u0142u SSL\/TLS, dzi\u0119ki czemu dane przesy\u0142ane do nas za po\u015brednictwem strony internetowej nie mog\u0105 by\u0107 odczytywane przez osoby trzecie. Mo\u017cna to rozpozna\u0107 po tym, \u017ce wiersz adresu przegl\u0105darki zmienia si\u0119 z \u201chttp:\/\/\u201d na \u201chttps:\/\/\u201d oraz po symbolu k\u0142\u00f3dki w wierszu przegl\u0105darki.<\/p><p><strong>\u00a0<\/strong><\/p><p><strong>Formularz kontaktowy<\/strong><\/p><p>Je\u015bli skontaktujesz si\u0119 z nami za po\u015brednictwem formularza kontaktowego, informacje z formularza zapytania, w tym podane tam dane kontaktowe, b\u0119d\u0105 przez nas przechowywane w celu przetworzenia zapytania oraz w przypadku dalszych pyta\u0144. Oczywi\u015bcie nie przeka\u017cemy tych danych bez zgody u\u017cytkownika.<\/p><p>Dane wprowadzone w formularzu kontaktowym s\u0105 przetwarzane na podstawie naszego uzasadnionego interesu (art. 6 ust. 1 lit. f RODO) lub w celu realizacji \u015brodk\u00f3w przedumownych (art. 6 ust. 1 lit. b RODO).<\/p><p>Dane pozostan\u0105 u nas, dop\u00f3ki u\u017cytkownik nie poprosi nas o ich usuni\u0119cie, nie cofnie zgody na przechowywanie lub nie ustanie cel przechowywania danych (np. po przetworzeniu zapytania). Obowi\u0105zkowe przepisy ustawowe - w szczeg\u00f3lno\u015bci ustawowe okresy przechowywania - pozostaj\u0105 nienaruszone.<\/p><p><strong>Funkcja komentarza<\/strong><\/p><p>Je\u015bli korzystasz z funkcji komentowania na naszej stronie internetowej, Tw\u00f3j adres IP, czas utworzenia komentarza i wybrana nazwa u\u017cytkownika zostan\u0105 zapisane. Podstaw\u0105 tego przetwarzania jest nasz uzasadniony interes (art. 6 ust. 1 lit. f RODO). Przechowywanie s\u0142u\u017cy naszemu bezpiecze\u0144stwu, poniewa\u017c mo\u017cemy by\u0107 \u015bcigani za nielegalne tre\u015bci na naszej stronie internetowej, nawet je\u015bli zosta\u0142y one utworzone przez u\u017cytkownik\u00f3w.<\/p><p>Dane zostan\u0105 usuni\u0119te natychmiast po przeczytaniu komentarzy. Zazwyczaj nast\u0119puje to w ci\u0105gu kilku godzin.<\/p><p><strong>Wtyczki i narz\u0119dzia<\/strong><\/p><p>Oczywi\u015bcie na naszej stronie internetowej korzystamy z us\u0142ugi analizy internetowej trackboxx. U\u017cywamy go do statystycznej oceny dost\u0119pu odwiedzaj\u0105cych i analizy korzystania z naszej strony internetowej. W tym celu dane s\u0105 przechowywane anonimowo na serwerze w Niemczech i podlegaj\u0105 przepisom RODO.<\/p><p>Nie u\u017cywamy plik\u00f3w cookie ani nie przechowujemy \u017cadnych danych osobowych. Zamiast tego, adres IP u\u017cytkownika jest wykorzystywany do wygenerowania kodu, kt\u00f3ry jest nast\u0119pnie przypisywany do anonimowego identyfikatora u\u017cytkownika przez ca\u0142y czas przebywania na naszej stronie internetowej. Dane te nie mog\u0105 by\u0107 przypisane do konkretnej osoby i s\u0105 zaszyfrowane kodem, kt\u00f3ry zmienia si\u0119 codziennie. W zwi\u0105zku z tym nie jest mo\u017cliwe \u201erozpoznanie\u201c u\u017cytkownika po ponownym odwiedzeniu naszej witryny.<\/p><p>Nie ma \u015bledzenia mi\u0119dzy witrynami, \u0142\u0105czenia danych z innymi \u017ar\u00f3d\u0142ami ani przekazywania informacji stronom trzecim.<\/p><p>Podstaw\u0105 prawn\u0105 przetwarzania danych jest art. 6 ust. 1 lit. f RODO. Nasz uzasadniony interes polega na projektowaniu i optymalizacji naszej strony internetowej w oparciu o potrzeby.<\/p>\t\t\t\t\t\t\t\t<\/div>\n\t\t\t\t<div class=\"elementor-element elementor-element-f86e7b5 elementor-widget elementor-widget-text-editor\" data-id=\"f86e7b5\" data-element_type=\"widget\" data-e-type=\"widget\" data-widget_type=\"text-editor.default\">\n\t\t\t\t\t\t\t\t\t<h3>Korzystanie z us\u0142ug dostawcy us\u0142ug p\u0142atniczych do przetwarzania zakup\u00f3w<\/h3><p>Po wybraniu pakietu trackboxx, system poprowadzi u\u017cytkownika przez proces sk\u0142adania zam\u00f3wienia i p\u0142atno\u015bci.<\/p><p>U\u017cywamy dostawcy us\u0142ug p\u0142atniczych Paddle do przetwarzania p\u0142atno\u015bci za zam\u00f3wienie. Sp\u00f3\u0142k\u0105 operacyjn\u0105 jest Paddle.com Market Ltd, 70 Wilson St, Finsbury, London EC2A 2DB, Wielka Brytania.<\/p><p>Paddle dzia\u0142a jako sprzedawca w imieniu Trackboxx i dzia\u0142a jako administrator danych w rozumieniu RODO i dzia\u0142a jako bezpo\u015bredni partner umowny (sprzedawca).<\/p><p>Wszystkie informacje dotycz\u0105ce p\u0142atno\u015bci s\u0105 przechowywane bezpo\u015brednio przez Paddle.com w celu zapewnienia prawid\u0142owego przetwarzania p\u0142atno\u015bci. Nie mamy dost\u0119pu do tych danych.<\/p><p>Podstaw\u0105 prawn\u0105 jest art. 6 ust. 1 lit. b RODO: Przetwarzanie danych jest niezb\u0119dne do wykonania umowy lub wdro\u017cenia \u015brodk\u00f3w przedumownych.<\/p><p>Zostaniesz przekierowany do Paddle.com iFrame podczas procesu sk\u0142adania zam\u00f3wienia, aby wprowadzi\u0107 szczeg\u00f3\u0142y p\u0142atno\u015bci. Wcze\u015bniej Paddle nie gromadzi \u017cadnych danych.<\/p><p class=\"translation-block\">Szczeg\u00f3\u0142owe informacje na temat ochrony danych w Paddle mo\u017cna znale\u017a\u0107 pod adresem <a href=\"https:\/\/paddle.com\/privacy\/\" target=\"_blank\" rel=\"noopener\">https:\/\/paddle.com\/privacy\/<\/a> lub pod adresem <a href=\"https:\/\/paddle.com\/privacy-buyers\/\" target=\"_blank\" rel=\"noopener\">https:\/\/paddle.com\/privacy-buyers\/<\/a>.<\/p><h3>Korzystanie z CDN podczas korzystania z Trackboxx na w\u0142asnej stronie internetowej<\/h3><p class=\"translation-block\">U\u017cywamy BunnyCDN do dostarczania skryptu \u015bledz\u0105cego Trackboxx. BunnyCDN nie gromadzi, nie przechowuje ani nie rozpowszechnia \u017cadnych informacji, kt\u00f3re mog\u0142yby by\u0107 w jakikolwiek spos\u00f3b wykorzystane do identyfikacji u\u017cytkownika lub zawiera\u0107 jego dane osobowe. Wi\u0119cej informacji na temat sposobu przetwarzania danych przez BunnyCDN mo\u017cna znale\u017a\u0107 na stronie internetowej BunnyCDN pod adresem <a href=\"https:\/\/bunnycdn.com\/gdpr\" target=\"_blank\" rel=\"noopener\">https:\/\/bunnycdn.com\/gdpr<\/a> oraz <a href=\"https:\/\/bunnycdn.com\/privacy\" target=\"_blank\" rel=\"noopener\">https:\/\/bunnycdn.com\/privacy<\/a>.<\/p><h3>Dlaczego potrzebujemy danych u\u017cytkownika i co z nimi robimy?<\/h3><p>Je\u015bli u\u017cytkownik skontaktuje si\u0119 z nami za po\u015brednictwem poczty elektronicznej, telefonu, poczty lub faksu, zapytanie zawieraj\u0105ce wszystkie dane osobowe (imi\u0119 i nazwisko, numer telefonu, adres e-mail itp.) b\u0119dzie przechowywane i przetwarzane w celu przetworzenia zapytania u\u017cytkownika.<\/p><p>Przekazane dane zostan\u0105 usuni\u0119te lub ich przetwarzanie zostanie ograniczone po przetworzeniu zapytania (art. 17 i 18 RODO), o ile usuni\u0119cie nie jest sprzeczne z ustawowymi obowi\u0105zkami przechowywania (np. w przypadku p\u00f3\u017aniejszego zawarcia umowy).<\/p><p>Regularnie sprawdzamy konieczno\u015b\u0107 usuni\u0119cia danych.<\/p><p><strong>Przetwarzanie um\u00f3w<\/strong><\/p><p>Dane (imi\u0119 i nazwisko, numer telefonu, adres e-mail itp.) przekazane nam w celu korzystania z naszych towar\u00f3w i us\u0142ug podlegaj\u0105 ustawowym okresom przechowywania i zostan\u0105 usuni\u0119te po ich up\u0142ywie.<\/p><p><strong>\u00a0<\/strong><\/p><p><strong>Cele przetwarzania danych<\/strong><\/p><ul><li>Przetwarzanie zapyta\u0144<\/li><li>\u015awiadczenie us\u0142ug i us\u0142ug obj\u0119tych umow\u0105<\/li><li>Wsparcie produktu\/systemu<\/li><li>Informacje o produktach i us\u0142ugach<\/li><\/ul><p><strong>Podstawa prawna<\/strong><\/p><p>Dane u\u017cytkownika s\u0105 przetwarzane na podstawie og\u00f3lnego rozporz\u0105dzenia o ochronie danych (RODO) oraz krajowych przepis\u00f3w federalnej ustawy o ochronie danych. Nast\u0119puj\u0105ce podstawy prawne RODO s\u0105 dla nas istotne:<\/p><ul><li><strong>6 ust. 1 lit. b<\/strong><\/li><\/ul><p>W celu realizacji umowy lub wdro\u017cenia \u015brodk\u00f3w przedumownych.<\/p><ul><li><strong>6 ust. 1 lit. c<\/strong><\/li><\/ul><p>W celu wype\u0142nienia obowi\u0105zku prawnego.<\/p><ul><li><strong>6 ust. 1 lit. f<\/strong><\/li><\/ul><p>Ochrona naszych uzasadnionych interes\u00f3w. Mamy uzasadniony interes w oferowaniu naszych towar\u00f3w i us\u0142ug oraz zapewnianiu najlepszej mo\u017cliwej obs\u0142ugi.<\/p><p>W przypadku innych mo\u017cliwych operacji przetwarzania, dla kt\u00f3rych nie ma podstawy prawnej (np. istniej\u0105cy stosunek umowny), zazwyczaj uzyskujemy zgod\u0119 u\u017cytkownika zgodnie z art. 6 ust. 1 lit. a RODO.<\/p><h3>Jakie prawa przys\u0142uguj\u0105 u\u017cytkownikowi w odniesieniu do jego danych?<\/h3><p class=\"translation-block\">U\u017cytkownik ma prawo do bezp\u0142atnego otrzymania <strong>informacji<\/strong> o pochodzeniu, odbiorcy i celu przechowywanych danych osobowych.<\/p><p class=\"translation-block\">U\u017cytkownik mo\u017ce r\u00f3wnie\u017c za\u017c\u0105da\u0107 <strong>poprawienia<\/strong>, <strong>zablokowania<\/strong> lub <strong>usuni\u0119cia<\/strong> swoich danych oraz - w pewnych okoliczno\u015bciach - <strong>ograniczenia przetwarzania<\/strong> w dowolnym momencie. Dzieje si\u0119 tak na przyk\u0142ad w przypadku zakwestionowania dok\u0142adno\u015bci przechowywanych danych. Zazwyczaj potrzebujemy czasu, aby to sprawdzi\u0107. Na czas przegl\u0105du u\u017cytkownik ma prawo za\u017c\u0105da\u0107 ograniczenia przetwarzania swoich danych osobowych.<\/p><p class=\"translation-block\">Na \u017c\u0105danie przeka\u017cemy dane, kt\u00f3re przetwarzamy automatycznie na podstawie zgody u\u017cytkownika lub w ramach realizacji umowy, u\u017cytkownikowi lub stronie trzeciej w powszechnie u\u017cywanym formacie nadaj\u0105cym si\u0119 do odczytu maszynowego. Je\u015bli u\u017cytkownik za\u017c\u0105da bezpo\u015bredniego przekazania danych innemu administratorowi, zostanie to wykonane tylko w zakresie, w jakim jest to technicznie wykonalne (prawo do <strong>przenoszalno\u015bci danych<\/strong>).<\/p><p><strong>Cofni\u0119cie zgody na przetwarzanie danych<\/strong><\/p><p>Je\u015bli operacja przetwarzania danych opiera si\u0119 na Twojej zgodzie, mo\u017cesz j\u0105 wycofa\u0107 w dowolnym momencie. Wystarczy wys\u0142a\u0107 do nas nieformaln\u0105 wiadomo\u015b\u0107 e-mail. Wycofanie zgody nie ma wp\u0142ywu na zgodno\u015b\u0107 z prawem przetwarzania danych prowadzonego do momentu wycofania zgody.<\/p><p><strong>Prawo do sprzeciwu wobec gromadzenia danych w szczeg\u00f3lnych przypadkach i marketingu bezpo\u015bredniego (art. 21 RODO)<\/strong><\/p><p><em>Je\u015bli przetwarzanie danych odbywa si\u0119 na podstawie art. 6 ust. 1 lit. f RODO, u\u017cytkownik ma prawo w dowolnym momencie, z przyczyn wynikaj\u0105cych z jego\u00a0<strong>szczeg\u00f3lna sytuacja<\/strong>\u00a0wniesienia sprzeciwu wobec przetwarzania danych osobowych. Dotyczy to r\u00f3wnie\u017c profilowania opartego na tych przepisach. Jako\u00a0<strong>Szczeg\u00f3lna sytuacja<\/strong>\u00a0mog\u0105 by\u0107 brane pod uwag\u0119 okoliczno\u015bci takie jak choroba, inne zrz\u0105dzenia losu, szczeg\u00f3lnie wysoki poziom poufno\u015bci i\/lub ochrona interes\u00f3w os\u00f3b o wysokim stopniu ochrony.<\/em><\/p><p><em>Je\u015bli u\u017cytkownik wniesie sprzeciw, nie b\u0119dziemy ju\u017c przetwarza\u0107 jego danych osobowych. Chyba \u017ce b\u0119dziemy w stanie wykaza\u0107 istnienie wa\u017cnych prawnie uzasadnionych podstaw do przetwarzania, nadrz\u0119dnych wobec interes\u00f3w, praw i wolno\u015bci u\u017cytkownika, lub przetwarzanie b\u0119dzie s\u0142u\u017cy\u0107 dochodzeniu, wykonywaniu lub obronie roszcze\u0144 prawnych.<\/em><\/p><p class=\"translation-block\"><em>W szczeg\u00f3lno\u015bci u\u017cytkownik mo\u017ce sprzeciwi\u0107 si\u0119 przetwarzaniu danych do cel\u00f3w <strong>marketingu bezpo\u015bredniego<\/strong>. W przypadku wyra\u017cenia sprzeciwu dane osobowe u\u017cytkownika nie b\u0119d\u0105 ju\u017c wykorzystywane do cel\u00f3w marketingu bezpo\u015bredniego.<\/p><p><strong>Istnienie zautomatyzowanego podejmowania decyzji<\/strong><\/p><p>Jako odpowiedzialna firma nie stosujemy zautomatyzowanego podejmowania decyzji ani profilowania.<\/p><p><strong>Prawo do z\u0142o\u017cenia skargi do w\u0142a\u015bciwego organu nadzorczego<\/strong><\/p><p>W przypadku naruszenia RODO u\u017cytkownik ma prawo z\u0142o\u017cy\u0107 skarg\u0119 do organu nadzorczego. Prawo do z\u0142o\u017cenia skargi pozostaje bez uszczerbku dla wszelkich innych administracyjnych lub s\u0105dowych \u015brodk\u00f3w odwo\u0142awczych. List\u0119 inspektor\u00f3w ochrony danych i ich dane kontaktowe mo\u017cna znale\u017a\u0107 tutaj\u00a0<a href=\"https:\/\/www.bfdi.bund.de\/DE\/Infothek\/Anschriften_Links\/anschriften_links-node.html\" target=\"_blank\" rel=\"noopener\">tutaj.<\/a><\/p><p class=\"wp-block-code\"><strong>Polityka prywatno\u015bci dla Userlike<\/strong><\/p><p>W przypadku aktywacji funkcji czatu na naszej stronie internetowej przetwarzane s\u0105 dodatkowe dane osobowe. Przetwarzane kategorie danych: dane techniczne po\u0142\u0105czenia z serwerem (adres IP, data, godzina, \u017c\u0105dana strona, informacje o przegl\u0105darce), informacje o zapytaniu i dane kontaktowe, takie jak imi\u0119 i nazwisko lub adres e-mail. Cel przetwarzania: Analiza zachowa\u0144 u\u017cytkownik\u00f3w, wsparcie dla odwiedzaj\u0105cych witryn\u0119 w przypadku pyta\u0144 technicznych lub zwi\u0105zanych z tre\u015bci\u0105 oraz optymalizacja tre\u015bci. Podstawa prawna przetwarzania: Zgoda u\u017cytkownika zgodnie z art. 6 (1) a RODO. Przekazywanie danych odbywa si\u0119: do podmiotu przetwarzaj\u0105cego Userlike UG, Probsteigasse 44-46, 50670 Kolonia, Niemcy.<\/p><p><strong>Cel przetwarzania danych<\/strong><\/p><p>Zebrane dane s\u0105 wykorzystywane wy\u0142\u0105cznie w celu udzielenia odpowiedzi na zapytanie u\u017cytkownika. Przetwarzanie danych odbywa si\u0119 na podstawie zgody u\u017cytkownika zgodnie z art. 6 ust. 1 lit. a RODO oraz naszego uzasadnionego interesu zgodnie z art. 6 ust. 1 lit. f RODO.<\/p><p><strong>Czas przechowywania danych<\/strong><\/p><p>Dane zebrane podczas korzystania z chatbota s\u0105 przechowywane przez okres maksymalnie sze\u015bciu miesi\u0119cy, a nast\u0119pnie automatycznie usuwane, pod warunkiem, \u017ce nie ma ustawowych obowi\u0105zk\u00f3w przechowywania lub dane nie s\u0105 ju\u017c potrzebne do pierwotnego celu.<\/p><p><strong>\u015arodki bezpiecze\u0144stwa<\/strong><\/p><p>Podj\u0119li\u015bmy \u015brodki techniczne i organizacyjne w celu zapewnienia bezpiecze\u0144stwa danych u\u017cytkownika. Poniewa\u017c nie okre\u015blono \u017cadnych konkretnych \u015brodk\u00f3w bezpiecze\u0144stwa, zalecamy wspomnienie o nich w tym miejscu, aby wzbudzi\u0107 zaufanie w\u015br\u00f3d u\u017cytkownik\u00f3w.<\/p><p><strong>Prawa os\u00f3b, kt\u00f3rych dane dotycz\u0105<\/strong><\/p><p>U\u017cytkownik ma prawo do otrzymania w dowolnym momencie informacji o przechowywanych przez nas danych osobowych. U\u017cytkownik ma r\u00f3wnie\u017c prawo do sprostowania, usuni\u0119cia, ograniczenia przetwarzania oraz prawo do przenoszenia danych. U\u017cytkownik mo\u017ce w ka\u017cdej chwili skontaktowa\u0107 si\u0119 z nami w celu skorzystania z tych praw:<\/p><p class=\"translation-block\"><strong>E-mail:<\/strong> <a rel=\"noreferrer\" target=\"_self\">info@trackboxx.com<\/a>.<\/p><p>W przypadku jakichkolwiek pyta\u0144 dotycz\u0105cych przetwarzania danych osobowych mo\u017cna r\u00f3wnie\u017c skontaktowa\u0107 si\u0119 z nami pod powy\u017cszym adresem e-mail.<\/p><h3>Program partnerski Trackboxx<\/h3><p>Trackboxx korzysta z us\u0142ug TradeTracker.com. Ich zadaniem jest pomoc reklamodawcom i wydawcom w zrozumieniu, kt\u00f3re reklamy wy\u015bwietlane przez wydawc\u00f3w wygenerowa\u0142y sprzeda\u017c, leady lub inne dzia\u0142ania dla reklamodawc\u00f3w. Dzi\u0119ki temu reklamodawca mo\u017ce zap\u0142aci\u0107 wydawcy tylko wtedy, gdy reklama wy\u015bwietlona przez wydawc\u0119 (lub inne wymagane dzia\u0142anie) skieruje osob\u0119 do reklamodawcy, a osoba ta dokona zakupu. W tym celu TradeTracker wykorzystuje dane, w tym pliki cookie. Dane te odnosz\u0105 si\u0119 do os\u00f3b fizycznych, ale nie identyfikuj\u0105 ich z imienia i nazwiska. S\u0105 to dane pseudonimizowane i odnosz\u0105 si\u0119 do pojedynczego przekierowania danej osoby z jednej witryny do drugiej, a nast\u0119pnie potwierdzenia, \u017ce dokonano zakupu.<\/p><p>TradeTracker prowadzi r\u00f3wnie\u017c baz\u0119 danych zawieraj\u0105c\u0105 odniesienia do urz\u0105dze\u0144 os\u00f3b fizycznych, dzi\u0119ki czemu mo\u017cemy \u015bledzi\u0107, czy reklama ogl\u0105dana na jednym urz\u0105dzeniu, np. telefonie, doprowadzi\u0142a do dokonania przez t\u0119 osob\u0119 zakupu na jednym z jej innych urz\u0105dze\u0144, np. laptopie. Ta baza danych nie pozwala na identyfikacj\u0119 os\u00f3b po nazwisku, co nie jest mo\u017cliwe w przypadku samego TradeTracker.<\/p><p>TradeTracker nie tworzy profili, kt\u00f3re pokazuj\u0105 histori\u0119 zakup\u00f3w os\u00f3b fizycznych w Internecie w danym okresie czasu. TradeTracker nie kieruje r\u00f3wnie\u017c do os\u00f3b fizycznych reklam produkt\u00f3w i us\u0142ug w oparciu o ich postrzegane zainteresowania. Jego rol\u0105 jest jedynie mierzenie skuteczno\u015bci konkretnych reklam internetowych.<\/p><h3>Wysy\u0142ka newslettera i wiadomo\u015bci systemowych za po\u015brednictwem Amazon SES<\/h3><p>U\u017cywamy \u201eAmazon Simple Email Service\u201c od dostawcy us\u0142ug technicznych Amazon Web Services, Inc., 410 Terry Avenue North, Seattle WA 98109, USA (\u201eAmazon SES\u201c) do zarz\u0105dzania naszym ruchem e-mail i wysy\u0142ania naszego biuletynu.<\/p><p class=\"translation-block\">Amazon SES dzia\u0142a jako platforma do organizowania, wysy\u0142ania i odbierania wiadomo\u015bci e-mail oraz umo\u017cliwia po\u0142\u0105czenie z r\u00f3\u017cnymi dostawcami us\u0142ug pocztowych i klientami pocztowymi. Podczas wysy\u0142ania biuletyn\u00f3w za pomoc\u0105 Amazon SES dane biuletynu (adres e-mail, ewentualnie imi\u0119 i nazwisko do cel\u00f3w powitania) s\u0105 najpierw przesy\u0142ane na serwery Amazon Web Services, a nast\u0119pnie przekazywane do rzeczywistego klienta poczty w celu wys\u0142ania. Lokalizacje serwer\u00f3w Amazon Web Services znajduj\u0105 si\u0119 na terenie UE (Dublin, Frankfurt, Pary\u017c itp.). W indywidualnych przypadkach dane mog\u0105 by\u0107 jednak r\u00f3wnie\u017c przekazywane do Amazon Web Services, Inc. w USA.<br>Podstaw\u0105 prawn\u0105 przetwarzania danych przy u\u017cyciu Amazon SES jest nasz uzasadniony interes w jak najlepszej organizacji technicznej i obs\u0142udze naszego ruchu e-mail oraz optymalizacji dostarczania tre\u015bci i dostarczalno\u015bci zgodnie z art. 6 ust. 1 lit. f RODO.<\/p><p>Mo\u017cesz zapozna\u0107 si\u0119 z polityk\u0105 prywatno\u015bci Amazon Web Services, Inc.\u00a0<a href=\"https:\/\/d1.awsstatic.com\/legal\/privacypolicy\/AWS_Privacy_Notice_German_2020-08-15.pdf\" target=\"_blank\" rel=\"noopener\">tutaj<\/a>\u00a0widok.<\/p><h3>Google API Disclosure dla Trackboxx<\/h3><p class=\"translation-block\">Wykorzystanie informacji uzyskanych przez Trackboxx z interfejs\u00f3w API Google i ich ujawnienie innym aplikacjom jest zgodne z <a href=\"https:\/\/developers.google.com\/terms\/api-services-user-data-policy#additional_requirements_for_specific_api_scopes\" target=\"_blank\" rel=\"noopener\">Google API Services User Data Policy<\/a>, w tym z wymogami dotycz\u0105cymi ograniczonego u\u017cytkowania.<\/p><h3>Jeste\u015bmy tu dla Ciebie<\/h3><p class=\"translation-block\">Masz pytania dotycz\u0105ce praw os\u00f3b, kt\u00f3rych dane dotycz\u0105, lub innych kwestii zwi\u0105zanych z ochron\u0105 danych? Jeste\u015bmy do Pa\u0144stwa dyspozycji pod adresem <a href=\"mailto:info@trackboxx.com\" target=\"_self\">info@trackboxx.com<\/a>.<\/p>\t\t\t\t\t\t\t\t<\/div>\n\t\t\t\t\t<\/div>\n\t\t\t\t<\/div>\n\t\t\t\t<\/div>","protected":false},"excerpt":{"rendered":"<p>Der Schutz deiner Daten ist uns wichtig! Vielen Dank f\u00fcr dein Interesse an uns! Der Schutz deiner pers\u00f6nlichen Daten ist uns sehr wichtig.\u00a0 Wenn du unsere Seite besuchst, dich nur informieren willst oder dich zum Kauf unserer Produkte entschlie\u00dft, ist unser Anspruch, mit deinen personenbezogenen Daten transparent, verantwortungsvoll und vertraulich umzugehen. Wir haben technische und [&hellip;]<\/p>\n","protected":false},"author":1,"featured_media":0,"parent":0,"menu_order":0,"comment_status":"closed","ping_status":"closed","template":"","meta":{"_acf_changed":false,"footnotes":""},"class_list":["post-3","page","type-page","status-publish","hentry"],"acf":[],"_links":{"self":[{"href":"https:\/\/trackboxx.com\/pl\/wp-json\/wp\/v2\/pages\/3","targetHints":{"allow":["GET"]}}],"collection":[{"href":"https:\/\/trackboxx.com\/pl\/wp-json\/wp\/v2\/pages"}],"about":[{"href":"https:\/\/trackboxx.com\/pl\/wp-json\/wp\/v2\/types\/page"}],"author":[{"embeddable":true,"href":"https:\/\/trackboxx.com\/pl\/wp-json\/wp\/v2\/users\/1"}],"replies":[{"embeddable":true,"href":"https:\/\/trackboxx.com\/pl\/wp-json\/wp\/v2\/comments?post=3"}],"version-history":[{"count":0,"href":"https:\/\/trackboxx.com\/pl\/wp-json\/wp\/v2\/pages\/3\/revisions"}],"wp:attachment":[{"href":"https:\/\/trackboxx.com\/pl\/wp-json\/wp\/v2\/media?parent=3"}],"curies":[{"name":"wp","href":"https:\/\/api.w.org\/{rel}","templated":true}]}}