{"id":568,"date":"2024-03-29T20:33:29","date_gmt":"2024-03-29T19:33:29","guid":{"rendered":"https:\/\/trackboxx.com\/?page_id=568"},"modified":"2026-02-11T11:44:36","modified_gmt":"2026-02-11T10:44:36","slug":"odcisk","status":"publish","type":"page","link":"https:\/\/trackboxx.com\/pl\/impressum\/","title":{"rendered":"Nadruk"},"content":{"rendered":"<div data-elementor-type=\"wp-page\" data-elementor-id=\"568\" class=\"elementor elementor-568\" data-elementor-post-type=\"page\">\n\t\t\t\t<div class=\"elementor-element elementor-element-69d3f6fb e-flex e-con-boxed e-con e-parent\" data-id=\"69d3f6fb\" data-element_type=\"container\" data-e-type=\"container\">\n\t\t\t\t\t<div class=\"e-con-inner\">\n\t\t\t\t<div class=\"elementor-element elementor-element-5f467650 elementor-widget elementor-widget-text-editor\" data-id=\"5f467650\" data-element_type=\"widget\" data-e-type=\"widget\" data-widget_type=\"text-editor.default\">\n\t\t\t\t\t\t\t\t\t\n<p><strong>Trackboxx<\/strong><br \/>Christian Pust<\/p>\n\n<p><em>Siedziba g\u0142\u00f3wna:<\/em><br \/>Humboldtstrasse 9<br \/>38820 Halberstadt<\/p>\n\n<p><em>Oddzia\u0142<\/em><br \/>Dorfstr. 12<br \/>22956 Gr\u00f6nwohld<\/p>\n\n<p>Telefon: +49 (0) 160 96 49 71 25<br \/>Faks: +49 (0) 322 298 362 30<br \/>E-mail:\u00a0<a href=\"mailto:info@trackboxx.com\">info@trackboxx.com<\/a><\/p>\n\n<p>Reprezentacja prawna: adwokat Christoph Becker<br \/><a href=\"https:\/\/www.christophbecker.org\/\" target=\"_blank\" rel=\"noreferrer noopener\">https:\/\/www.christophbecker.org\/<\/a><\/p>\n\n<p><strong>Rozstrzyganie spor\u00f3w konsumenckich \/ \u00a7 36 VSBG<\/strong><br \/>Nie jeste\u015bmy sk\u0142onni ani zobowi\u0105zani do udzia\u0142u w post\u0119powaniu rozstrzygaj\u0105cym spory przed komisj\u0105 arbitra\u017cow\u0105 ds. konsument\u00f3w.<\/p>\n\n<h3 class=\"wp-block-heading\"><strong>Informacje og\u00f3lne<\/strong><\/h3>\n\n<p>Jako renomowany dostawca i us\u0142ugodawca staramy si\u0119 zawsze post\u0119powa\u0107 uczciwie, prawid\u0142owo i zgodnie z prawem. Nasza strona internetowa r\u00f3wnie\u017c zosta\u0142a stworzona z my\u015bl\u0105 o tym. Wszystkie tre\u015bci, wyja\u015bnienia, linki i inne informacje zosta\u0142y opracowane zgodnie z nasz\u0105 najlepsz\u0105 wiedz\u0105 i przekonaniem.<\/p>\n\n<p><strong>Odpowiedzialno\u015b\u0107 za tre\u015b\u0107<\/strong><\/p>\n\n<p>Niniejsza strona internetowa i jej zawarto\u015b\u0107 zosta\u0142y stworzone przez nas z najwi\u0119ksz\u0105 mo\u017cliw\u0105 staranno\u015bci\u0105. Nie udzielamy jednak \u017cadnej gwarancji na dok\u0142adno\u015b\u0107, kompletno\u015b\u0107 i aktualno\u015b\u0107 tre\u015bci.<\/p>\n\n<p>Zgodnie z \u00a77 I TMG jeste\u015bmy odpowiedzialni za w\u0142asne tre\u015bci. Nie jeste\u015bmy jednak zobowi\u0105zani do monitorowania przekazywanych lub przechowywanych informacji os\u00f3b trzecich ani do badania okoliczno\u015bci wskazuj\u0105cych na nielegalne zachowanie lub nielegaln\u0105 dzia\u0142alno\u015b\u0107. Nie dotyczy to wyra\u017anych zobowi\u0105za\u0144 prawnych do usuwania lub blokowania informacji. Nie ponosimy jednak odpowiedzialno\u015bci, zanim nie dowiemy si\u0119 o konkretnym naruszeniu. Je\u015bli dowiemy si\u0119 o takim naruszeniu, niezw\u0142ocznie usuniemy odpowiednie tre\u015bci.<\/p>\n\n<p><strong>Odpowiedzialno\u015b\u0107 za linki<\/strong><\/p>\n\n<p>Nasza witryna internetowa zawiera \u0142\u0105cza do zewn\u0119trznych witryn internetowych os\u00f3b trzecich. Oczywi\u015bcie nie mamy wp\u0142ywu na ich tre\u015b\u0107, dlatego nie mo\u017cemy ponosi\u0107 \u017cadnej odpowiedzialno\u015bci za tre\u015b\u0107 tych stron. Wy\u0142\u0105czn\u0105 odpowiedzialno\u015b\u0107 za tre\u015b\u0107 tych stron ponosi ich operator lub dostawca. Podczas tworzenia link\u00f3w sprawdzili\u015bmy wszystkie odpowiednie strony z najwy\u017csz\u0105 staranno\u015bci\u0105 pod k\u0105tem wszelkich narusze\u0144. W czasie sprawdzania nie znaleziono \u017cadnych takich narusze\u0144 ani nielegalnych tre\u015bci. Obowi\u0105zek sta\u0142ego monitorowania tre\u015bci tych stron, do kt\u00f3rych prowadz\u0105 linki, by\u0142by nieuzasadniony bez konkretnych dowod\u00f3w naruszenia i dlatego nie mo\u017ce mie\u0107 zastosowania do nas. Je\u015bli jednak dowiemy si\u0119 o naruszeniu, niezw\u0142ocznie usuniemy link.<\/p>\n\n<p><strong>Prawa autorskie<\/strong><\/p>\n\n<p>Tre\u015bci i dzie\u0142a stworzone przez nas na tych stronach podlegaj\u0105 niemieckiemu prawu autorskiemu. Powielanie, przetwarzanie, rozpowszechnianie i wszelkiego rodzaju wykorzystywanie poza granicami prawa autorskiego wymaga pisemnej zgody odpowiedniego autora lub tw\u00f3rcy. Wykorzystanie naszej strony internetowej lub jej zawarto\u015bci do cel\u00f3w komercyjnych jest mo\u017cliwe wy\u0142\u0105cznie po uzyskaniu naszej uprzedniej zgody. Wyra\u017anie zastrzegamy sobie prawo do zakazania niekt\u00f3rych zastosowa\u0144 komercyjnych. Tre\u015bci os\u00f3b trzecich na tej stronie, kt\u00f3re nie zosta\u0142y stworzone przez operatora, s\u0105 wykorzystywane zgodnie z odpowiednimi prawami autorskimi i oznaczone jako takie. Je\u015bli mimo to dowiesz si\u0119 o naruszeniu praw autorskich, uprzejmie prosimy o poinformowanie nas o tym. Gdy tylko dowiemy si\u0119 o jakichkolwiek naruszeniach prawa, podejmiemy wszelkie niezb\u0119dne kroki, aby natychmiast i trwale powstrzyma\u0107 si\u0119 od nich lub zapewni\u0107, \u017ce nie b\u0119d\u0105 one mia\u0142y miejsca.<\/p>\n\t\t\t\t\t\t\t\t<\/div>\n\t\t\t\t\t<\/div>\n\t\t\t\t<\/div>\n\t\t\t\t<\/div>","protected":false},"excerpt":{"rendered":"<p>TrackboxxChristian Pust Hauptsitz:Humboldtstra\u00dfe 938820 Halberstadt ZweigstelleDorfstr. 1222956 \u00a0Gr\u00f6nwohld Telefon: +49 (0) 160 96 49 71 25Fax: +49 (0) 322 298 362 30E-Mail:\u00a0info@trackboxx.com Anwaltliche Vertretung: Rechtsanwalt Christoph Beckerhttps:\/\/www.christophbecker.org\/ Verbraucherstreitbeilegung \/ \u00a7 36 VSBGWir sind nicht bereit und nicht verpflichtet, an Streitbeilegungsverfahren vor einer Verbraucherschlichtungsstelle teilzunehmen. Allgemeines Als seri\u00f6ser Anbieter und Dienstleister sind wir bestrebt, uns stets [&hellip;]<\/p>\n","protected":false},"author":1,"featured_media":0,"parent":0,"menu_order":0,"comment_status":"closed","ping_status":"closed","template":"","meta":{"_acf_changed":false,"footnotes":""},"class_list":["post-568","page","type-page","status-publish","hentry"],"acf":[],"_links":{"self":[{"href":"https:\/\/trackboxx.com\/pl\/wp-json\/wp\/v2\/pages\/568","targetHints":{"allow":["GET"]}}],"collection":[{"href":"https:\/\/trackboxx.com\/pl\/wp-json\/wp\/v2\/pages"}],"about":[{"href":"https:\/\/trackboxx.com\/pl\/wp-json\/wp\/v2\/types\/page"}],"author":[{"embeddable":true,"href":"https:\/\/trackboxx.com\/pl\/wp-json\/wp\/v2\/users\/1"}],"replies":[{"embeddable":true,"href":"https:\/\/trackboxx.com\/pl\/wp-json\/wp\/v2\/comments?post=568"}],"version-history":[{"count":3,"href":"https:\/\/trackboxx.com\/pl\/wp-json\/wp\/v2\/pages\/568\/revisions"}],"predecessor-version":[{"id":4854,"href":"https:\/\/trackboxx.com\/pl\/wp-json\/wp\/v2\/pages\/568\/revisions\/4854"}],"wp:attachment":[{"href":"https:\/\/trackboxx.com\/pl\/wp-json\/wp\/v2\/media?parent=568"}],"curies":[{"name":"wp","href":"https:\/\/api.w.org\/{rel}","templated":true}]}}