{"id":2253,"date":"2024-05-14T17:22:37","date_gmt":"2024-05-14T15:22:37","guid":{"rendered":"https:\/\/trackboxx.com\/?page_id=2253"},"modified":"2024-07-22T15:10:13","modified_gmt":"2024-07-22T13:10:13","slug":"villkor-foer-anvaendning","status":"publish","type":"page","link":"https:\/\/trackboxx.com\/sv\/nutzungsbedingungen\/","title":{"rendered":"Villkor f\u00f6r anv\u00e4ndning"},"content":{"rendered":"<div data-elementor-type=\"wp-page\" data-elementor-id=\"2253\" class=\"elementor elementor-2253\" data-elementor-post-type=\"page\">\n\t\t\t\t<div class=\"elementor-element elementor-element-3db64167 e-flex e-con-boxed e-con e-parent\" data-id=\"3db64167\" data-element_type=\"container\" data-e-type=\"container\">\n\t\t\t\t\t<div class=\"e-con-inner\">\n\t\t\t\t<div class=\"elementor-element elementor-element-42ed90d elementor-widget elementor-widget-text-editor\" data-id=\"42ed90d\" data-element_type=\"widget\" data-e-type=\"widget\" data-widget_type=\"text-editor.default\">\n\t\t\t\t\t\t\t\t\t<p><strong>I. Grundl\u00e4ggande best\u00e4mmelser<\/strong><\/p><p class=\"translation-block\">F\u00f6ljande allm\u00e4nna villkor g\u00e4ller f\u00f6r r\u00e4ttshandlingar och r\u00e4ttshandlingar med Trackboxx, Christian Pust, Dorfstr. 12, 22956 Gr\u00f6nwohld (nedan kallad \u201eUthyraren\u201c). Hyrestagarens eventuella villkor som avviker fr\u00e5n dessa villkor ska inte g\u00e4lla. Motbekr\u00e4ftelser fr\u00e5n Hyrestagaren med h\u00e4nvisning till egna villkor avvisas uttryckligen. Avvikelser fr\u00e5n detta kr\u00e4ver skriftlig bekr\u00e4ftelse av hyresv\u00e4rden.<br> Hyreserbjudandet riktar sig uteslutande till f\u00f6retagare. Inga avtal ing\u00e5s med konsumenter.<\/p><p><strong>V\u00e5r tj\u00e4nst riktar sig uteslutande till f\u00f6retagare. Vi g\u00f6r inte aff\u00e4rer med konsumenter.<\/strong><\/p><p><strong><br \/>II Ing\u00e5ende av avtal, kundkonto<\/strong><\/p><p>Avtalsspr\u00e5ket \u00e4r tyska. Den fullst\u00e4ndiga avtalstexten lagras inte av uthyraren. Innan best\u00e4llningen skickas via varukorgssystemet online kan avtalsuppgifterna skrivas ut med hj\u00e4lp av webbl\u00e4sarens utskriftsfunktion eller sparas elektroniskt. N\u00e4r uthyraren har mottagit best\u00e4llningen skickas best\u00e4llningsuppgifterna och dessa allm\u00e4nna villkor p\u00e5 nytt till kunden via e-post.<\/p><p>N\u00e4r det g\u00e4ller offertf\u00f6rfr\u00e5gningar som skickas till hyresv\u00e4rden f\u00e5r kunden till exempel alla avtalsuppgifter som en del av ett bindande erbjudande via e-post, som kunden kan skriva ut eller spara elektroniskt.\u201c<\/p><p>Hyresv\u00e4rdens hyreserbjudande p\u00e5 Internet utg\u00f6r inte ett bindande erbjudande om att ing\u00e5 ett hyresavtal. Det \u00e4r snarare att betrakta som en inbjudan att l\u00e4mna ett hyreserbjudande.<\/p><p>Du kan l\u00e4mna ditt hyreserbjudande p\u00e5 f\u00f6ljande s\u00e4tt: via hyresv\u00e4rdens webbshopsystem.<\/p><p>Genom att skicka best\u00e4llningen l\u00e4mnar du ett bindande hyreserbjudande till uthyrningsf\u00f6retaget. Om du sedan f\u00e5r ett automatiskt e-postmeddelande som bekr\u00e4ftar mottagandet av din best\u00e4llning, inneb\u00e4r detta inte att erbjudandet accepteras och leder inte till att ett avtal ing\u00e5s.<\/p><p>Kontraktet ing\u00e5s sedan genom en personlig bekr\u00e4ftelse fr\u00e5n hyresv\u00e4rden. Detta kan ocks\u00e5 ske i form av en underf\u00f6rst\u00e5dd deklaration, till exempel aktivering av hyresprogramvaran.<\/p><p class=\"translation-block\">Om du inte f\u00e5r en personlig bekr\u00e4ftelse inom 7 arbetsdagar \u00e4r du inte l\u00e4ngre bunden av ditt erbjudande. I detta fall kommer eventuella tj\u00e4nster som redan utf\u00f6rts att \u00e5terbetalas omedelbart.<br>Ytterligare information om dataskydd finns h\u00e4r: <a href=\"https:\/\/trackboxx.com\/sv\/datenschutzerklaerung\/\" target=\"_blank\" rel=\"noopener\">Privatlivspolicy<\/a>.<\/p><p>Det \u00e4r ocks\u00e5 obligatoriskt att skapa ett kundkonto f\u00f6r att kunna anv\u00e4nda programvaran.<\/p><p><strong><br \/>III Priser, avbest\u00e4llning<\/strong><\/p><p>De priser som anges i offerterna \u00e4r nettopriser.<\/p><p>Avtalstiden f\u00f6rl\u00e4ngs automatiskt med den valda l\u00f6ptiden (m\u00e5nadsvis eller \u00e5rsvis) och kan s\u00e4gas upp n\u00e4r som helst vid avtalstidens slut.<\/p><p>Om kunden \u00f6verskrider de sidvisningar som avtalats i hans paket enligt f\u00f6ljande:<\/p><ol><li>Mer \u00e4n 50% under en m\u00e5nad, eller<\/li><li>under 2 p\u00e5 varandra f\u00f6ljande m\u00e5nader mellan 1 och 50%, eller<\/li><li>under 3 av 5 m\u00e5nader mellan 1 och 50%<\/li><\/ol><p>s\u00e5 kommer hyresv\u00e4rden att erbjuda honom en uppgradering till ett l\u00e4mpligt st\u00f6rre paket. Om hyresg\u00e4sten tackar nej till uppgraderingen har hyresv\u00e4rden en s\u00e4rskild upps\u00e4gningsr\u00e4tt med 14 dagars varsel.<\/p><p>Hyresv\u00e4rden har ocks\u00e5 en vanlig upps\u00e4gningsr\u00e4tt med en upps\u00e4gningstid p\u00e5 3 m\u00e5nader.<\/p><p>M\u00f6jligheten till upps\u00e4gning utan f\u00f6reg\u00e5ende meddelande p\u00e5 goda grunder p\u00e5verkas inte av ovanst\u00e5ende best\u00e4mmelser.<\/p><p>Den \u201efria\u201c tariffen \u00e4r i allm\u00e4nhet begr\u00e4nsad till ett konto per adress. Operat\u00f6ren \u00e4r skyldig att avaktivera ytterligare konton h\u00e4r.<\/p><p>Dessutom g\u00e4ller den \u201efria\u201c tariffen uteslutande f\u00f6r \u201eicke-kommersiell\u201c anv\u00e4ndning.<\/p><p><strong>IV. Betalningsvillkor<\/strong><\/p><p class=\"translation-block\">Alla betalningsvillkor kan ses i f\u00f6rv\u00e4g h\u00e4r: <a href=\"https:\/\/trackboxx.com\/sv\/preise\/\" target=\"_blank\" rel=\"noopener\">Priser<\/a>.<\/p><p>Fakturor f\u00f6rfaller till betalning omedelbart.<\/p><p><strong>V. Tillg\u00e4nglighet<\/strong><\/p><p>Uthyraren garanterar en \u00e5rlig genomsnittlig tillg\u00e4nglighet av den hyrda programvaran p\u00e5 98%.<\/p><p>Tillg\u00e4ngligheten f\u00f6r 98% inkluderar inte \u201eFree\u201c-tariffer.<\/p><p><strong>VI Ansvarighet<\/strong><\/p><p class=\"translation-block\">Hyresv\u00e4rden ansvarar endast f\u00f6r grov v\u00e5rdsl\u00f6shet och upps\u00e5t. Skador som orsakas av datorfel och \u00f6verf\u00f6ringsfel vid utskick av e-post eller av datavirus \u00e4r inte att betrakta som grov v\u00e5rdsl\u00f6shet. Hyresv\u00e4rden ska vidta f\u00f6rsiktighets\u00e5tg\u00e4rder mot detta genom att anv\u00e4nda l\u00e4mplig antivirusprogramvara.<br> Ansvar f\u00f6r ringa v\u00e5rdsl\u00f6shet g\u00e4ller endast vid brott mot huvudf\u00f6rpliktelser. I detta fall \u00e4r uthyrarens ers\u00e4ttningsskyldighet begr\u00e4nsad till 5.000,00 euro, om inte ett h\u00f6gre belopp skriftligen avtalas separat.<\/p><p><strong>VIII Fullg\u00f6relseort och jurisdiktion<\/strong><\/p><p class=\"translation-block\">Tysk lag ska g\u00e4lla med uteslutande av FN:s konvention om avtal f\u00f6r internationell f\u00f6rs\u00e4ljning av varor.<br> Uppfyllelseort f\u00f6r alla tj\u00e4nster och jurisdiktion \u00e4r uthyrarens s\u00e4te.<\/p><p class=\"translation-block\">Dessa villkor har skapats av <a href=\"https:\/\/trackboxx.com\/sv\/villkor-foer-anvaendning\/http%3a\/\/www.christophbecker.org\/\" target=\"_blank\" rel=\"noopener\">advokaten Christoph Becker<\/a>.<\/p>\t\t\t\t\t\t\t\t<\/div>\n\t\t\t\t<div class=\"elementor-element elementor-element-b5e9aef elementor-position-inline-start elementor-widget__width-initial elementor-view-default elementor-mobile-position-block-start elementor-widget elementor-widget-icon-box\" data-id=\"b5e9aef\" data-element_type=\"widget\" data-e-type=\"widget\" data-widget_type=\"icon-box.default\">\n\t\t\t\t\t\t\t<div class=\"elementor-icon-box-wrapper\">\n\n\t\t\t\t\t\t<div class=\"elementor-icon-box-icon\">\n\t\t\t\t<span  class=\"elementor-icon\">\n\t\t\t\t<svg aria-hidden=\"true\" class=\"e-font-icon-svg e-fas-info-circle\" viewbox=\"0 0 512 512\" xmlns=\"http:\/\/www.w3.org\/2000\/svg\"><path d=\"M256 8C119.043 8 8 119.083 8 256c0 136.997 111.043 248 248 248s248-111.003 248-248C504 119.083 392.957 8 256 8zm0 110c23.196 0 42 18.804 42 42s-18.804 42-42 42-42-18.804-42-42 18.804-42 42-42zm56 254c0 6.627-5.373 12-12 12h-88c-6.627 0-12-5.373-12-12v-24c0-6.627 5.373-12 12-12h12v-64h-12c-6.627 0-12-5.373-12-12v-24c0-6.627 5.373-12 12-12h64c6.627 0 12 5.373 12 12v100h12c6.627 0 12 5.373 12 12v24z\"><\/path><\/svg>\t\t\t\t<\/span>\n\t\t\t<\/div>\n\t\t\t\n\t\t\t\t\t\t<div class=\"elementor-icon-box-content\">\n\n\t\t\t\t\n\t\t\t\t\t\t\t\t\t<p class=\"elementor-icon-box-description translation-block\">Du kan hitta mer information i v\u00e5rt <a href=\"\/sv\/hjaelpcenter\/\" target=\"_self\">hj\u00e4lpcenter.<\/a><\/p>\n\t\t\t\t\n\t\t\t<\/div>\n\t\t\t\n\t\t<\/div>\n\t\t\t\t\t\t<\/div>\n\t\t\t\t\t<\/div>\n\t\t\t\t<\/div>\n\t\t\t\t<\/div>","protected":false},"excerpt":{"rendered":"<p>I. Grundlegende Bestimmungen F\u00fcr Rechtsgesch\u00e4fte und rechtsgesch\u00e4ftliche Handlungen mit Trackboxx, Christian Pust, Dorfstr. 12, 22956 Gr\u00f6nwohld (im Folgenden \u201eVermieter\u201c genannt) gelten die nachfolgenden Allgemeinen Gesch\u00e4ftsbedingungen. Von diesen Bedingungen abweichende Gesch\u00e4ftsbedingungen des Mieters finden keine Anwendung. Gegenbest\u00e4tigungen des Mieters unter Hinweis auf seine eigenen Gesch\u00e4ftsbedingungen wird ausdr\u00fccklich widersprochen. Abweichungen hiervon bed\u00fcrfen der schriftlichen Best\u00e4tigung durch den [&hellip;]<\/p>\n","protected":false},"author":1,"featured_media":0,"parent":0,"menu_order":0,"comment_status":"closed","ping_status":"closed","template":"","meta":{"_acf_changed":false,"footnotes":""},"class_list":["post-2253","page","type-page","status-publish","hentry"],"acf":[],"_links":{"self":[{"href":"https:\/\/trackboxx.com\/sv\/wp-json\/wp\/v2\/pages\/2253","targetHints":{"allow":["GET"]}}],"collection":[{"href":"https:\/\/trackboxx.com\/sv\/wp-json\/wp\/v2\/pages"}],"about":[{"href":"https:\/\/trackboxx.com\/sv\/wp-json\/wp\/v2\/types\/page"}],"author":[{"embeddable":true,"href":"https:\/\/trackboxx.com\/sv\/wp-json\/wp\/v2\/users\/1"}],"replies":[{"embeddable":true,"href":"https:\/\/trackboxx.com\/sv\/wp-json\/wp\/v2\/comments?post=2253"}],"version-history":[{"count":0,"href":"https:\/\/trackboxx.com\/sv\/wp-json\/wp\/v2\/pages\/2253\/revisions"}],"wp:attachment":[{"href":"https:\/\/trackboxx.com\/sv\/wp-json\/wp\/v2\/media?parent=2253"}],"curies":[{"name":"wp","href":"https:\/\/api.w.org\/{rel}","templated":true}]}}