{"id":3,"date":"2023-12-23T20:29:44","date_gmt":"2023-12-23T19:29:44","guid":{"rendered":"https:\/\/trackboxx.com\/?page_id=3"},"modified":"2025-06-19T13:29:52","modified_gmt":"2025-06-19T11:29:52","slug":"dataskydd","status":"publish","type":"page","link":"https:\/\/trackboxx.com\/sv\/datenschutz\/","title":{"rendered":"Integritetspolicy"},"content":{"rendered":"<div data-elementor-type=\"wp-page\" data-elementor-id=\"3\" class=\"elementor elementor-3\" data-elementor-post-type=\"page\">\n\t\t\t\t<div class=\"elementor-element elementor-element-65d88da6 e-flex e-con-boxed e-con e-parent\" data-id=\"65d88da6\" data-element_type=\"container\" data-e-type=\"container\">\n\t\t\t\t\t<div class=\"e-con-inner\">\n\t\t\t\t<div class=\"elementor-element elementor-element-271eb181 elementor-widget elementor-widget-text-editor\" data-id=\"271eb181\" data-element_type=\"widget\" data-e-type=\"widget\" data-widget_type=\"text-editor.default\">\n\t\t\t\t\t\t\t\t\t<h3>Skyddet av dina uppgifter \u00e4r viktigt f\u00f6r oss!<\/h3><p>Tack f\u00f6r att du \u00e4r intresserad av oss!<\/p><p>Skyddet av dina personuppgifter \u00e4r mycket viktigt f\u00f6r oss.  Om du bes\u00f6ker v\u00e5r webbplats, bara vill ta reda p\u00e5 mer eller best\u00e4mmer dig f\u00f6r att k\u00f6pa v\u00e5ra produkter, str\u00e4var vi efter att hantera dina personuppgifter p\u00e5 ett \u00f6ppet, ansvarsfullt och konfidentiellt s\u00e4tt. Vi har vidtagit tekniska och organisatoriska \u00e5tg\u00e4rder f\u00f6r att s\u00e4kerst\u00e4lla en s\u00e4ker behandling.<\/p><p>Som en f\u00f6rsiktighets\u00e5tg\u00e4rd vill vi dock p\u00e5peka att all data\u00f6verf\u00f6ring via Internet (t.ex. vid kommunikation via e-post) kan ha s\u00e4kerhetsbrister. Ett helt\u00e4ckande skydd av uppgifter mot \u00e5tkomst av tredje part \u00e4r inte m\u00f6jligt.<\/p><h3>Vem \u00e4r ansvarig f\u00f6r behandlingen?<\/h3><p>Personuppgiftsansvarig i den mening som avses i GDPR \u00e4r<\/p><p>Trackboxx<br \/>Christian Pust<br \/>Dorfstr. 12<br \/>22956 Gr\u00f6nwohld<br \/>+49 (0) 4154 - 70 96 573<br \/><a href=\"mailto:info@trackboxx.com\">info@trackboxx.com<\/a><\/p><p>H\u00e4r finns vi tillg\u00e4ngliga f\u00f6r att svara p\u00e5 alla dina fr\u00e5gor om dataskydd!<\/p><h3>Datainsamling p\u00e5 v\u00e5r webbplats<\/h3><p><strong>Serverns loggfiler<\/strong><\/p><p>N\u00e4r du bes\u00f6ker v\u00e5r webbplats \u00f6verf\u00f6r din webbl\u00e4sare automatiskt s\u00e5 kallade serverloggfiler. Dessa loggfiler samlas in och lagras automatiskt av webbplatsens leverant\u00f6r. Detta omfattar f\u00f6ljande uppgifter:<\/p><ul><li>IP-adress<\/li><li>Datum och tid f\u00f6r f\u00f6rfr\u00e5gan<\/li><li>Tidszonskillnad mot Greenwich Mean Time (GMT)<\/li><li>F\u00f6rfr\u00e5gans inneh\u00e5ll (specifik sida)<\/li><li>\u00c5tkomststatus\/http-statuskod<\/li><li>M\u00e4ngd data som \u00f6verf\u00f6rs i varje enskilt fall<\/li><li>Webbplats fr\u00e5n vilken beg\u00e4ran kommer<\/li><li>Webbl\u00e4sare<\/li><li>Operativsystem och dess gr\u00e4nssnitt<\/li><li>Spr\u00e5k och version av webbl\u00e4sarens programvara<\/li><\/ul><p>Dessa data sl\u00e5s inte samman med andra datak\u00e4llor.<\/p><p>Grunden f\u00f6r denna datainsamling \u00e4r artikel 6.1 f i GDPR. Som webbplatsoperat\u00f6r har vi ett ber\u00e4ttigat intresse av att v\u00e5r webbplats presenteras och optimeras p\u00e5 ett tekniskt felfritt s\u00e4tt.<\/p><p>Loggfilsinformationen lagras i h\u00f6gst 7 dagar av s\u00e4kerhetssk\u00e4l (t.ex. f\u00f6r att utreda missbruk eller bedr\u00e4geri) och raderas sedan.<\/p><p><strong>Kakor<\/strong><\/p><p>Vi anv\u00e4nder en tekniskt n\u00f6dv\u00e4ndig cookie p\u00e5 v\u00e5r webbplats som s\u00e4tts n\u00e4r du \u00f6ppnar ett konto hos oss. Detta \u00e4r en s\u00e5 kallad \u201csessionscookie\u201d, som raderas automatiskt s\u00e5 snart du l\u00e4mnar v\u00e5r webbplats.<\/p><p>I princip kan webbl\u00e4sare st\u00e4llas in s\u00e5 att du kan<\/p><ul><li>informeras om inst\u00e4llningen av cookies och endast till\u00e5ta cookies i enskilda fall,<\/li><li>utesluta acceptans av cookies f\u00f6r vissa fall eller i allm\u00e4nhet, och<\/li><li>aktivera automatisk radering av cookies n\u00e4r du st\u00e4nger webbl\u00e4saren.<\/li><\/ul><p>Om cookies avaktiveras generellt kan funktionaliteten p\u00e5 denna webbplats begr\u00e4nsas.<\/p><p><strong>\u00a0<\/strong><\/p><p><strong>SSL- eller TLS-kryptering<\/strong><\/p><p>V\u00e5r webbplats \u00e4r SSL\/TLS-krypterad s\u00e5 att data som du \u00f6verf\u00f6r till oss via webbplatsen inte kan l\u00e4sas av tredje part. Du kan se detta genom att adressraden i webbl\u00e4saren \u00e4ndras fr\u00e5n \u201chttp:\/\/\u201d till \u201chttps:\/\/\u201d och genom l\u00e5ssymbolen i webbl\u00e4sarraden.<\/p><p><strong>\u00a0<\/strong><\/p><p><strong>Kontaktformul\u00e4r<\/strong><\/p><p>Om du kontaktar oss via kontaktformul\u00e4ret kommer informationen fr\u00e5n f\u00f6rfr\u00e5gningsformul\u00e4ret, inklusive de kontaktuppgifter som anges d\u00e4r, att lagras av oss i syfte att behandla f\u00f6rfr\u00e5gningen och vid eventuella f\u00f6ljdfr\u00e5gor. Naturligtvis kommer vi inte att vidarebefordra dessa uppgifter utan ditt samtycke.<\/p><p>De uppgifter som anges i kontaktformul\u00e4ret behandlas p\u00e5 grundval av v\u00e5rt ber\u00e4ttigade intresse (art. 6.1 f GDPR) eller f\u00f6r att uppfylla \u00e5tg\u00e4rder f\u00f6re avtal (art. 6.1 b GDPR).<\/p><p>Uppgifterna kommer att finnas kvar hos oss tills du ber oss att radera dem, \u00e5terkallar ditt samtycke till lagring eller syftet med datalagringen inte l\u00e4ngre g\u00e4ller (t.ex. efter att f\u00f6rfr\u00e5gan har behandlats). Obligatoriska lagstadgade best\u00e4mmelser - i synnerhet lagstadgade lagringsperioder - p\u00e5verkas inte.<\/p><p><strong>Kommentar funktion<\/strong><\/p><p>Om du anv\u00e4nder kommentarsfunktionen p\u00e5 v\u00e5r webbplats sparas din IP-adress, tidpunkten d\u00e5 du skapade kommentaren och det anv\u00e4ndarnamn du valde. Grunden f\u00f6r denna behandling \u00e4r v\u00e5rt ber\u00e4ttigade intresse (artikel 6.1 f i GDPR). Lagringen tj\u00e4nar v\u00e5r s\u00e4kerhet, eftersom vi kan \u00e5talas f\u00f6r olagligt inneh\u00e5ll p\u00e5 v\u00e5r webbplats, \u00e4ven om det har skapats av anv\u00e4ndare.<\/p><p>Uppgifterna kommer att raderas s\u00e5 snart vi har l\u00e4st kommentarerna. Detta sker vanligtvis inom n\u00e5gra timmar.<\/p><p><strong>Plugins och verktyg<\/strong><\/p><p>Naturligtvis anv\u00e4nder vi v\u00e5r webbanalystj\u00e4nst trackboxx p\u00e5 v\u00e5r webbplats. Vi anv\u00e4nder den f\u00f6r att statistiskt utv\u00e4rdera bes\u00f6karnas tillg\u00e5ng och analysera anv\u00e4ndningen av v\u00e5r webbplats. Uppgifterna lagras anonymt p\u00e5 en server i Tyskland f\u00f6r detta \u00e4ndam\u00e5l och omfattas av best\u00e4mmelserna i GDPR.<\/p><p>Vi anv\u00e4nder inte cookies och lagrar inte n\u00e5gra personuppgifter. Ist\u00e4llet anv\u00e4nds din IP-adress f\u00f6r att generera en kod som sedan tilldelas ett anonymt anv\u00e4ndar-ID s\u00e5 l\u00e4nge du befinner dig p\u00e5 v\u00e5r webbplats. Dessa uppgifter kan inte h\u00e4nf\u00f6ras till en viss person och krypteras med en kod som \u00e4ndras dagligen. Det \u00e4r d\u00e4rf\u00f6r inte m\u00f6jligt att \u201ek\u00e4nna igen\u201c dig n\u00e4r du bes\u00f6ker v\u00e5r webbplats igen.<\/p><p>Det f\u00f6rekommer ingen sp\u00e5rning mellan webbplatser, l\u00e4nkning av data med andra k\u00e4llor eller vidarebefordran av information till tredje part.<\/p><p>Den r\u00e4ttsliga grunden f\u00f6r behandlingen \u00e4r artikel 6.1 f i GDPR. V\u00e5rt ber\u00e4ttigade intresse ligger i den behovsbaserade utformningen och optimeringen av v\u00e5r webbplats.<\/p>\t\t\t\t\t\t\t\t<\/div>\n\t\t\t\t<div class=\"elementor-element elementor-element-f86e7b5 elementor-widget elementor-widget-text-editor\" data-id=\"f86e7b5\" data-element_type=\"widget\" data-e-type=\"widget\" data-widget_type=\"text-editor.default\">\n\t\t\t\t\t\t\t\t\t<h3>Anv\u00e4ndning av en betaltj\u00e4nstleverant\u00f6r f\u00f6r hantering av k\u00f6p<\/h3><p>N\u00e4r du har best\u00e4mt dig f\u00f6r ett trackboxx-paket kommer systemet att guida dig genom best\u00e4llnings- och betalningsprocessen.<\/p><p>Vi anv\u00e4nder betaltj\u00e4nstleverant\u00f6ren Paddle f\u00f6r att behandla betalningar f\u00f6r din best\u00e4llning. Det operativa f\u00f6retaget \u00e4r Paddle.com Market Ltd, 70 Wilson St, Finsbury, London EC2A 2DB, Storbritannien.<\/p><p>Paddle agerar som s\u00e4ljare f\u00f6r Trackboxx r\u00e4kning och agerar som personuppgiftsansvarig i den mening som avses i GDPR och agerar som din direkta avtalspart (merchant of record).<\/p><p>All betalningsinformation som \u00e4r relevant f\u00f6r betalningshanteringen lagras direkt av Paddle.com f\u00f6r att s\u00e4kerst\u00e4lla korrekt betalningshantering. Vi har inte tillg\u00e5ng till dessa uppgifter.<\/p><p>Den r\u00e4ttsliga grunden \u00e4r artikel 6.1 b i GDPR: Databehandlingen \u00e4r n\u00f6dv\u00e4ndig f\u00f6r att fullg\u00f6ra ett avtal eller f\u00f6r att genomf\u00f6ra \u00e5tg\u00e4rder innan ett avtal ing\u00e5s.<\/p><p>Du kommer att omdirigeras till Paddle.com iFrame under best\u00e4llningsprocessen f\u00f6r att ange dina betalningsuppgifter. Inga uppgifter samlas in av Paddle f\u00f6re detta.<\/p><p class=\"translation-block\">Du kan hitta detaljerad information om dataskydd hos Paddle p\u00e5 <a href=\"https:\/\/paddle.com\/privacy\/\" target=\"_blank\" rel=\"noopener\">https:\/\/paddle.com\/privacy\/<\/a> eller p\u00e5 <a href=\"https:\/\/paddle.com\/privacy-buyers\/\" target=\"_blank\" rel=\"noopener\">https:\/\/paddle.com\/privacy-buyers\/<\/a><\/p><h3>Anv\u00e4ndning av CDN n\u00e4r du anv\u00e4nder Trackboxx p\u00e5 din egen webbplats<\/h3><p class=\"translation-block\">Vi anv\u00e4nder BunnyCDN f\u00f6r att leverera Trackboxx sp\u00e5rningsskript. BunnyCDN samlar inte in, lagrar eller distribuerar n\u00e5gon information som p\u00e5 n\u00e5got s\u00e4tt kan anv\u00e4ndas f\u00f6r att identifiera en anv\u00e4ndare eller inneh\u00e5lla dennes personuppgifter. F\u00f6r mer information om hur BunnyCDN hanterar data, bes\u00f6k BunnyCDN:s webbplats p\u00e5 <a href=\"https:\/\/bunnycdn.com\/gdpr\" target=\"_blank\" rel=\"noopener\">https:\/\/bunnycdn.com\/gdpr<\/a> och <a href=\"https:\/\/bunnycdn.com\/privacy\" target=\"_blank\" rel=\"noopener\">https:\/\/bunnycdn.com\/privacy<\/a>.<\/p><h3>Varf\u00f6r vi beh\u00f6ver dina uppgifter och vad vi g\u00f6r med dem<\/h3><p>Om du kontaktar oss via e-post, telefon, post eller fax kommer f\u00f6rfr\u00e5gan inklusive alla personuppgifter (namn, telefonnummer, e-postadress etc.) att lagras och behandlas i syfte att hantera din f\u00f6rfr\u00e5gan.<\/p><p>De \u00f6verf\u00f6rda uppgifterna kommer att raderas eller begr\u00e4nsas i sin behandling efter att f\u00f6rfr\u00e5gan har behandlats (art. 17 och 18, GDPR), f\u00f6rutsatt att raderingen inte strider mot lagstadgade lagringsskyldigheter (t.ex. i h\u00e4ndelse av efterf\u00f6ljande ing\u00e5ende av ett avtal).<\/p><p>Vi ser regelbundet \u00f6ver n\u00f6dv\u00e4ndigheten av att radera uppgifter.<\/p><p><strong>Avtalshantering<\/strong><\/p><p>De uppgifter (namn, telefonnummer, e-postadress etc.) som du l\u00e4mnar till oss f\u00f6r att kunna anv\u00e4nda v\u00e5ra varor och tj\u00e4nster omfattas av lagstadgade lagringstider och raderas efter att dessa har l\u00f6pt ut.<\/p><p><strong>\u00a0<\/strong><\/p><p><strong>\u00c4ndam\u00e5len med behandlingen<\/strong><\/p><ul><li>Behandling av f\u00f6rfr\u00e5gningar<\/li><li>Tillhandah\u00e5llande av kontraktsenliga prestationer och tj\u00e4nster<\/li><li>Support f\u00f6r produkter\/system<\/li><li>Information om produkter och tj\u00e4nster<\/li><\/ul><p><strong>R\u00e4ttslig grund<\/strong><\/p><p>Dina uppgifter behandlas p\u00e5 grundval av den allm\u00e4nna dataskyddsf\u00f6rordningen (GDPR) och de nationella best\u00e4mmelserna i den federala dataskyddslagen. F\u00f6ljande r\u00e4ttsliga grunder i GDPR \u00e4r relevanta f\u00f6r oss:<\/p><ul><li><strong>6, stycke 1, punkt b<\/strong><\/li><\/ul><p>F\u00f6r att fullg\u00f6ra ett avtal eller f\u00f6r att genomf\u00f6ra \u00e5tg\u00e4rder innan ett avtal ing\u00e5s.<\/p><ul><li><strong>6, stycke 1, punkt c<\/strong><\/li><\/ul><p>F\u00f6r att uppfylla en r\u00e4ttslig f\u00f6rpliktelse.<\/p><ul><li><strong>6, stycke 1, punkt f<\/strong><\/li><\/ul><p>F\u00f6r att skydda v\u00e5ra legitima intressen. Vi har ett ber\u00e4ttigat intresse av att erbjuda v\u00e5ra varor och tj\u00e4nster och tillhandah\u00e5lla b\u00e4sta m\u00f6jliga service.<\/p><p>F\u00f6r andra m\u00f6jliga behandlingar f\u00f6r vilka det inte finns n\u00e5gon r\u00e4ttslig grund (t.ex. ett befintligt avtalsf\u00f6rh\u00e5llande), inh\u00e4mtar vi i allm\u00e4nhet ditt samtycke i enlighet med artikel 6.1 a i GDPR.<\/p><h3>Vilka r\u00e4ttigheter har du n\u00e4r det g\u00e4ller dina uppgifter?<\/h3><p class=\"translation-block\">Du har r\u00e4tt att kostnadsfritt f\u00e5 <strong>information<\/strong> om ursprung, mottagare och \u00e4ndam\u00e5l med dina lagrade personuppgifter.<\/p><p class=\"translation-block\">Du kan ocks\u00e5 n\u00e4r som helst beg\u00e4ra <strong>korrigering<\/strong>, <strong>blockering<\/strong> eller <strong>radering<\/strong> av dina uppgifter och - under vissa omst\u00e4ndigheter - <strong>begr\u00e4nsning av behandlingen<\/strong>. Detta g\u00e4ller t.ex. om du bestrider riktigheten i dina lagrade uppgifter. Vi beh\u00f6ver vanligtvis tid f\u00f6r att kontrollera detta. Under den tid som granskningen p\u00e5g\u00e5r har du r\u00e4tt att beg\u00e4ra att behandlingen av dina personuppgifter begr\u00e4nsas.<\/p><p class=\"translation-block\">P\u00e5 beg\u00e4ran l\u00e4mnar vi ut uppgifter som vi behandlar automatiskt p\u00e5 grundval av ditt samtycke eller f\u00f6r att fullg\u00f6ra ett avtal till dig eller till en tredje part i ett gemensamt, maskinl\u00e4sbart format. Om du beg\u00e4r direkt \u00f6verf\u00f6ring av uppgifterna till en annan personuppgiftsansvarig kommer detta endast att ske i den m\u00e5n det \u00e4r tekniskt m\u00f6jligt (r\u00e4tt till <strong>dataportabilitet<\/strong>).<\/p><p><strong>\u00c5terkallande av samtycke till databehandling<\/strong><\/p><p>Om en uppgiftsbehandling grundar sig p\u00e5 ditt samtycke kan du n\u00e4r som helst \u00e5terkalla ditt samtycke. Allt du beh\u00f6ver g\u00f6ra \u00e4r att skicka ett informellt e-postmeddelande till oss. Lagligheten i den databehandling som utf\u00f6rts fram till \u00e5terkallelsen p\u00e5verkas inte av \u00e5terkallelsen.<\/p><p><strong>R\u00e4tt att inv\u00e4nda mot insamling av uppgifter i s\u00e4rskilda fall och mot direktmarknadsf\u00f6ring (artikel 21 i GDPR)<\/strong><\/p><p><em>Om databehandlingen utf\u00f6rs p\u00e5 grundval av artikel 6.1 f i GDPR har du r\u00e4tt att n\u00e4r som helst, av sk\u00e4l som h\u00e4rr\u00f6r fr\u00e5n din\u00a0<strong>speciell situation<\/strong>\u00a0att inv\u00e4nda mot behandlingen av dina personuppgifter. Detta g\u00e4ller \u00e4ven profilering som grundar sig p\u00e5 dessa best\u00e4mmelser. Som\u00a0<strong>S\u00e4rskild situation<\/strong>\u00a0omst\u00e4ndigheter som sjukdom, andra \u00f6desdigra h\u00e4ndelser, s\u00e4rskilt h\u00f6g sekretess och\/eller skyddsintressen f\u00f6r personer med h\u00f6g skyddsklassificering kan beaktas.<\/em><\/p><p><em>Om du g\u00f6r en inv\u00e4ndning kommer vi inte l\u00e4ngre att behandla dina personuppgifter. S\u00e5vida vi inte kan p\u00e5visa tvingande ber\u00e4ttigade sk\u00e4l f\u00f6r behandlingen som v\u00e4ger tyngre \u00e4n dina intressen, r\u00e4ttigheter och friheter eller om behandlingen tj\u00e4nar till att fastst\u00e4lla, g\u00f6ra g\u00e4llande eller f\u00f6rsvara r\u00e4ttsliga anspr\u00e5k.<\/em><\/p><p class=\"translation-block\"><em>I synnerhet kan du inv\u00e4nda mot databehandling i syfte att <strong>direktmarknadsf\u00f6ring<\/strong>. Om du inv\u00e4nder kommer dina personuppgifter inte l\u00e4ngre att anv\u00e4ndas f\u00f6r direktmarknadsf\u00f6ring.&lt;\/em<\/p><p><strong>F\u00f6rekomst av automatiserat beslutsfattande<\/strong><\/p><p>Som ett ansvarsfullt f\u00f6retag anv\u00e4nder vi oss inte av automatiserat beslutsfattande eller profilering.<\/p><p><strong>R\u00e4tt att l\u00e4mna in klagom\u00e5l till beh\u00f6rig tillsynsmyndighet<\/strong><\/p><p>I h\u00e4ndelse av \u00f6vertr\u00e4delser av GDPR har du r\u00e4tt att l\u00e4mna in ett klagom\u00e5l till en tillsynsmyndighet. R\u00e4tten att l\u00e4mna in ett klagom\u00e5l p\u00e5verkar inte andra administrativa eller r\u00e4ttsliga \u00e5tg\u00e4rder. Du hittar en f\u00f6rteckning \u00f6ver dataskyddsombud och deras kontaktuppgifter h\u00e4r\u00a0<a href=\"https:\/\/www.bfdi.bund.de\/DE\/Infothek\/Anschriften_Links\/anschriften_links-node.html\" target=\"_blank\" rel=\"noopener\">h\u00e4r.<\/a><\/p><p class=\"wp-block-code\"><strong>Integritetspolicy f\u00f6r Userlike<\/strong><\/p><p>N\u00e4r chattfunktionen p\u00e5 v\u00e5r webbplats \u00e4r aktiverad behandlas ytterligare personuppgifter. Kategorier av uppgifter som behandlas: tekniska anslutningsdata f\u00f6r server\u00e5tkomst (IP-adress, datum, tid, beg\u00e4rd sida, webbl\u00e4sarinformation), information om din f\u00f6rfr\u00e5gan och kontaktuppgifter som namn eller e-postadress. \u00c4ndam\u00e5l med behandlingen: Analys av anv\u00e4ndarbeteende, support till webbplatsbes\u00f6kare med tekniska eller inneh\u00e5llsrelaterade fr\u00e5gor samt optimering av inneh\u00e5ll. R\u00e4ttslig grund f\u00f6r behandlingen: Ditt samtycke i enlighet med artikel 6.1 a i GDPR. \u00d6verf\u00f6ring av uppgifter sker: till personuppgiftsbitr\u00e4det Userlike UG, Probsteigasse 44-46, 50670 K\u00f6ln, Tyskland.<\/p><p><strong>\u00c4ndam\u00e5let med databehandlingen<\/strong><\/p><p>De uppgifter som samlas in anv\u00e4nds uteslutande f\u00f6r att besvara din f\u00f6rfr\u00e5gan. Databehandlingen baseras p\u00e5 ditt samtycke i enlighet med artikel 6.1 a i GDPR och v\u00e5rt ber\u00e4ttigade intresse i enlighet med artikel 6.1 f i GDPR.<\/p><p><strong>Datalagringens varaktighet<\/strong><\/p><p>De uppgifter som samlas in under anv\u00e4ndningen av chatboten lagras i h\u00f6gst sex m\u00e5nader och raderas sedan automatiskt, f\u00f6rutsatt att det inte finns n\u00e5gra lagstadgade lagringsskyldigheter eller att uppgifterna inte l\u00e4ngre kr\u00e4vs f\u00f6r det ursprungliga syftet.<\/p><p><strong>S\u00e4kerhets\u00e5tg\u00e4rder<\/strong><\/p><p>Vi har vidtagit tekniska och organisatoriska \u00e5tg\u00e4rder f\u00f6r att garantera s\u00e4kerheten f\u00f6r dina uppgifter. Eftersom inga specifika s\u00e4kerhets\u00e5tg\u00e4rder har angetts rekommenderar vi att du n\u00e4mner specifika \u00e5tg\u00e4rder h\u00e4r f\u00f6r att skapa f\u00f6rtroende bland anv\u00e4ndarna.<\/p><p><strong>Registrerades r\u00e4ttigheter<\/strong><\/p><p>Du har r\u00e4tt att n\u00e4r som helst f\u00e5 information om de personuppgifter som vi har lagrat. Du har ocks\u00e5 r\u00e4tt till r\u00e4ttelse, radering, begr\u00e4nsning av behandling och r\u00e4tt till dataportabilitet. Du kan n\u00e4r som helst kontakta oss f\u00f6r att ut\u00f6va dessa r\u00e4ttigheter:<\/p><p class=\"translation-block\"><strong>E-post:<\/strong> <a rel=\"noreferrer\" target=\"_self\">info@trackboxx.com<\/a><\/p><p>Om du har n\u00e5gra fr\u00e5gor om behandlingen av dina personuppgifter kan du ocks\u00e5 kontakta oss p\u00e5 ovanst\u00e5ende e-postadress.<\/p><h3>Partnerprogram fr\u00e5n Trackboxx<\/h3><p>Trackboxx anv\u00e4nder tj\u00e4nsterna fr\u00e5n TradeTracker.com. Deras uppgift \u00e4r att hj\u00e4lpa annons\u00f6rer och publicister att f\u00f6rst\u00e5 vilka annonser som visas av publicister som har genererat vilka f\u00f6rs\u00e4ljningar, leads eller andra \u00e5tg\u00e4rder f\u00f6r annons\u00f6rer. Detta g\u00f6r det m\u00f6jligt f\u00f6r annons\u00f6ren att betala en utgivare endast n\u00e4r den annons som visas av utgivaren (eller annan n\u00f6dv\u00e4ndig \u00e5tg\u00e4rd) h\u00e4nvisar en person till annons\u00f6ren och den personen g\u00f6r ett k\u00f6p. TradeTracker anv\u00e4nder data, inklusive cookies, f\u00f6r att uppn\u00e5 denna f\u00f6rst\u00e5else. Dessa uppgifter avser enskilda personer men identifierar dem inte med namn. Det \u00e4r pseudonymiserade uppgifter och avser en enda h\u00e4nvisning av en person fr\u00e5n en webbplats till en annan och sedan en bekr\u00e4ftelse p\u00e5 att ett k\u00f6p har gjorts.<\/p><p>TradeTracker uppr\u00e4tth\u00e5ller ocks\u00e5 en databas med referenser till enskilda personers enheter s\u00e5 att vi kan sp\u00e5ra om en annons som visats p\u00e5 en enhet, t.ex. en telefon, har resulterat i att personen i fr\u00e5ga har gjort ett k\u00f6p p\u00e5 en av sina andra enheter, t.ex. en b\u00e4rbar dator. Denna databas till\u00e5ter inte att enskilda personer identifieras med namn, vilket inte \u00e4r m\u00f6jligt f\u00f6r TradeTracker sj\u00e4lvt.<\/p><p>TradeTracker skapar inte profiler som visar enskilda personers k\u00f6phistorik p\u00e5 internet under en viss tidsperiod. TradeTracker riktar sig inte heller till individer med reklam f\u00f6r produkter och tj\u00e4nster baserat p\u00e5 deras upplevda intressen. Dess roll \u00e4r endast att m\u00e4ta effektiviteten av specifik onlineannonsering.<\/p><h3>Utskick av nyhetsbrev och systemmeddelanden via Amazon SES<\/h3><p>Vi anv\u00e4nder \u201eAmazon Simple Email Service\u201c fr\u00e5n den tekniska tj\u00e4nsteleverant\u00f6ren Amazon Web Services, Inc, 410 Terry Avenue North, Seattle WA 98109, USA (\u201eAmazon SES\u201c) f\u00f6r att hantera v\u00e5r e-posttrafik och f\u00f6r att skicka v\u00e5rt nyhetsbrev.<\/p><p class=\"translation-block\">Amazon SES fungerar som en plattform f\u00f6r att organisera, skicka och ta emot e-post och m\u00f6jligg\u00f6r anslutning till olika e-posttj\u00e4nstleverant\u00f6rer och e-postklienter. N\u00e4r du skickar nyhetsbrev med hj\u00e4lp av Amazon SES \u00f6verf\u00f6rs dina nyhetsbrevsuppgifter (e-postadress, eventuellt namnuppgifter f\u00f6r h\u00e4lsnings\u00e4ndam\u00e5l) f\u00f6rst till Amazon Web Services servrar och vidarebefordras sedan till den faktiska e-postklienten f\u00f6r att skickas. Amazon Web Services servrar \u00e4r bel\u00e4gna inom EU (Dublin, Frankfurt, Paris etc.). I enskilda fall kan dock uppgifter \u00e4ven \u00f6verf\u00f6ras till Amazon Web Services, Inc. i USA.<br> Den r\u00e4ttsliga grunden f\u00f6r behandlingen av uppgifter med hj\u00e4lp av Amazon SES \u00e4r v\u00e5rt ber\u00e4ttigade intresse av b\u00e4sta m\u00f6jliga tekniska organisation och hantering av v\u00e5r e-posttrafik och optimering av tillhandah\u00e5llandet av inneh\u00e5ll och leveransbarhet i enlighet med artikel 6.1 f GDPR.<\/p><p>Du kan l\u00e4sa sekretesspolicyn f\u00f6r Amazon Web Services, Inc.\u00a0<a href=\"https:\/\/d1.awsstatic.com\/legal\/privacypolicy\/AWS_Privacy_Notice_German_2020-08-15.pdf\" target=\"_blank\" rel=\"noopener\">h\u00e4r<\/a>\u00a0utsikt.<\/p><h3>Google API-information f\u00f6r Trackboxx<\/h3><p class=\"translation-block\">Anv\u00e4ndningen av information som erh\u00e5llits av Trackboxx fr\u00e5n Google API:er och dess utl\u00e4mnande till andra applikationer sker i enlighet med <a href=\"https:\/\/developers.google.com\/terms\/api-services-user-data-policy#additional_requirements_for_specific_api_scopes\" target=\"_blank\" rel=\"noopener\">Google API Services User Data Policy<\/a>, inklusive kraven p\u00e5 begr\u00e4nsad anv\u00e4ndning.<\/p><h3>Vi finns h\u00e4r f\u00f6r dig<\/h3><p class=\"translation-block\">Har du n\u00e5gra fr\u00e5gor om de registrerades r\u00e4ttigheter eller andra fr\u00e5gor som r\u00f6r dataskydd? Vi st\u00e5r till ditt f\u00f6rfogande p\u00e5 <a href=\"mailto:info@trackboxx.com\" target=\"_self\">info@trackboxx.com<\/a>.<\/p>\t\t\t\t\t\t\t\t<\/div>\n\t\t\t\t\t<\/div>\n\t\t\t\t<\/div>\n\t\t\t\t<\/div>","protected":false},"excerpt":{"rendered":"<p>Der Schutz deiner Daten ist uns wichtig! Vielen Dank f\u00fcr dein Interesse an uns! Der Schutz deiner pers\u00f6nlichen Daten ist uns sehr wichtig.\u00a0 Wenn du unsere Seite besuchst, dich nur informieren willst oder dich zum Kauf unserer Produkte entschlie\u00dft, ist unser Anspruch, mit deinen personenbezogenen Daten transparent, verantwortungsvoll und vertraulich umzugehen. Wir haben technische und [&hellip;]<\/p>\n","protected":false},"author":1,"featured_media":0,"parent":0,"menu_order":0,"comment_status":"closed","ping_status":"closed","template":"","meta":{"_acf_changed":false,"footnotes":""},"class_list":["post-3","page","type-page","status-publish","hentry"],"acf":[],"_links":{"self":[{"href":"https:\/\/trackboxx.com\/sv\/wp-json\/wp\/v2\/pages\/3","targetHints":{"allow":["GET"]}}],"collection":[{"href":"https:\/\/trackboxx.com\/sv\/wp-json\/wp\/v2\/pages"}],"about":[{"href":"https:\/\/trackboxx.com\/sv\/wp-json\/wp\/v2\/types\/page"}],"author":[{"embeddable":true,"href":"https:\/\/trackboxx.com\/sv\/wp-json\/wp\/v2\/users\/1"}],"replies":[{"embeddable":true,"href":"https:\/\/trackboxx.com\/sv\/wp-json\/wp\/v2\/comments?post=3"}],"version-history":[{"count":0,"href":"https:\/\/trackboxx.com\/sv\/wp-json\/wp\/v2\/pages\/3\/revisions"}],"wp:attachment":[{"href":"https:\/\/trackboxx.com\/sv\/wp-json\/wp\/v2\/media?parent=3"}],"curies":[{"name":"wp","href":"https:\/\/api.w.org\/{rel}","templated":true}]}}