{"id":568,"date":"2024-03-29T20:33:29","date_gmt":"2024-03-29T19:33:29","guid":{"rendered":"https:\/\/trackboxx.com\/?page_id=568"},"modified":"2026-02-11T11:44:36","modified_gmt":"2026-02-11T10:44:36","slug":"avtryck","status":"publish","type":"page","link":"https:\/\/trackboxx.com\/sv\/impressum\/","title":{"rendered":"Avtryck"},"content":{"rendered":"<div data-elementor-type=\"wp-page\" data-elementor-id=\"568\" class=\"elementor elementor-568\" data-elementor-post-type=\"page\">\n\t\t\t\t<div class=\"elementor-element elementor-element-69d3f6fb e-flex e-con-boxed e-con e-parent\" data-id=\"69d3f6fb\" data-element_type=\"container\" data-e-type=\"container\">\n\t\t\t\t\t<div class=\"e-con-inner\">\n\t\t\t\t<div class=\"elementor-element elementor-element-5f467650 elementor-widget elementor-widget-text-editor\" data-id=\"5f467650\" data-element_type=\"widget\" data-e-type=\"widget\" data-widget_type=\"text-editor.default\">\n\t\t\t\t\t\t\t\t\t\n<p><strong>Trackboxx<\/strong><br \/>Christian Pust<\/p>\n\n<p><em>Huvudkontor:<\/em><br \/>Humboldtstrasse 9<br \/>38820 Halberstadt<\/p>\n\n<p><em>Filialkontor<\/em><br \/>Dorfstr. 12<br \/>22956 Gr\u00f6nwohld<\/p>\n\n<p>Telefon: +49 (0) 160 96 49 71 25<br \/>Fax: +49 (0) 322 298 362 30<br \/>e-post:\u00a0<a href=\"mailto:info@trackboxx.com\">info@trackboxx.com<\/a><\/p>\n\n<p>Juridiskt ombud: Advokat Christoph Becker<br \/><a href=\"https:\/\/www.christophbecker.org\/\" target=\"_blank\" rel=\"noreferrer noopener\">https:\/\/www.christophbecker.org\/<\/a><\/p>\n\n<p><strong>L\u00f6sning av konsumenttvister \/ \u00a7 36 VSBG<\/strong><br \/>Vi \u00e4r varken villiga eller skyldiga att delta i tvistl\u00f6sningsf\u00f6rfaranden inf\u00f6r en skiljen\u00e4mnd f\u00f6r konsumenter.<\/p>\n\n<h3 class=\"wp-block-heading\"><strong>Allm\u00e4n information<\/strong><\/h3>\n\n<p>Som en v\u00e4lrenommerad leverant\u00f6r och tj\u00e4nsteleverant\u00f6r str\u00e4var vi efter att alltid upptr\u00e4da \u00e4rligt, korrekt och i enlighet med lagen. V\u00e5r webbplats har ocks\u00e5 skapats med detta i \u00e5tanke. Allt inneh\u00e5ll, alla f\u00f6rklaringar, l\u00e4nkar och annan information har sammanst\u00e4llts efter b\u00e4sta f\u00f6rm\u00e5ga och \u00f6vertygelse.<\/p>\n\n<p><strong>Ansvar f\u00f6r inneh\u00e5ll<\/strong><\/p>\n\n<p>Denna webbplats och dess inneh\u00e5ll har skapats av oss med st\u00f6rsta m\u00f6jliga omsorg. Vi l\u00e4mnar dock ingen garanti f\u00f6r inneh\u00e5llets riktighet, fullst\u00e4ndighet och aktualitet.<\/p>\n\n<p>Enligt \u00a77 I TMG \u00e4r vi ansvariga f\u00f6r v\u00e5rt eget inneh\u00e5ll. Vi \u00e4r dock inte skyldiga att \u00f6vervaka \u00f6verf\u00f6rd eller lagrad information fr\u00e5n tredje part eller att unders\u00f6ka omst\u00e4ndigheter som tyder p\u00e5 olagligt beteende eller olagliga aktiviteter. Detta g\u00e4ller inte f\u00f6r uttryckliga r\u00e4ttsliga skyldigheter att ta bort eller blockera information. Inget ansvar kan dock utkr\u00e4vas innan vi har f\u00e5tt k\u00e4nnedom om en specifik \u00f6vertr\u00e4delse. Om vi f\u00e5r k\u00e4nnedom om en s\u00e5dan \u00f6vertr\u00e4delse kommer vi omedelbart att ta bort det ber\u00f6rda inneh\u00e5llet.<\/p>\n\n<p><strong>Ansvar f\u00f6r l\u00e4nkar<\/strong><\/p>\n\n<p>V\u00e5r webbplats inneh\u00e5ller l\u00e4nkar till externa webbplatser fr\u00e5n tredje part. Vi har naturligtvis ingen m\u00f6jlighet att p\u00e5verka inneh\u00e5llet p\u00e5 dessa sidor, varf\u00f6r vi inte kan ta n\u00e5got ansvar f\u00f6r inneh\u00e5llet p\u00e5 dessa sidor. Respektive operat\u00f6r eller leverant\u00f6r av dessa webbplatser \u00e4r ensam ansvarig f\u00f6r deras inneh\u00e5ll. N\u00e4r vi skapade l\u00e4nkarna kontrollerade vi alla motsvarande sidor med st\u00f6rsta noggrannhet f\u00f6r eventuella \u00f6vertr\u00e4delser. Inga s\u00e5dana \u00f6vertr\u00e4delser eller olagligt inneh\u00e5ll hittades vid kontrolltillf\u00e4llet. En skyldighet att permanent \u00f6vervaka inneh\u00e5llet p\u00e5 dessa l\u00e4nkade sidor skulle vara orimlig utan konkreta bevis p\u00e5 en \u00f6vertr\u00e4delse och kan d\u00e4rf\u00f6r inte g\u00e4lla oss. Om vi emellertid f\u00e5r k\u00e4nnedom om en \u00f6vertr\u00e4delse kommer vi omedelbart att ta bort l\u00e4nken.<\/p>\n\n<p><strong>Upphovsr\u00e4tt<\/strong><\/p>\n\n<p>Allt inneh\u00e5ll och alla verk som skapas av oss p\u00e5 dessa sidor omfattas av tysk upphovsr\u00e4ttslagstiftning. Kopiering, bearbetning, distribution och all annan anv\u00e4ndning utanf\u00f6r upphovsr\u00e4ttslagens gr\u00e4nser kr\u00e4ver skriftligt medgivande fr\u00e5n respektive f\u00f6rfattare eller upphovsman. Anv\u00e4ndning av v\u00e5r webbplats eller dess inneh\u00e5ll f\u00f6r kommersiella \u00e4ndam\u00e5l \u00e4r endast m\u00f6jlig med v\u00e5rt f\u00f6rhandsgodk\u00e4nnande. Vi f\u00f6rbeh\u00e5ller oss uttryckligen r\u00e4tten att f\u00f6rbjuda vissa kommersiella anv\u00e4ndningsomr\u00e5den. Inneh\u00e5ll fr\u00e5n tredje part p\u00e5 denna webbplats som inte har skapats av operat\u00f6ren anv\u00e4nds i enlighet med respektive upphovsr\u00e4tt och m\u00e4rks ut som s\u00e5dant. Om du \u00e4nd\u00e5 skulle f\u00e5 k\u00e4nnedom om ett upphovsr\u00e4ttsintr\u00e5ng ber vi dig v\u00e4nligen att meddela oss detta. S\u00e5 snart vi f\u00e5r k\u00e4nnedom om eventuella lag\u00f6vertr\u00e4delser kommer vi att vidta alla n\u00f6dv\u00e4ndiga \u00e5tg\u00e4rder f\u00f6r att omedelbart och permanent avst\u00e5 fr\u00e5n dem eller f\u00f6r att se till att de inte intr\u00e4ffar.<\/p>\n\t\t\t\t\t\t\t\t<\/div>\n\t\t\t\t\t<\/div>\n\t\t\t\t<\/div>\n\t\t\t\t<\/div>","protected":false},"excerpt":{"rendered":"<p>TrackboxxChristian Pust Hauptsitz:Humboldtstra\u00dfe 938820 Halberstadt ZweigstelleDorfstr. 1222956 \u00a0Gr\u00f6nwohld Telefon: +49 (0) 160 96 49 71 25Fax: +49 (0) 322 298 362 30E-Mail:\u00a0info@trackboxx.com Anwaltliche Vertretung: Rechtsanwalt Christoph Beckerhttps:\/\/www.christophbecker.org\/ Verbraucherstreitbeilegung \/ \u00a7 36 VSBGWir sind nicht bereit und nicht verpflichtet, an Streitbeilegungsverfahren vor einer Verbraucherschlichtungsstelle teilzunehmen. Allgemeines Als seri\u00f6ser Anbieter und Dienstleister sind wir bestrebt, uns stets [&hellip;]<\/p>\n","protected":false},"author":1,"featured_media":0,"parent":0,"menu_order":0,"comment_status":"closed","ping_status":"closed","template":"","meta":{"_acf_changed":false,"footnotes":""},"class_list":["post-568","page","type-page","status-publish","hentry"],"acf":[],"_links":{"self":[{"href":"https:\/\/trackboxx.com\/sv\/wp-json\/wp\/v2\/pages\/568","targetHints":{"allow":["GET"]}}],"collection":[{"href":"https:\/\/trackboxx.com\/sv\/wp-json\/wp\/v2\/pages"}],"about":[{"href":"https:\/\/trackboxx.com\/sv\/wp-json\/wp\/v2\/types\/page"}],"author":[{"embeddable":true,"href":"https:\/\/trackboxx.com\/sv\/wp-json\/wp\/v2\/users\/1"}],"replies":[{"embeddable":true,"href":"https:\/\/trackboxx.com\/sv\/wp-json\/wp\/v2\/comments?post=568"}],"version-history":[{"count":3,"href":"https:\/\/trackboxx.com\/sv\/wp-json\/wp\/v2\/pages\/568\/revisions"}],"predecessor-version":[{"id":4854,"href":"https:\/\/trackboxx.com\/sv\/wp-json\/wp\/v2\/pages\/568\/revisions\/4854"}],"wp:attachment":[{"href":"https:\/\/trackboxx.com\/sv\/wp-json\/wp\/v2\/media?parent=568"}],"curies":[{"name":"wp","href":"https:\/\/api.w.org\/{rel}","templated":true}]}}